{"id":35499,"date":"2025-02-23T10:19:16","date_gmt":"2025-02-23T09:19:16","guid":{"rendered":"https:\/\/prosafedz.com\/fr\/?post_type=product&#038;p=35499"},"modified":"2025-02-23T10:19:17","modified_gmt":"2025-02-23T09:19:17","slug":"sand-chaussure-s3-src-hro-9sand","status":"publish","type":"product","link":"https:\/\/prosafedz.com\/fr\/produit\/sand-chaussure-s3-src-hro-9sand\/","title":{"rendered":"SAND Chaussure S3 SRC HRO &#8211; 9SAND"},"content":{"rendered":"","protected":false},"excerpt":{"rendered":"<div class=\"elementor-element elementor-element-319f5bb elementor-align-left elementor-widget elementor-widget-bdt-advanced-button\" data-id=\"319f5bb\" data-element_type=\"widget\" data-settings=\"{&quot;element_pack_widget_tooltip&quot;:&quot;yes&quot;,&quot;element_pack_widget_tooltip_text&quot;:&quot;Chaussures Hautes SAND S3 SRC HRO&quot;,&quot;element_pack_widget_tooltip_placement&quot;:&quot;bottom-start&quot;,&quot;element_pack_widget_tooltip_x_offset&quot;:{&quot;unit&quot;:&quot;px&quot;,&quot;size&quot;:&quot;&quot;,&quot;sizes&quot;:[]},&quot;element_pack_widget_tooltip_y_offset&quot;:{&quot;unit&quot;:&quot;px&quot;,&quot;size&quot;:&quot;&quot;,&quot;sizes&quot;:[]}}\" data-widget_type=\"bdt-advanced-button.default\">\n<div class=\"elementor-widget-container\">\n<div class=\"bdt-ep-button-wrapper\">\n<div class=\"bdt-ep-button-content-wrapper bdt-flex bdt-flex-middle bdt-flex-center \" data-text=\"Description\">\n<div class=\"bdt-ep-button-text\"><strong><span class=\"avdbtn-text\">DESCRIPTION :\u00a0<\/span><\/strong><\/div>\n<\/div>\n<\/div>\n<\/div>\n<\/div>\n<div class=\"elementor-element elementor-element-c982ad1 elementor-widget elementor-widget-text-editor\" data-id=\"c982ad1\" data-element_type=\"widget\" data-widget_type=\"text-editor.default\">\n<div class=\"elementor-widget-container\">Le mod\u00e8le SAND allie confort, l\u00e9g\u00e8ret\u00e9 et solidit\u00e9. Recommand\u00e9e pour tous les travaux en ext\u00e9rieur, elle est dot\u00e9e d\u2019une tige hydrofuge. Sa semelle interm\u00e9diaire en EVA et sa semelle d\u2019usure en Caoutchouc nitrile apportent stabilit\u00e9 et maintien \u00e0 l\u2019utilisateur. Ce mod\u00e8le est \u00e9quip\u00e9 d\u2019une protection composite \/ textile.<\/div>\n<div><\/div>\n<\/div>\n<div class=\"elementor-element elementor-element-f5a3b61 elementor-widget elementor-widget-text-editor\" data-id=\"f5a3b61\" data-element_type=\"widget\" data-widget_type=\"text-editor.default\">\n<div class=\"elementor-widget-container\"><strong>AVANTAGES :\u00a0<\/strong><\/div>\n<div class=\"elementor-widget-container\">Semelle EVA\/Caoutchouc nitrile : souple et r\u00e9sistante pour un port longue dur\u00e9e. D\u00e9coupe tissu Oxford \u00e0 la cheville : flexibilit\u00e9 optimis\u00e9e. Protection anti-abrasion \u00e0 l\u2019arri\u00e8re : s\u00e9curit\u00e9<\/div>\n<div><\/div>\n<\/div>\n<div class=\"elementor-element elementor-element-25df943 elementor-widget elementor-widget-text-editor\" data-id=\"25df943\" data-element_type=\"widget\" data-widget_type=\"text-editor.default\">\n<div class=\"elementor-widget-container\"><strong>SECTEURS INDUSTRIELS :\u00a0<\/strong><\/div>\n<div class=\"elementor-widget-container\">Industrie du b\u00e2timent,\u00a0Industries lourdes et de process,\u00a0Infrastructures; BTP; TP,\u00a0Second-\u0153uvre du b\u00e2timent,\u00a0Travaux en plein-air<\/div>\n<\/div>\n<div><\/div>\n<p><a href=\"https:\/\/acrobat.adobe.com\/id\/urn:aaid:sc:EU:16b14298-6a12-4b99-9750-ad78969b1da2\" target=\"_blank\" rel=\"noopener noreferrer\"><button style=\"background-color: #90a96b; font-seize: 20px;\"><strong>T\u00e9l\u00e9charger La Fiche Technique<\/strong><\/button><\/a><\/p>\n","protected":false},"featured_media":35500,"template":"","meta":[],"product_brand":[],"product_cat":[776,1614,1066],"product_tag":[],"class_list":{"0":"post-35499","1":"product","2":"type-product","3":"status-publish","4":"has-post-thumbnail","6":"product_cat-7-1-chaussures-hautes","7":"product_cat-nouveautes","8":"product_cat-7-protection-des-pieds","9":"yith_product_brand-coverguard","11":"first","12":"instock","13":"shipping-taxable","14":"product-type-simple"},"_links":{"self":[{"href":"https:\/\/prosafedz.com\/fr\/wp-json\/wp\/v2\/product\/35499","targetHints":{"allow":["GET"]}}],"collection":[{"href":"https:\/\/prosafedz.com\/fr\/wp-json\/wp\/v2\/product"}],"about":[{"href":"https:\/\/prosafedz.com\/fr\/wp-json\/wp\/v2\/types\/product"}],"wp:featuredmedia":[{"embeddable":true,"href":"https:\/\/prosafedz.com\/fr\/wp-json\/wp\/v2\/media\/35500"}],"wp:attachment":[{"href":"https:\/\/prosafedz.com\/fr\/wp-json\/wp\/v2\/media?parent=35499"}],"wp:term":[{"taxonomy":"product_brand","embeddable":true,"href":"https:\/\/prosafedz.com\/fr\/wp-json\/wp\/v2\/product_brand?post=35499"},{"taxonomy":"product_cat","embeddable":true,"href":"https:\/\/prosafedz.com\/fr\/wp-json\/wp\/v2\/product_cat?post=35499"},{"taxonomy":"product_tag","embeddable":true,"href":"https:\/\/prosafedz.com\/fr\/wp-json\/wp\/v2\/product_tag?post=35499"}],"curies":[{"name":"wp","href":"https:\/\/api.w.org\/{rel}","templated":true}]}}