{"id":35442,"date":"2025-02-12T10:47:40","date_gmt":"2025-02-12T09:47:40","guid":{"rendered":"https:\/\/prosafedz.com\/fr\/?post_type=product&#038;p=35442"},"modified":"2025-02-12T10:47:40","modified_gmt":"2025-02-12T09:47:40","slug":"gants-pvc-27-cm-super-actifresh-c-mo3510","status":"publish","type":"product","link":"https:\/\/prosafedz.com\/fr\/produit\/gants-pvc-27-cm-super-actifresh-c-mo3510\/","title":{"rendered":"Gants PVC 27 cm Super Actifresh\u00ae, c &#8211; MO3510"},"content":{"rendered":"","protected":false},"excerpt":{"rendered":"<div class=\"elementor-element elementor-element-319f5bb elementor-align-left elementor-widget elementor-widget-bdt-advanced-button\" data-id=\"319f5bb\" data-element_type=\"widget\" data-settings=\"{&quot;element_pack_widget_tooltip&quot;:&quot;yes&quot;,&quot;element_pack_widget_tooltip_text&quot;:&quot;Gants EUROCHEM 3510, coton, enduit PVC rouge, Longueur 27cm.&quot;,&quot;element_pack_widget_tooltip_placement&quot;:&quot;bottom-start&quot;,&quot;element_pack_widget_tooltip_x_offset&quot;:{&quot;unit&quot;:&quot;px&quot;,&quot;size&quot;:&quot;&quot;,&quot;sizes&quot;:[]},&quot;element_pack_widget_tooltip_y_offset&quot;:{&quot;unit&quot;:&quot;px&quot;,&quot;size&quot;:&quot;&quot;,&quot;sizes&quot;:[]}}\" data-widget_type=\"bdt-advanced-button.default\">\n<div class=\"elementor-widget-container\">\n<div class=\"bdt-ep-button-wrapper\">\n<div class=\"bdt-ep-button-content-wrapper bdt-flex bdt-flex-middle bdt-flex-center \" data-text=\"Description\">\n<div class=\"bdt-ep-button-text\"><strong><span class=\"avdbtn-text\">DESCRIPTION :\u00a0 \u00a0<\/span><\/strong><\/div>\n<div><\/div>\n<\/div>\n<\/div>\n<\/div>\n<\/div>\n<div class=\"elementor-element elementor-element-c982ad1 elementor-widget elementor-widget-text-editor\" data-id=\"c982ad1\" data-element_type=\"widget\" data-widget_type=\"text-editor.default\">\n<div class=\"elementor-widget-container\">Tissu interlock, 100% coton, coup\u00e9 et cousu, Enduction totale en PVC rouge, Manchette de s\u00e9curit\u00e9, coupe feston, Longueur 27cm.<\/div>\n<\/div>\n<div class=\"elementor-element elementor-element-f5a3b61 elementor-widget elementor-widget-text-editor\" data-id=\"f5a3b61\" data-element_type=\"widget\" data-widget_type=\"text-editor.default\">\n<div><\/div>\n<div class=\"elementor-widget-container\"><strong>AVANTAGES :\u00a0<\/strong>Confort Port continu Durabilit\u00e9 Traitement Actifresh pour une meilleure hygi\u00e8ne<\/div>\n<\/div>\n<div class=\"elementor-element elementor-element-25df943 elementor-widget elementor-widget-text-editor\" data-id=\"25df943\" data-element_type=\"widget\" data-widget_type=\"text-editor.default\">\n<div><\/div>\n<div class=\"elementor-widget-container\"><strong>SECTEURS INDUSTRIELS :\u00a0<\/strong><\/div>\n<div class=\"elementor-widget-container\">Agriculture; sylviculture et p\u00eache,<\/div>\n<div class=\"elementor-widget-container\">Collectivit\u00e9s (maintenance; entretien d\u2019espaces verts; collecte des d\u00e9chets\u2026),<\/div>\n<div class=\"elementor-widget-container\">Industries chimique et pharmaceutique,\u00a0Industries extractives (p\u00e9trole; gas),<\/div>\n<div class=\"elementor-widget-container\">Infrastructures; BTP; TP,<\/div>\n<div class=\"elementor-widget-container\">Maintenance<\/div>\n<\/div>\n<div><\/div>\n<p><a href=\"https:\/\/acrobat.adobe.com\/id\/urn:aaid:sc:eu:8bbc11da-8e38-4b7d-95ed-1125d7118c82\" target=\"_blank\" rel=\"noopener noreferrer\"><button style=\"background-color: #90a96b; font-seize: 20px;\"><strong>T\u00e9l\u00e9charger La Fiche Technique<\/strong><\/button><\/a><\/p>\n","protected":false},"featured_media":35443,"template":"","meta":[],"product_brand":[],"product_cat":[174,1064],"product_tag":[],"class_list":{"0":"post-35442","1":"product","2":"type-product","3":"status-publish","4":"has-post-thumbnail","6":"product_cat-5-7-gants-chimique","7":"product_cat-5-protection-des-mains","8":"yith_product_brand-coverguard","10":"first","11":"instock","12":"shipping-taxable","13":"product-type-simple"},"_links":{"self":[{"href":"https:\/\/prosafedz.com\/fr\/wp-json\/wp\/v2\/product\/35442","targetHints":{"allow":["GET"]}}],"collection":[{"href":"https:\/\/prosafedz.com\/fr\/wp-json\/wp\/v2\/product"}],"about":[{"href":"https:\/\/prosafedz.com\/fr\/wp-json\/wp\/v2\/types\/product"}],"wp:featuredmedia":[{"embeddable":true,"href":"https:\/\/prosafedz.com\/fr\/wp-json\/wp\/v2\/media\/35443"}],"wp:attachment":[{"href":"https:\/\/prosafedz.com\/fr\/wp-json\/wp\/v2\/media?parent=35442"}],"wp:term":[{"taxonomy":"product_brand","embeddable":true,"href":"https:\/\/prosafedz.com\/fr\/wp-json\/wp\/v2\/product_brand?post=35442"},{"taxonomy":"product_cat","embeddable":true,"href":"https:\/\/prosafedz.com\/fr\/wp-json\/wp\/v2\/product_cat?post=35442"},{"taxonomy":"product_tag","embeddable":true,"href":"https:\/\/prosafedz.com\/fr\/wp-json\/wp\/v2\/product_tag?post=35442"}],"curies":[{"name":"wp","href":"https:\/\/api.w.org\/{rel}","templated":true}]}}