{"id":35438,"date":"2025-02-12T10:34:34","date_gmt":"2025-02-12T09:34:34","guid":{"rendered":"https:\/\/prosafedz.com\/fr\/?post_type=product&#038;p=35438"},"modified":"2025-02-12T10:34:35","modified_gmt":"2025-02-12T09:34:35","slug":"gants-labrador-fleur-vachette-ref-2470","status":"publish","type":"product","link":"https:\/\/prosafedz.com\/fr\/produit\/gants-labrador-fleur-vachette-ref-2470\/","title":{"rendered":"Gants LABRADOR tout fleur vachette R\u00e9f : 2470"},"content":{"rendered":"","protected":false},"excerpt":{"rendered":"<p><strong>DESCRIPTION :\u00a0<\/strong><\/p>\n<p>Cuir tout fleur de vachette beige avec traitement hydrofuge ; doublure enti\u00e8rement molletonn\u00e9 Thinsulate beige ; \u00e9lastique de serrage au dos, poignet ourl\u00e9e avec biais en cuir beige.<\/p>\n<p><strong>AVANTAGES : <\/strong>Dext\u00e9rit\u00e9 optimis\u00e9e Confort Doublure Thinsulate : r\u00e9duction de la transpiration Hydrofuge.<\/p>\n<p><strong>SECTEURS INDUSTRIELS : <\/strong><\/p>\n<p>Infrastructures; BTP; TP, Maintenance, Second-\u0153uvre du b\u00e2timent, Services et distribution (magasins; h\u00f4tels\/restaurants; nettoyage; garages\u2026)<\/p>\n<p><a href=\"https:\/\/acrobat.adobe.com\/id\/urn:aaid:sc:EU:6494736a-c462-47fa-97d2-baa2ed9583f7\" target=\"_blank\" rel=\"noopener noreferrer\"><button style=\"background-color: #90a96b; font-seize: 20px;\"><strong>T\u00e9l\u00e9charger La Fiche Technique<\/strong><\/button><\/a><\/p>\n","protected":false},"featured_media":35440,"template":"","meta":[],"product_brand":[],"product_cat":[145,1064],"product_tag":[],"class_list":{"0":"post-35438","1":"product","2":"type-product","3":"status-publish","4":"has-post-thumbnail","6":"product_cat-5-5-gants-anti-chaleur-soudeur","7":"product_cat-5-protection-des-mains","8":"yith_product_brand-coverguard","10":"first","11":"instock","12":"shipping-taxable","13":"product-type-simple"},"_links":{"self":[{"href":"https:\/\/prosafedz.com\/fr\/wp-json\/wp\/v2\/product\/35438","targetHints":{"allow":["GET"]}}],"collection":[{"href":"https:\/\/prosafedz.com\/fr\/wp-json\/wp\/v2\/product"}],"about":[{"href":"https:\/\/prosafedz.com\/fr\/wp-json\/wp\/v2\/types\/product"}],"wp:featuredmedia":[{"embeddable":true,"href":"https:\/\/prosafedz.com\/fr\/wp-json\/wp\/v2\/media\/35440"}],"wp:attachment":[{"href":"https:\/\/prosafedz.com\/fr\/wp-json\/wp\/v2\/media?parent=35438"}],"wp:term":[{"taxonomy":"product_brand","embeddable":true,"href":"https:\/\/prosafedz.com\/fr\/wp-json\/wp\/v2\/product_brand?post=35438"},{"taxonomy":"product_cat","embeddable":true,"href":"https:\/\/prosafedz.com\/fr\/wp-json\/wp\/v2\/product_cat?post=35438"},{"taxonomy":"product_tag","embeddable":true,"href":"https:\/\/prosafedz.com\/fr\/wp-json\/wp\/v2\/product_tag?post=35438"}],"curies":[{"name":"wp","href":"https:\/\/api.w.org\/{rel}","templated":true}]}}