{"id":35434,"date":"2025-02-12T10:09:47","date_gmt":"2025-02-12T09:09:47","guid":{"rendered":"https:\/\/prosafedz.com\/fr\/?post_type=product&#038;p=35434"},"modified":"2025-02-12T10:09:47","modified_gmt":"2025-02-12T09:09:47","slug":"gant-eurowinter-l200","status":"publish","type":"product","link":"https:\/\/prosafedz.com\/fr\/produit\/gant-eurowinter-l200\/","title":{"rendered":"Gant EUROWINTER L200 Polyester &#8211; 1WILF0"},"content":{"rendered":"","protected":false},"excerpt":{"rendered":"<div class=\"elementor-element elementor-element-319f5bb elementor-align-left elementor-widget elementor-widget-bdt-advanced-button\" data-id=\"319f5bb\" data-element_type=\"widget\" data-settings=\"{&quot;element_pack_widget_tooltip&quot;:&quot;yes&quot;,&quot;element_pack_widget_tooltip_text&quot;:&quot;GANTS EUROWINTER L200, POLYESTER, BOUCLETTE ACRYLIQUE, DOUBLE ENDUCTION LATEX MAIN ET PAUME SANDY&quot;,&quot;element_pack_widget_tooltip_placement&quot;:&quot;bottom-start&quot;,&quot;element_pack_widget_tooltip_x_offset&quot;:{&quot;unit&quot;:&quot;px&quot;,&quot;size&quot;:&quot;&quot;,&quot;sizes&quot;:[]},&quot;element_pack_widget_tooltip_y_offset&quot;:{&quot;unit&quot;:&quot;px&quot;,&quot;size&quot;:&quot;&quot;,&quot;sizes&quot;:[]}}\" data-widget_type=\"bdt-advanced-button.default\">\n<div class=\"elementor-widget-container\">\n<div class=\"bdt-ep-button-wrapper\">\n<div class=\"bdt-ep-button-content-wrapper bdt-flex bdt-flex-middle bdt-flex-center  \" data-text=\"Description\">\n<div class=\"bdt-ep-button-text\"><strong><span class=\"avdbtn-text\">DESCRIPTION :\u00a0<\/span><\/strong><\/div>\n<div><\/div>\n<\/div>\n<\/div>\n<\/div>\n<\/div>\n<div class=\"elementor-element elementor-element-c982ad1 elementor-widget elementor-widget-text-editor\" data-id=\"c982ad1\" data-element_type=\"widget\" data-widget_type=\"text-editor.default\">\n<div class=\"elementor-widget-container\">Tricot bleu sans couture \u00e0 base de polyester, Doublure en bouclette acrylique grise, Double enduction latex lisse bleu sur main compl\u00e8te et mousse de latex bleu fonc\u00e9 sur la paume, pouce enduit, Forme ergonomique, Poignet tricot<\/div>\n<\/div>\n<div class=\"elementor-element elementor-element-f5a3b61 elementor-widget elementor-widget-text-editor\" data-id=\"f5a3b61\" data-element_type=\"widget\" data-widget_type=\"text-editor.default\">\n<div><\/div>\n<div class=\"elementor-widget-container\"><strong>AVANTAGES :\u00a0<\/strong><\/div>\n<div class=\"elementor-widget-container\">Double enduction latex pour plus d\u2019\u00e9tanch\u00e9it\u00e9 Bon grip en milieu sec et humide Souplesse et dext\u00e9rit\u00e9<\/div>\n<\/div>\n<div class=\"elementor-element elementor-element-25df943 elementor-widget elementor-widget-text-editor\" data-id=\"25df943\" data-element_type=\"widget\" data-widget_type=\"text-editor.default\">\n<div><\/div>\n<div class=\"elementor-widget-container\"><strong>SECTEURS INDUSTRIELS :\u00a0<\/strong><\/div>\n<div class=\"elementor-widget-container\">Industries l\u00e9g\u00e8res (textile; cuir; plasturgie; caoutchouc; meubles; luxe\u2026),<\/div>\n<div class=\"elementor-widget-container\">Second-\u0153uvre du b\u00e2timent,<\/div>\n<div class=\"elementor-widget-container\">Transport (hors fabrication) et logistique<\/div>\n<\/div>\n<div><\/div>\n<div class=\"elementor-element elementor-element-25df943 elementor-widget elementor-widget-text-editor\" data-id=\"25df943\" data-element_type=\"widget\" data-widget_type=\"text-editor.default\">\n<div><\/div>\n<\/div>\n<p><a href=\"https:\/\/acrobat.adobe.com\/id\/urn:aaid:sc:EU:b742dff8-28fb-4dfe-9867-85bb558c4695\" target=\"_blank\" rel=\"noopener noreferrer\"><button style=\"background-color: #90a96b; font-seize: 20px;\"><strong>T\u00e9l\u00e9charger La Fiche Technique<\/strong><\/button><\/a><\/p>\n","protected":false},"featured_media":35435,"template":"","meta":[],"product_brand":[],"product_cat":[443,1064],"product_tag":[],"class_list":{"0":"post-35434","1":"product","2":"type-product","3":"status-publish","4":"has-post-thumbnail","6":"product_cat-5-6-gants-anti-froid","7":"product_cat-5-protection-des-mains","8":"yith_product_brand-coverguard","10":"first","11":"instock","12":"shipping-taxable","13":"product-type-simple"},"_links":{"self":[{"href":"https:\/\/prosafedz.com\/fr\/wp-json\/wp\/v2\/product\/35434","targetHints":{"allow":["GET"]}}],"collection":[{"href":"https:\/\/prosafedz.com\/fr\/wp-json\/wp\/v2\/product"}],"about":[{"href":"https:\/\/prosafedz.com\/fr\/wp-json\/wp\/v2\/types\/product"}],"wp:featuredmedia":[{"embeddable":true,"href":"https:\/\/prosafedz.com\/fr\/wp-json\/wp\/v2\/media\/35435"}],"wp:attachment":[{"href":"https:\/\/prosafedz.com\/fr\/wp-json\/wp\/v2\/media?parent=35434"}],"wp:term":[{"taxonomy":"product_brand","embeddable":true,"href":"https:\/\/prosafedz.com\/fr\/wp-json\/wp\/v2\/product_brand?post=35434"},{"taxonomy":"product_cat","embeddable":true,"href":"https:\/\/prosafedz.com\/fr\/wp-json\/wp\/v2\/product_cat?post=35434"},{"taxonomy":"product_tag","embeddable":true,"href":"https:\/\/prosafedz.com\/fr\/wp-json\/wp\/v2\/product_tag?post=35434"}],"curies":[{"name":"wp","href":"https:\/\/api.w.org\/{rel}","templated":true}]}}