{"id":35427,"date":"2025-02-12T09:48:06","date_gmt":"2025-02-12T08:48:06","guid":{"rendered":"https:\/\/prosafedz.com\/fr\/?post_type=product&#038;p=35427"},"modified":"2025-02-12T09:48:06","modified_gmt":"2025-02-12T08:48:06","slug":"gant-eurolit-mx200-1medx00","status":"publish","type":"product","link":"https:\/\/prosafedz.com\/fr\/produit\/gant-eurolit-mx200-1medx00\/","title":{"rendered":"Gant EUROLIT MX200 &#8211; 1MEDX00"},"content":{"rendered":"","protected":false},"excerpt":{"rendered":"<p><strong>DESCRIPTION:\u00a0<\/strong><\/p>\n<p>Gants EUROLITE MX200, Paume en similicuir PU noir ; Dos du gant en tissu oxford vert olive, microfibre noire et polyamide noir; Bouts de doigts : pouce, index et majeur \u00e9quip\u00e9s de grip PU tactile\/\u00e9crans, Poignet en n\u00e9opr\u00e8ne avec fermeture velcro<br \/>\nAVANTAGES : Dext\u00e9rit\u00e9 maximale Confortable et respirant Parfait ajustement du poignet : velcro Tactile : permet l\u2019utilisation d\u2019\u00e9crans sans quitter les gants<br \/>\nSECTEURS INDUSTRIELS : Industrie du b\u00e2timent, Industries lourdes et de process, Infrastructures; BTP; TP, Second-\u0153uvre du b\u00e2timent<\/p>\n<p>&nbsp;<\/p>\n","protected":false},"featured_media":35429,"template":"","meta":[],"product_brand":[],"product_cat":[125,1064],"product_tag":[],"class_list":{"0":"post-35427","1":"product","2":"type-product","3":"status-publish","4":"has-post-thumbnail","6":"product_cat-5-3-gants-de-manutention-docker-tricote","7":"product_cat-5-protection-des-mains","8":"yith_product_brand-coverguard","10":"first","11":"instock","12":"shipping-taxable","13":"product-type-simple"},"_links":{"self":[{"href":"https:\/\/prosafedz.com\/fr\/wp-json\/wp\/v2\/product\/35427","targetHints":{"allow":["GET"]}}],"collection":[{"href":"https:\/\/prosafedz.com\/fr\/wp-json\/wp\/v2\/product"}],"about":[{"href":"https:\/\/prosafedz.com\/fr\/wp-json\/wp\/v2\/types\/product"}],"wp:featuredmedia":[{"embeddable":true,"href":"https:\/\/prosafedz.com\/fr\/wp-json\/wp\/v2\/media\/35429"}],"wp:attachment":[{"href":"https:\/\/prosafedz.com\/fr\/wp-json\/wp\/v2\/media?parent=35427"}],"wp:term":[{"taxonomy":"product_brand","embeddable":true,"href":"https:\/\/prosafedz.com\/fr\/wp-json\/wp\/v2\/product_brand?post=35427"},{"taxonomy":"product_cat","embeddable":true,"href":"https:\/\/prosafedz.com\/fr\/wp-json\/wp\/v2\/product_cat?post=35427"},{"taxonomy":"product_tag","embeddable":true,"href":"https:\/\/prosafedz.com\/fr\/wp-json\/wp\/v2\/product_tag?post=35427"}],"curies":[{"name":"wp","href":"https:\/\/api.w.org\/{rel}","templated":true}]}}