{"id":35423,"date":"2025-02-12T09:14:51","date_gmt":"2025-02-12T08:14:51","guid":{"rendered":"https:\/\/prosafedz.com\/fr\/?post_type=product&#038;p=35423"},"modified":"2025-02-12T09:14:52","modified_gmt":"2025-02-12T08:14:52","slug":"kanata-parka-jaune-hi-viz-4-en1-7kany","status":"publish","type":"product","link":"https:\/\/prosafedz.com\/fr\/produit\/kanata-parka-jaune-hi-viz-4-en1-7kany\/","title":{"rendered":"KANATA Parka Jaune Hi-Viz 4 en 1 &#8211; 7KANY"},"content":{"rendered":"","protected":false},"excerpt":{"rendered":"<div class=\"elementor-element elementor-element-319f5bb elementor-align-left elementor-widget elementor-widget-bdt-advanced-button\" data-id=\"319f5bb\" data-element_type=\"widget\" data-settings=\"{&quot;element_pack_widget_tooltip&quot;:&quot;yes&quot;,&quot;element_pack_widget_tooltip_text&quot;:&quot;PARKA 4\\\/1 - KANATA - PARKA: 300D OXFORD 100% PES + DOUBLURE TAFFETAS ; VESTE 2\\\/1: 300D OXFORD 100% PES + DOUBLURE POLAIRE 280G\\\/M2 - JAUNE HV\\\/MARINE&quot;,&quot;element_pack_widget_tooltip_placement&quot;:&quot;bottom-start&quot;,&quot;element_pack_widget_tooltip_x_offset&quot;:{&quot;unit&quot;:&quot;px&quot;,&quot;size&quot;:&quot;&quot;,&quot;sizes&quot;:[]},&quot;element_pack_widget_tooltip_y_offset&quot;:{&quot;unit&quot;:&quot;px&quot;,&quot;size&quot;:&quot;&quot;,&quot;sizes&quot;:[]}}\" data-widget_type=\"bdt-advanced-button.default\">\n<div class=\"elementor-widget-container\">\n<div class=\"bdt-ep-button-wrapper\">\n<div class=\"bdt-ep-button-content-wrapper bdt-flex bdt-flex-middle bdt-flex-center  \" data-text=\"Description\">\n<div class=\"bdt-ep-button-text\"><strong><span class=\"avdbtn-text\">DESCRIPTION :\u00a0<\/span><\/strong><\/div>\n<\/div>\n<\/div>\n<\/div>\n<\/div>\n<div class=\"elementor-element elementor-element-c982ad1 elementor-widget elementor-widget-text-editor\" data-id=\"c982ad1\" data-element_type=\"widget\" data-widget_type=\"text-editor.default\">\n<div class=\"elementor-widget-container\">Parka 100% Polyester Oxford 300D fluorescent enduit PU. Coutures \u00e9tanch\u00e9es, doublure Polyester pong\u00e9. Capuche 3 pans int\u00e9gr\u00e9e dans le col. Empi\u00e8cements bleu marine aux \u00e9paules, bout des manches et bas du parka. Zipper central avec double curseur sous rabat jusqu\u2019en haut du col. 1 poche ext\u00e9rieur poitrine + 2 poches int\u00e9rieures (portefeuille + t\u00e9l\u00e9phone). VESTE INT\u00c9RIEURE 2\/1, manches amovibles 100% Polyester Oxford 300D fluorescent enduit PU, doublure polaire (corps) et polyester matelass\u00e9 (manches). Poignets tricot. 1 poche int\u00e9rieure avec \u00e9tiquette d\u2019identification. PARKA ET VESTE AMOVIBLE : 2 bandes bretelles + 2 bandes ceintures microbilles r\u00e9tro-r\u00e9fl\u00e9chissantes. Trappe d\u2019acc\u00e8s pour le marquage<\/div>\n<div><\/div>\n<\/div>\n<div class=\"elementor-element elementor-element-f5a3b61 elementor-widget elementor-widget-text-editor\" data-id=\"f5a3b61\" data-element_type=\"widget\" data-widget_type=\"text-editor.default\">\n<div class=\"elementor-widget-container\"><strong>AVANTAGES :\u00a0<\/strong><\/div>\n<div class=\"elementor-widget-container\">FORTE ISOLATION: Parka + Veste thermique = EN 342 FORTE IMPERM\u00c9ABILIT\u00c9: coutures \u00e9tanch\u00e9es + Oxford enduit + EN343 classe 3 FONCTIONNELLE : Large grille de taille + Possibilit\u00e9 de marquage sur les 2 pi\u00e8ces + manches amovibles<\/div>\n<div><\/div>\n<\/div>\n<div class=\"elementor-element elementor-element-25df943 elementor-widget elementor-widget-text-editor\" data-id=\"25df943\" data-element_type=\"widget\" data-widget_type=\"text-editor.default\">\n<div class=\"elementor-widget-container\"><strong>SECTEURS INDUSTRIELS :\u00a0<\/strong><\/div>\n<div class=\"elementor-widget-container\">A\u00e9ronautique<\/div>\n<div class=\"elementor-widget-container\">Collectivit\u00e9s (maintenance; entretien d\u2019espaces verts; collecte des d\u00e9chets\u2026)<\/div>\n<div class=\"elementor-widget-container\">Industrie du b\u00e2timent, Industries extractives (p\u00e9trole; gas), Industries lourdes et de process<\/div>\n<div class=\"elementor-widget-container\">Infrastructures; BTP; TP, Second-\u0153uvre du b\u00e2timent<\/div>\n<div class=\"elementor-widget-container\">Services et distribution (magasins; h\u00f4tels\/restaurants; nettoyage; garages\u2026)<\/div>\n<div class=\"elementor-widget-container\">Temps froid<\/div>\n<div class=\"elementor-widget-container\">Transport (hors fabrication) et logistique,<\/div>\n<div class=\"elementor-widget-container\">Travaux en plein-air<\/div>\n<\/div>\n<div><\/div>\n<p><a href=\"https:\/\/acrobat.adobe.com\/id\/urn:aaid:sc:eu:6f5444eb-22d5-4852-9d7a-082abc47f5a1\" rel=\"noopener noreferrer\"><button style=\"background-color: #90a96b; font-seize: 20px;\"><strong>T\u00e9l\u00e9charger La Fiche Technique<\/strong><\/button><\/a><\/p>\n","protected":false},"featured_media":35424,"template":"","meta":[],"product_brand":[],"product_cat":[42,1065],"product_tag":[],"class_list":{"0":"post-35423","1":"product","2":"type-product","3":"status-publish","4":"has-post-thumbnail","6":"product_cat-6-6-haute-visibilite","7":"product_cat-6-vetements-de-travail","8":"yith_product_brand-coverguard","10":"first","11":"instock","12":"shipping-taxable","13":"product-type-simple"},"_links":{"self":[{"href":"https:\/\/prosafedz.com\/fr\/wp-json\/wp\/v2\/product\/35423","targetHints":{"allow":["GET"]}}],"collection":[{"href":"https:\/\/prosafedz.com\/fr\/wp-json\/wp\/v2\/product"}],"about":[{"href":"https:\/\/prosafedz.com\/fr\/wp-json\/wp\/v2\/types\/product"}],"wp:featuredmedia":[{"embeddable":true,"href":"https:\/\/prosafedz.com\/fr\/wp-json\/wp\/v2\/media\/35424"}],"wp:attachment":[{"href":"https:\/\/prosafedz.com\/fr\/wp-json\/wp\/v2\/media?parent=35423"}],"wp:term":[{"taxonomy":"product_brand","embeddable":true,"href":"https:\/\/prosafedz.com\/fr\/wp-json\/wp\/v2\/product_brand?post=35423"},{"taxonomy":"product_cat","embeddable":true,"href":"https:\/\/prosafedz.com\/fr\/wp-json\/wp\/v2\/product_cat?post=35423"},{"taxonomy":"product_tag","embeddable":true,"href":"https:\/\/prosafedz.com\/fr\/wp-json\/wp\/v2\/product_tag?post=35423"}],"curies":[{"name":"wp","href":"https:\/\/api.w.org\/{rel}","templated":true}]}}