{"id":35396,"date":"2025-02-02T09:01:13","date_gmt":"2025-02-02T08:01:13","guid":{"rendered":"https:\/\/prosafedz.com\/fr\/?post_type=product&#038;p=35396"},"modified":"2025-02-02T09:01:13","modified_gmt":"2025-02-02T08:01:13","slug":"parka-yuzu-anthacit-black-rpstop-5yuz450","status":"publish","type":"product","link":"https:\/\/prosafedz.com\/fr\/produit\/parka-yuzu-anthacit-black-rpstop-5yuz450\/","title":{"rendered":"Parka YUZU Anthacit\/black, Ripstop &#8211; 5YUZ450"},"content":{"rendered":"","protected":false},"excerpt":{"rendered":"<div class=\"elementor-element elementor-element-319f5bb elementor-align-left elementor-widget elementor-widget-bdt-advanced-button\" data-id=\"319f5bb\" data-element_type=\"widget\" data-settings=\"{&quot;element_pack_widget_tooltip&quot;:&quot;yes&quot;,&quot;element_pack_widget_tooltip_text&quot;:&quot;Parka - YUZU - Ripstop 100% PES enduit PVC + Doublure polaire 300g\\\/m2 - Gris\\\/Lime&quot;,&quot;element_pack_widget_tooltip_placement&quot;:&quot;bottom-start&quot;,&quot;element_pack_widget_tooltip_x_offset&quot;:{&quot;unit&quot;:&quot;px&quot;,&quot;size&quot;:&quot;&quot;,&quot;sizes&quot;:[]},&quot;element_pack_widget_tooltip_y_offset&quot;:{&quot;unit&quot;:&quot;px&quot;,&quot;size&quot;:&quot;&quot;,&quot;sizes&quot;:[]}}\" data-widget_type=\"bdt-advanced-button.default\">\n<div class=\"elementor-widget-container\">\n<div class=\"bdt-ep-button-wrapper\">\n<div class=\"bdt-ep-button-content-wrapper bdt-flex bdt-flex-middle bdt-flex-center \" data-text=\"Description\">\n<div class=\"bdt-ep-button-text\"><strong><span class=\"avdbtn-text\">DESCRIPTION :\u00a0<\/span><\/strong><\/div>\n<div><\/div>\n<\/div>\n<\/div>\n<\/div>\n<\/div>\n<div class=\"elementor-element elementor-element-c982ad1 elementor-widget elementor-widget-text-editor\" data-id=\"c982ad1\" data-element_type=\"widget\" data-widget_type=\"text-editor.default\">\n<div class=\"elementor-widget-container\">Ripstop (5mm) : 100% Polyester enduit PVC. 300g\/m2 \/ Polaire : 100% Polyester. 300g\/m2 (Corps) \/ Matelassage : 100% Polyester. 180g\/m2 (Bas, manches) \/ Taffetas: 100% Polyester. 60g\/m2 \/ Oxford: 100% Polyester. 300D, Coutures \u00e9tanch\u00e9es, capuche fixe en Oxford int\u00e9gr\u00e9e dans le col + Cordon de serrage \u00e9lastiqu\u00e9 &amp; bloqueurs, col montant en polaire, zip central double curseur sous rabat \u00e0 scratch + 1 pression, prot\u00e8ge menton, manches raglan, poignets coupe vent en bord c\u00f4te, Poignets avec patte de serrage \u00e0 scratch, 1 poche poitrine plaqu\u00e9e en Oxford avec zip \u00e9tanche, 2 poches basses verticales zipp\u00e9es sous rabat, 2 poche manche plaqu\u00e9e avec zip \u00e9tanche, 2 poches plaqu\u00e9es int\u00e9rieures ferm\u00e9es par scratch, Empi\u00e8cement bas de manches + bas de la parka en Oxford, Ceinture + Bas r\u00e9glables par cordons \u00e9lastiques bloqueurs, Prot\u00e8ge reins, 1 boucle passe \u00e9couteur \u00e0 l\u2019int\u00e9rieur, Passepoils r\u00e9tro-r\u00e9fl\u00e9chissant sur poche manche et dos, Zip int\u00e9rieur pour acc\u00e8s marquage.<\/div>\n<\/div>\n<div class=\"elementor-element elementor-element-f5a3b61 elementor-widget elementor-widget-text-editor\" data-id=\"f5a3b61\" data-element_type=\"widget\" data-widget_type=\"text-editor.default\">\n<div><\/div>\n<div class=\"elementor-widget-container\"><strong>AVANTAGES :\u00a0<\/strong>R\u00c9SISTANT: Mati\u00e8re Ripstop CONFORT: doublure polaire + manches raglans PROTECTION: dos rallong\u00e9.<\/div>\n<\/div>\n<div class=\"elementor-element elementor-element-25df943 elementor-widget elementor-widget-text-editor\" data-id=\"25df943\" data-element_type=\"widget\" data-widget_type=\"text-editor.default\">\n<div><\/div>\n<div class=\"elementor-widget-container\"><strong>SECTEURS INDUSTRIELS :\u00a0<\/strong><\/div>\n<div class=\"elementor-widget-container\">Collectivit\u00e9s (maintenance; entretien d\u2019espaces verts; collecte des d\u00e9chets\u2026)<\/div>\n<div class=\"elementor-widget-container\">Infrastructures; BTP; TP, Second-\u0153uvre du b\u00e2timent<\/div>\n<div class=\"elementor-widget-container\">Transport (hors fabrication) et logistique<\/div>\n<\/div>\n<p><a href=\"https:\/\/acrobat.adobe.com\/id\/urn:aaid:sc:EU:77dd968d-3c15-493f-b57e-e04e9a3f269c \" target=\"_blank\" rel=\"noopener noreferrer\"><button style=\"background-color: #90a96b; font-seize: 20px;\"><strong>T\u00e9l\u00e9charger La Fiche Technique<\/strong><\/button><\/a><\/p>\n","protected":false},"featured_media":35397,"template":"","meta":[],"product_brand":[],"product_cat":[79,1065],"product_tag":[],"class_list":{"0":"post-35396","1":"product","2":"type-product","3":"status-publish","4":"has-post-thumbnail","6":"product_cat-6-7-vetements-dhiver","7":"product_cat-6-vetements-de-travail","8":"yith_product_brand-coverguard","10":"first","11":"instock","12":"shipping-taxable","13":"product-type-simple"},"_links":{"self":[{"href":"https:\/\/prosafedz.com\/fr\/wp-json\/wp\/v2\/product\/35396","targetHints":{"allow":["GET"]}}],"collection":[{"href":"https:\/\/prosafedz.com\/fr\/wp-json\/wp\/v2\/product"}],"about":[{"href":"https:\/\/prosafedz.com\/fr\/wp-json\/wp\/v2\/types\/product"}],"wp:featuredmedia":[{"embeddable":true,"href":"https:\/\/prosafedz.com\/fr\/wp-json\/wp\/v2\/media\/35397"}],"wp:attachment":[{"href":"https:\/\/prosafedz.com\/fr\/wp-json\/wp\/v2\/media?parent=35396"}],"wp:term":[{"taxonomy":"product_brand","embeddable":true,"href":"https:\/\/prosafedz.com\/fr\/wp-json\/wp\/v2\/product_brand?post=35396"},{"taxonomy":"product_cat","embeddable":true,"href":"https:\/\/prosafedz.com\/fr\/wp-json\/wp\/v2\/product_cat?post=35396"},{"taxonomy":"product_tag","embeddable":true,"href":"https:\/\/prosafedz.com\/fr\/wp-json\/wp\/v2\/product_tag?post=35396"}],"curies":[{"name":"wp","href":"https:\/\/api.w.org\/{rel}","templated":true}]}}