{"id":35380,"date":"2025-01-29T16:01:29","date_gmt":"2025-01-29T15:01:29","guid":{"rendered":"https:\/\/prosafedz.com\/fr\/?post_type=product&#038;p=35380"},"modified":"2025-01-29T16:01:29","modified_gmt":"2025-01-29T15:01:29","slug":"sumi-thermal-jacket-black-5sum010","status":"publish","type":"product","link":"https:\/\/prosafedz.com\/fr\/produit\/sumi-thermal-jacket-black-5sum010\/","title":{"rendered":"SUMI thermal Jacket Black &#8211; 5SUM010"},"content":{"rendered":"","protected":false},"excerpt":{"rendered":"<div class=\"elementor-element elementor-element-319f5bb elementor-align-left elementor-widget elementor-widget-bdt-advanced-button\" data-id=\"319f5bb\" data-element_type=\"widget\" data-settings=\"{&quot;element_pack_widget_tooltip&quot;:&quot;yes&quot;,&quot;element_pack_widget_tooltip_text&quot;:&quot;Veste thermique - SUMI - Ripstop 100% PA + Matelassage Sorona 100g\\\/m2 + Softshell - Noir\\\/Lime&quot;,&quot;element_pack_widget_tooltip_placement&quot;:&quot;bottom-start&quot;,&quot;element_pack_widget_tooltip_x_offset&quot;:{&quot;unit&quot;:&quot;px&quot;,&quot;size&quot;:&quot;&quot;,&quot;sizes&quot;:[]},&quot;element_pack_widget_tooltip_y_offset&quot;:{&quot;unit&quot;:&quot;px&quot;,&quot;size&quot;:&quot;&quot;,&quot;sizes&quot;:[]}}\" data-widget_type=\"bdt-advanced-button.default\">\n<div class=\"elementor-widget-container\">\n<div class=\"bdt-ep-button-wrapper\">\n<div class=\"bdt-ep-button-content-wrapper bdt-flex bdt-flex-middle bdt-flex-center \" data-text=\"Description\">\n<div class=\"bdt-ep-button-text\"><span class=\"avdbtn-text\"><strong>DESCRIPTION :\u00a0<\/strong><\/span><\/div>\n<\/div>\n<\/div>\n<\/div>\n<\/div>\n<div class=\"elementor-element elementor-element-c982ad1 elementor-widget elementor-widget-text-editor\" data-id=\"c982ad1\" data-element_type=\"widget\" data-widget_type=\"text-editor.default\">\n<div class=\"elementor-widget-container\">Ext\u00e9rieur : 100% nylon micro-ripstop (2,5mm). 40g\/m2 \/ Matelassage : 100% polyester Technologie SORONA. 100g\/m2 (corps) + 80g\/m2 (manches) \/ Doublure : 100% nylon. 75g\/m2 \/ Softshell 3 couches : 100% polyester stretch m\u00e9canique + membrane TPU + polaire. 230 g\/m2 Col montant en polaire, zip central + prot\u00e8ge menton 1 poche poitrine plaqu\u00e9e zipp\u00e9e en Softshell, 2 poches basses verticales + zippers invisibles ins\u00e9r\u00e9s dans la couture, 1 poche plaqu\u00e9e int\u00e9rieure ferm\u00e9e par scratch Biais \u00e9lastiqu\u00e9s sur les poignets et le bas de la veste \/ Empi\u00e8cements \u00e9paules + poitrine + c\u00f4t\u00e9s + poignets en Softshell \/ Dos rallong\u00e9, passepoils r\u00e9tror\u00e9fl\u00e9chissants sur les \u00e9paules.<\/div>\n<\/div>\n<div class=\"elementor-element elementor-element-f5a3b61 elementor-widget elementor-widget-text-editor\" data-id=\"f5a3b61\" data-element_type=\"widget\" data-widget_type=\"text-editor.default\">\n<div><\/div>\n<div class=\"elementor-widget-container\"><strong>AVANTAGES :\u00a0<\/strong>L\u00e9g\u00e8ret\u00e9 et chaleur: technologie SORONA R\u00e9sistant: armure RIPSTOP Empi\u00e8cements zones de renforts.<\/div>\n<\/div>\n<div class=\"elementor-element elementor-element-25df943 elementor-widget elementor-widget-text-editor\" data-id=\"25df943\" data-element_type=\"widget\" data-widget_type=\"text-editor.default\">\n<div><\/div>\n<div class=\"elementor-widget-container\"><strong>SECTEURS INDUSTRIELS :\u00a0<\/strong><\/div>\n<div class=\"elementor-widget-container\">Collectivit\u00e9s (maintenance; entretien d\u2019espaces verts; collecte des d\u00e9chets\u2026),<\/div>\n<div class=\"elementor-widget-container\">Infrastructures; BTP; TP,\u00a0Second-\u0153uvre du b\u00e2timent,<\/div>\n<div class=\"elementor-widget-container\">Transport (hors fabrication) et logistique<\/div>\n<\/div>\n<div><\/div>\n<p><a href=\"https:\/\/acrobat.adobe.com\/id\/urn:aaid:sc:EU:d2201836-875d-4836-a82d-400a4489bcf5 \" target=\"_blank\" rel=\"noopener noreferrer\"><button style=\"background-color: #90a96b; font-seize: 20px;\"><strong>T\u00e9l\u00e9charger La Fiche Technique<\/strong><\/button><\/a><\/p>\n","protected":false},"featured_media":35381,"template":"","meta":[],"product_brand":[],"product_cat":[79,1065],"product_tag":[],"class_list":{"0":"post-35380","1":"product","2":"type-product","3":"status-publish","4":"has-post-thumbnail","6":"product_cat-6-7-vetements-dhiver","7":"product_cat-6-vetements-de-travail","8":"yith_product_brand-coverguard","10":"first","11":"instock","12":"shipping-taxable","13":"product-type-simple"},"_links":{"self":[{"href":"https:\/\/prosafedz.com\/fr\/wp-json\/wp\/v2\/product\/35380","targetHints":{"allow":["GET"]}}],"collection":[{"href":"https:\/\/prosafedz.com\/fr\/wp-json\/wp\/v2\/product"}],"about":[{"href":"https:\/\/prosafedz.com\/fr\/wp-json\/wp\/v2\/types\/product"}],"wp:featuredmedia":[{"embeddable":true,"href":"https:\/\/prosafedz.com\/fr\/wp-json\/wp\/v2\/media\/35381"}],"wp:attachment":[{"href":"https:\/\/prosafedz.com\/fr\/wp-json\/wp\/v2\/media?parent=35380"}],"wp:term":[{"taxonomy":"product_brand","embeddable":true,"href":"https:\/\/prosafedz.com\/fr\/wp-json\/wp\/v2\/product_brand?post=35380"},{"taxonomy":"product_cat","embeddable":true,"href":"https:\/\/prosafedz.com\/fr\/wp-json\/wp\/v2\/product_cat?post=35380"},{"taxonomy":"product_tag","embeddable":true,"href":"https:\/\/prosafedz.com\/fr\/wp-json\/wp\/v2\/product_tag?post=35380"}],"curies":[{"name":"wp","href":"https:\/\/api.w.org\/{rel}","templated":true}]}}