{"id":35376,"date":"2025-01-29T15:18:14","date_gmt":"2025-01-29T14:18:14","guid":{"rendered":"https:\/\/prosafedz.com\/fr\/?post_type=product&#038;p=35376"},"modified":"2025-01-30T08:50:38","modified_gmt":"2025-01-30T07:50:38","slug":"soba-mans-softshell-jacket-5sob350","status":"publish","type":"product","link":"https:\/\/prosafedz.com\/fr\/produit\/soba-mans-softshell-jacket-5sob350\/","title":{"rendered":"SOBA Man&rsquo;s Softshell Jacket, GREY &#8211; 5SOB350"},"content":{"rendered":"","protected":false},"excerpt":{"rendered":"<div class=\"elementor-element elementor-element-319f5bb elementor-align-left elementor-widget elementor-widget-bdt-advanced-button\" data-id=\"319f5bb\" data-element_type=\"widget\" data-settings=\"{&quot;element_pack_widget_tooltip&quot;:&quot;yes&quot;,&quot;element_pack_widget_tooltip_text&quot;:&quot;Veste Softshell - SOBA - 94% PES\\\/6% EA + TPU membrane + Polaire - 310g\\\/m2 - Gris chin\\u00e9&quot;,&quot;element_pack_widget_tooltip_placement&quot;:&quot;bottom-start&quot;,&quot;element_pack_widget_tooltip_x_offset&quot;:{&quot;unit&quot;:&quot;px&quot;,&quot;size&quot;:&quot;&quot;,&quot;sizes&quot;:[]},&quot;element_pack_widget_tooltip_y_offset&quot;:{&quot;unit&quot;:&quot;px&quot;,&quot;size&quot;:&quot;&quot;,&quot;sizes&quot;:[]}}\" data-widget_type=\"bdt-advanced-button.default\">\n<div class=\"elementor-widget-container\">\n<div class=\"bdt-ep-button-wrapper\">\n<div class=\"bdt-ep-button-content-wrapper bdt-flex bdt-flex-middle bdt-flex-center \" data-text=\"Description\">\n<div class=\"bdt-ep-button-text\"><strong><span class=\"avdbtn-text\">DESCRIPTION :<\/span><\/strong><\/div>\n<div><\/div>\n<\/div>\n<\/div>\n<\/div>\n<\/div>\n<div class=\"elementor-element elementor-element-c982ad1 elementor-widget elementor-widget-text-editor\" data-id=\"c982ad1\" data-element_type=\"widget\" data-widget_type=\"text-editor.default\">\n<div class=\"elementor-widget-container\">Softshell 3 couches: 94% Polyester\/ 6% Elasthanne + Membrane TPU + Micro-Polaire 100% polyester. 310g\/m2 Imperm\u00e9abilit\u00e9: 2 000mm Respirabilit\u00e9: 600 g\/m2\/24h Col montant Zip central + Prot\u00e8ge menton 1 poche poitrine gauche zipp\u00e9e 2 poches basses zipp\u00e9es dans la couture Manches raglan Poignets avec biais \u00e9lastiqu\u00e9s.<\/div>\n<\/div>\n<div class=\"elementor-element elementor-element-f5a3b61 elementor-widget elementor-widget-text-editor\" data-id=\"f5a3b61\" data-element_type=\"widget\" data-widget_type=\"text-editor.default\">\n<div><\/div>\n<div class=\"elementor-widget-container\"><strong>AVANTAGES :\u00a0<\/strong>Un basique Manches raglan Existe en version femme: SHIKIMI.<\/div>\n<div><\/div>\n<\/div>\n<div class=\"elementor-element elementor-element-25df943 elementor-widget elementor-widget-text-editor\" data-id=\"25df943\" data-element_type=\"widget\" data-widget_type=\"text-editor.default\">\n<div class=\"elementor-widget-container\"><strong>SECTEURS INDUSTRIELS :\u00a0<\/strong><\/div>\n<div class=\"elementor-widget-container\">Collectivit\u00e9s (maintenance; entretien d\u2019espaces verts; collecte des d\u00e9chets\u2026)<\/div>\n<div class=\"elementor-widget-container\">Infrastructures; BTP; TP, Second-\u0153uvre du b\u00e2timent<\/div>\n<div class=\"elementor-widget-container\">Transport (hors fabrication) et logistique<\/div>\n<\/div>\n<p><a href=\"https:\/\/acrobat.adobe.com\/id\/urn:aaid:sc:EU:6fb0fb7d-793b-468c-8e1d-6bc879c72ef7 \" target=\"_blank\" rel=\"noopener noreferrer\"><button style=\"background-color: #90a96b; font-seize: 20px;\"><strong>T\u00e9l\u00e9charger La Fiche Technique<\/strong><\/button><\/a><\/p>\n","protected":false},"featured_media":35387,"template":"","meta":[],"product_brand":[],"product_cat":[17,1065],"product_tag":[],"class_list":{"0":"post-35376","1":"product","2":"type-product","3":"status-publish","4":"has-post-thumbnail","6":"product_cat-6-1-vestes-de-travail","7":"product_cat-6-vetements-de-travail","8":"yith_product_brand-coverguard","10":"first","11":"instock","12":"shipping-taxable","13":"product-type-simple"},"_links":{"self":[{"href":"https:\/\/prosafedz.com\/fr\/wp-json\/wp\/v2\/product\/35376","targetHints":{"allow":["GET"]}}],"collection":[{"href":"https:\/\/prosafedz.com\/fr\/wp-json\/wp\/v2\/product"}],"about":[{"href":"https:\/\/prosafedz.com\/fr\/wp-json\/wp\/v2\/types\/product"}],"wp:featuredmedia":[{"embeddable":true,"href":"https:\/\/prosafedz.com\/fr\/wp-json\/wp\/v2\/media\/35387"}],"wp:attachment":[{"href":"https:\/\/prosafedz.com\/fr\/wp-json\/wp\/v2\/media?parent=35376"}],"wp:term":[{"taxonomy":"product_brand","embeddable":true,"href":"https:\/\/prosafedz.com\/fr\/wp-json\/wp\/v2\/product_brand?post=35376"},{"taxonomy":"product_cat","embeddable":true,"href":"https:\/\/prosafedz.com\/fr\/wp-json\/wp\/v2\/product_cat?post=35376"},{"taxonomy":"product_tag","embeddable":true,"href":"https:\/\/prosafedz.com\/fr\/wp-json\/wp\/v2\/product_tag?post=35376"}],"curies":[{"name":"wp","href":"https:\/\/api.w.org\/{rel}","templated":true}]}}