{"id":35369,"date":"2025-01-29T14:29:18","date_gmt":"2025-01-29T13:29:18","guid":{"rendered":"https:\/\/prosafedz.com\/fr\/?post_type=product&#038;p=35369"},"modified":"2025-01-29T14:29:18","modified_gmt":"2025-01-29T13:29:18","slug":"piman-softshell-jacket-lime-5pim380","status":"publish","type":"product","link":"https:\/\/prosafedz.com\/fr\/produit\/piman-softshell-jacket-lime-5pim380\/","title":{"rendered":"PIMAN Softshell Jacket, Lime &#8211; 5PIM380"},"content":{"rendered":"","protected":false},"excerpt":{"rendered":"<div class=\"elementor-element elementor-element-319f5bb elementor-align-left elementor-widget elementor-widget-bdt-advanced-button\" data-id=\"319f5bb\" data-element_type=\"widget\" data-settings=\"{&quot;element_pack_widget_tooltip&quot;:&quot;yes&quot;,&quot;element_pack_widget_tooltip_text&quot;:&quot;Veste softshell - PIMAN - 100% PES stretch m\\u00e9canique + TPU membrane + Polaire 300g\\\/m2 - Lime.&quot;,&quot;element_pack_widget_tooltip_placement&quot;:&quot;bottom-start&quot;,&quot;element_pack_widget_tooltip_x_offset&quot;:{&quot;unit&quot;:&quot;px&quot;,&quot;size&quot;:&quot;&quot;,&quot;sizes&quot;:[]},&quot;element_pack_widget_tooltip_y_offset&quot;:{&quot;unit&quot;:&quot;px&quot;,&quot;size&quot;:&quot;&quot;,&quot;sizes&quot;:[]}}\" data-widget_type=\"bdt-advanced-button.default\">\n<div class=\"elementor-widget-container\">\n<div class=\"bdt-ep-button-wrapper\">\n<div class=\"bdt-ep-button-content-wrapper bdt-flex bdt-flex-middle bdt-flex-center \" data-text=\"Description\">\n<div class=\"bdt-ep-button-text\"><strong><span class=\"avdbtn-text\">DESCRIPTION :<\/span><\/strong><\/div>\n<\/div>\n<\/div>\n<\/div>\n<\/div>\n<div class=\"elementor-element elementor-element-c982ad1 elementor-widget elementor-widget-text-editor\" data-id=\"c982ad1\" data-element_type=\"widget\" data-widget_type=\"text-editor.default\">\n<div class=\"elementor-widget-container\">Softshell 3 couches : 100% Polyester stretch m\u00e9canique + membrane TPU + micro-polaire 100% polyester. 300g\/m2 Imperm\u00e9abilit\u00e9 : 8 000mm Respirabilit\u00e9 : 3 000g\/m2\/24h Col montant Zip central + prot\u00e8ge menton 2 poches basses zipp\u00e9es contrast\u00e9es Manches raglan Poignets avec patte de serrage \u00e0 scratch.<\/div>\n<div><\/div>\n<\/div>\n<div class=\"elementor-element elementor-element-f5a3b61 elementor-widget elementor-widget-text-editor\" data-id=\"f5a3b61\" data-element_type=\"widget\" data-widget_type=\"text-editor.default\">\n<div class=\"elementor-widget-container\"><strong>AVANTAGES :\u00a0<\/strong>Textes fantaisies Manches raglan Multicolore.<\/div>\n<div><\/div>\n<\/div>\n<div class=\"elementor-element elementor-element-25df943 elementor-widget elementor-widget-text-editor\" data-id=\"25df943\" data-element_type=\"widget\" data-widget_type=\"text-editor.default\">\n<div class=\"elementor-widget-container\"><strong>SECTEURS INDUSTRIELS :<\/strong><\/div>\n<div class=\"elementor-widget-container\">Collectivit\u00e9s (maintenance; entretien d\u2019espaces verts; collecte des d\u00e9chets\u2026)<\/div>\n<div class=\"elementor-widget-container\">Infrastructures; BTP; TP, Second-\u0153uvre du b\u00e2timent<\/div>\n<div class=\"elementor-widget-container\">Transport (hors fabrication) et logistique<\/div>\n<\/div>\n<p><a href=\"https:\/\/acrobat.adobe.com\/id\/urn:aaid:sc:EU:51b34304-39e2-4c43-a37b-ae4a2572a69b\" rel=\"noopener noreferrer\"><button style=\"background-color: #90a96b; font-seize: 20px;\"><strong>T\u00e9l\u00e9charger La Fiche Technique<\/strong><\/button><\/a><\/p>\n","protected":false},"featured_media":35370,"template":"","meta":[],"product_brand":[],"product_cat":[17,1065],"product_tag":[],"class_list":{"0":"post-35369","1":"product","2":"type-product","3":"status-publish","4":"has-post-thumbnail","6":"product_cat-6-1-vestes-de-travail","7":"product_cat-6-vetements-de-travail","8":"yith_product_brand-coverguard","10":"first","11":"instock","12":"shipping-taxable","13":"product-type-simple"},"_links":{"self":[{"href":"https:\/\/prosafedz.com\/fr\/wp-json\/wp\/v2\/product\/35369","targetHints":{"allow":["GET"]}}],"collection":[{"href":"https:\/\/prosafedz.com\/fr\/wp-json\/wp\/v2\/product"}],"about":[{"href":"https:\/\/prosafedz.com\/fr\/wp-json\/wp\/v2\/types\/product"}],"wp:featuredmedia":[{"embeddable":true,"href":"https:\/\/prosafedz.com\/fr\/wp-json\/wp\/v2\/media\/35370"}],"wp:attachment":[{"href":"https:\/\/prosafedz.com\/fr\/wp-json\/wp\/v2\/media?parent=35369"}],"wp:term":[{"taxonomy":"product_brand","embeddable":true,"href":"https:\/\/prosafedz.com\/fr\/wp-json\/wp\/v2\/product_brand?post=35369"},{"taxonomy":"product_cat","embeddable":true,"href":"https:\/\/prosafedz.com\/fr\/wp-json\/wp\/v2\/product_cat?post=35369"},{"taxonomy":"product_tag","embeddable":true,"href":"https:\/\/prosafedz.com\/fr\/wp-json\/wp\/v2\/product_tag?post=35369"}],"curies":[{"name":"wp","href":"https:\/\/api.w.org\/{rel}","templated":true}]}}