{"id":35365,"date":"2025-01-29T13:54:56","date_gmt":"2025-01-29T12:54:56","guid":{"rendered":"https:\/\/prosafedz.com\/fr\/?post_type=product&#038;p=35365"},"modified":"2025-01-29T13:54:56","modified_gmt":"2025-01-29T12:54:56","slug":"piman-softshell-jacket-anthracit-5pim150","status":"publish","type":"product","link":"https:\/\/prosafedz.com\/fr\/produit\/piman-softshell-jacket-anthracit-5pim150\/","title":{"rendered":"PIMAN Softshell Jacket, Anthracit &#8211; 5PIM150"},"content":{"rendered":"","protected":false},"excerpt":{"rendered":"<p><strong>DESCRIPTION :\u00a0<\/strong><\/p>\n<p>Softshell 3 couches : 100% Polyester stretch m\u00e9canique + membrane TPU + micro-polaire 100% polyester. 300g\/m2 Imperm\u00e9abilit\u00e9 : 8 000mm Respirabilit\u00e9 : 3 000g\/m2\/24h Col montant Zip central + prot\u00e8ge menton 2 poches basses zipp\u00e9es contrast\u00e9es Manches raglan Poignets avec patte de serrage \u00e0 scratch.<\/p>\n<p><strong>AVANTAGES :<\/strong> Textes fantaisies Manches raglan Multicolore.<\/p>\n<p><strong>SECTEURS INDUSTRIELS :<\/strong><\/p>\n<p>Collectivit\u00e9s (maintenance; entretien d\u2019espaces verts; collecte des d\u00e9chets\u2026)<\/p>\n<p>Infrastructures; BTP; TP, Second-\u0153uvre du b\u00e2timent<\/p>\n<p>Transport (hors fabrication) et logistique<\/p>\n<p><a href=\"https:\/\/acrobat.adobe.com\/id\/urn:aaid:sc:EU:d6b2b897-fbfe-41f9-9505-b861f5fb089c \" target=\"_blank\" rel=\"noopener noreferrer\"><button style=\"background-color: #90a96b; font-seize: 20px;\"><strong>T\u00e9l\u00e9charger La Fiche Technique<\/strong><\/button><\/a><\/p>\n","protected":false},"featured_media":35366,"template":"","meta":[],"product_brand":[],"product_cat":[17,1065],"product_tag":[],"class_list":{"0":"post-35365","1":"product","2":"type-product","3":"status-publish","4":"has-post-thumbnail","6":"product_cat-6-1-vestes-de-travail","7":"product_cat-6-vetements-de-travail","8":"yith_product_brand-coverguard","10":"first","11":"instock","12":"shipping-taxable","13":"product-type-simple"},"_links":{"self":[{"href":"https:\/\/prosafedz.com\/fr\/wp-json\/wp\/v2\/product\/35365","targetHints":{"allow":["GET"]}}],"collection":[{"href":"https:\/\/prosafedz.com\/fr\/wp-json\/wp\/v2\/product"}],"about":[{"href":"https:\/\/prosafedz.com\/fr\/wp-json\/wp\/v2\/types\/product"}],"wp:featuredmedia":[{"embeddable":true,"href":"https:\/\/prosafedz.com\/fr\/wp-json\/wp\/v2\/media\/35366"}],"wp:attachment":[{"href":"https:\/\/prosafedz.com\/fr\/wp-json\/wp\/v2\/media?parent=35365"}],"wp:term":[{"taxonomy":"product_brand","embeddable":true,"href":"https:\/\/prosafedz.com\/fr\/wp-json\/wp\/v2\/product_brand?post=35365"},{"taxonomy":"product_cat","embeddable":true,"href":"https:\/\/prosafedz.com\/fr\/wp-json\/wp\/v2\/product_cat?post=35365"},{"taxonomy":"product_tag","embeddable":true,"href":"https:\/\/prosafedz.com\/fr\/wp-json\/wp\/v2\/product_tag?post=35365"}],"curies":[{"name":"wp","href":"https:\/\/api.w.org\/{rel}","templated":true}]}}