{"id":35363,"date":"2025-01-29T13:29:14","date_gmt":"2025-01-29T12:29:14","guid":{"rendered":"https:\/\/prosafedz.com\/fr\/?post_type=product&#038;p=35363"},"modified":"2025-01-29T13:33:36","modified_gmt":"2025-01-29T12:33:36","slug":"myoga-micro-fleece-sweater-5myo380","status":"publish","type":"product","link":"https:\/\/prosafedz.com\/fr\/produit\/myoga-micro-fleece-sweater-5myo380\/","title":{"rendered":"MYOGA micro-fleece sweater,lime &#8211; 5MYO380"},"content":{"rendered":"","protected":false},"excerpt":{"rendered":"<div class=\"elementor-element elementor-element-319f5bb elementor-align-left elementor-widget elementor-widget-bdt-advanced-button\" data-id=\"319f5bb\" data-element_type=\"widget\" data-settings=\"{&quot;element_pack_widget_tooltip&quot;:&quot;yes&quot;,&quot;element_pack_widget_tooltip_text&quot;:&quot;Pull - MYOGA - Polaire 100% PES 150g\\\/m2 - Lime&quot;,&quot;element_pack_widget_tooltip_placement&quot;:&quot;bottom-start&quot;,&quot;element_pack_widget_tooltip_x_offset&quot;:{&quot;unit&quot;:&quot;px&quot;,&quot;size&quot;:&quot;&quot;,&quot;sizes&quot;:[]},&quot;element_pack_widget_tooltip_y_offset&quot;:{&quot;unit&quot;:&quot;px&quot;,&quot;size&quot;:&quot;&quot;,&quot;sizes&quot;:[]}}\" data-widget_type=\"bdt-advanced-button.default\">\n<div class=\"elementor-widget-container\">\n<div class=\"bdt-ep-button-wrapper\">\n<div class=\"bdt-ep-button-content-wrapper bdt-flex bdt-flex-middle bdt-flex-center \" data-text=\"Description\">\n<div class=\"bdt-ep-button-text\"><strong><span class=\"avdbtn-text\">DESCRIPTION :\u00a0<\/span><\/strong><\/div>\n<\/div>\n<\/div>\n<\/div>\n<\/div>\n<div class=\"elementor-element elementor-element-c982ad1 elementor-widget elementor-widget-text-editor\" data-id=\"c982ad1\" data-element_type=\"widget\" data-widget_type=\"text-editor.default\">\n<div class=\"elementor-widget-container\">Micropolaire : 100% polyester, anti-bouclage. 150g\/m2 Col camionneur zipp\u00e9 + prot\u00e8ge menton Manches raglan Jeux de surpiq\u00fbres contrast\u00e9es.<\/div>\n<\/div>\n<div class=\"elementor-element elementor-element-f5a3b61 elementor-widget elementor-widget-text-editor\" data-id=\"f5a3b61\" data-element_type=\"widget\" data-widget_type=\"text-editor.default\">\n<div><\/div>\n<div class=\"elementor-widget-container\"><strong>AVANTAGES :\u00a0<\/strong><\/div>\n<div class=\"elementor-widget-container\">L\u00e9g\u00e8ret\u00e9 Douceur<\/div>\n<div class=\"elementor-widget-container\">Possibilit\u00e9 de superposition des couches interm\u00e9diaires.<\/div>\n<\/div>\n<div class=\"elementor-element elementor-element-25df943 elementor-widget elementor-widget-text-editor\" data-id=\"25df943\" data-element_type=\"widget\" data-widget_type=\"text-editor.default\">\n<div><\/div>\n<div class=\"elementor-widget-container\"><strong>SECTEURS INDUSTRIELS :\u00a0<\/strong><\/div>\n<p>Collectivit\u00e9s (maintenance; entretien d\u2019espaces verts; collecte des d\u00e9chets\u2026)<\/p>\n<p>Infrastructures; BTP; TP, Second-\u0153uvre du b\u00e2timent<\/p>\n<p>Transport (hors fabrication) et logistique<\/p>\n<\/div>\n<p><a href=\"https:\/\/acrobat.adobe.com\/id\/urn:aaid:sc:EU:3a576430-30d5-4b35-8997-3df8e546cd1f \" target=\"_blank\" rel=\"noopener noreferrer\"><button style=\"background-color: #90a96b; font-seize: 20px;\"><strong>T\u00e9l\u00e9charger La Fiche Technique<\/strong><\/button><\/a><\/p>\n","protected":false},"featured_media":35364,"template":"","meta":[],"product_brand":[],"product_cat":[946,1065],"product_tag":[],"class_list":{"0":"post-35363","1":"product","2":"type-product","3":"status-publish","4":"has-post-thumbnail","6":"product_cat-6-5-polo-t-shirt","7":"product_cat-6-vetements-de-travail","8":"yith_product_brand-coverguard","10":"first","11":"instock","12":"shipping-taxable","13":"product-type-simple"},"_links":{"self":[{"href":"https:\/\/prosafedz.com\/fr\/wp-json\/wp\/v2\/product\/35363","targetHints":{"allow":["GET"]}}],"collection":[{"href":"https:\/\/prosafedz.com\/fr\/wp-json\/wp\/v2\/product"}],"about":[{"href":"https:\/\/prosafedz.com\/fr\/wp-json\/wp\/v2\/types\/product"}],"wp:featuredmedia":[{"embeddable":true,"href":"https:\/\/prosafedz.com\/fr\/wp-json\/wp\/v2\/media\/35364"}],"wp:attachment":[{"href":"https:\/\/prosafedz.com\/fr\/wp-json\/wp\/v2\/media?parent=35363"}],"wp:term":[{"taxonomy":"product_brand","embeddable":true,"href":"https:\/\/prosafedz.com\/fr\/wp-json\/wp\/v2\/product_brand?post=35363"},{"taxonomy":"product_cat","embeddable":true,"href":"https:\/\/prosafedz.com\/fr\/wp-json\/wp\/v2\/product_cat?post=35363"},{"taxonomy":"product_tag","embeddable":true,"href":"https:\/\/prosafedz.com\/fr\/wp-json\/wp\/v2\/product_tag?post=35363"}],"curies":[{"name":"wp","href":"https:\/\/api.w.org\/{rel}","templated":true}]}}