{"id":35354,"date":"2025-01-28T14:58:15","date_gmt":"2025-01-28T13:58:15","guid":{"rendered":"https:\/\/prosafedz.com\/fr\/?post_type=product&#038;p=35354"},"modified":"2025-01-28T14:58:15","modified_gmt":"2025-01-28T13:58:15","slug":"kanpa-veste-shoftshell-jaune-hi-viz-5kpa16","status":"publish","type":"product","link":"https:\/\/prosafedz.com\/fr\/produit\/kanpa-veste-shoftshell-jaune-hi-viz-5kpa16\/","title":{"rendered":"KANPA Veste Shoftshell Jaune Hi-Viz &#8211; 5KPA16"},"content":{"rendered":"","protected":false},"excerpt":{"rendered":"<p><strong>DESCRIPTION : <\/strong><\/p>\n<p>Veste Softshell Jaune HV\/Marine SOFTSHELL 3 COUCHES : 100% Polyester stretch m\u00e9canique + Membrane TPU + Micro-polaire \u2013 295g\/m2 Col montant Prot\u00e8ge menton Empi\u00e8cements contrast\u00e9s: \u00c9paules + C\u00f4t\u00e9s + Poignets Zip central 2 poches poitrines zipp\u00e9es sous passepoil Poignets \u00e9lastiqu\u00e9s<\/p>\n<p><strong>\u00a0AVANTAGES : <\/strong><\/p>\n<p>PERFORMANT: forte imper-respirabilit\u00e9 de la membrane: 8 000mm \u2013 3 000g\/m2\/24h ANTISALISSURE: empi\u00e8cements contrast\u00e9s dont sur les entr\u00e9es de poches VISIBLE: bandes bretelles pour \u00eatre per\u00e7u pench\u00e9 ou avec une vue de dessus<\/p>\n<p><strong>SECTEURS INDUSTRIELS :<\/strong><\/p>\n<p>Collectivit\u00e9s (maintenance; entretien d\u2019espaces verts; collecte des d\u00e9chets\u2026), Constructions m\u00e9caniques (industrie automobile, Constructions m\u00e9caniques (industrie automobile; a\u00e9ronautique; v\u00e9hicules de transport), Energie (production et distribution), Industrie du b\u00e2timent, Industries extractives (p\u00e9trole; gas), Industries l\u00e9g\u00e8res (textile; cuir; plasturgie; caoutchouc; meubles; luxe\u2026), Second-\u0153uvre du b\u00e2timent, Services et distribution (magasins; h\u00f4tels\/restaurants; nettoyage; garages\u2026), Transport (hors fabrication) et logistique, Travaux courants, Travaux en plein-air<\/p>\n<p><a href=\"https:\/\/acrobat.adobe.com\/id\/urn:aaid:sc:EU:5b195358-6996-4e62-92c1-64a30f3a9115 \" target=\"_blank\" rel=\"noopener noreferrer\"><button style=\"background-color: #90a96b; font-seize: 20px;\"><strong>T\u00e9l\u00e9charger La Fiche Technique<\/strong><\/button><\/a><\/p>\n","protected":false},"featured_media":35355,"template":"","meta":[],"product_brand":[],"product_cat":[42,1614,79],"product_tag":[],"class_list":{"0":"post-35354","1":"product","2":"type-product","3":"status-publish","4":"has-post-thumbnail","6":"product_cat-6-6-haute-visibilite","7":"product_cat-nouveautes","8":"product_cat-6-7-vetements-dhiver","9":"yith_product_brand-coverguard","11":"first","12":"instock","13":"shipping-taxable","14":"product-type-simple"},"_links":{"self":[{"href":"https:\/\/prosafedz.com\/fr\/wp-json\/wp\/v2\/product\/35354","targetHints":{"allow":["GET"]}}],"collection":[{"href":"https:\/\/prosafedz.com\/fr\/wp-json\/wp\/v2\/product"}],"about":[{"href":"https:\/\/prosafedz.com\/fr\/wp-json\/wp\/v2\/types\/product"}],"wp:featuredmedia":[{"embeddable":true,"href":"https:\/\/prosafedz.com\/fr\/wp-json\/wp\/v2\/media\/35355"}],"wp:attachment":[{"href":"https:\/\/prosafedz.com\/fr\/wp-json\/wp\/v2\/media?parent=35354"}],"wp:term":[{"taxonomy":"product_brand","embeddable":true,"href":"https:\/\/prosafedz.com\/fr\/wp-json\/wp\/v2\/product_brand?post=35354"},{"taxonomy":"product_cat","embeddable":true,"href":"https:\/\/prosafedz.com\/fr\/wp-json\/wp\/v2\/product_cat?post=35354"},{"taxonomy":"product_tag","embeddable":true,"href":"https:\/\/prosafedz.com\/fr\/wp-json\/wp\/v2\/product_tag?post=35354"}],"curies":[{"name":"wp","href":"https:\/\/api.w.org\/{rel}","templated":true}]}}