{"id":35351,"date":"2025-01-28T14:46:01","date_gmt":"2025-01-28T13:46:01","guid":{"rendered":"https:\/\/prosafedz.com\/fr\/?post_type=product&#038;p=35351"},"modified":"2025-01-28T14:46:02","modified_gmt":"2025-01-28T13:46:02","slug":"kanpa-veste-shoftshell-orange-hi-viz-5kpa17","status":"publish","type":"product","link":"https:\/\/prosafedz.com\/fr\/produit\/kanpa-veste-shoftshell-orange-hi-viz-5kpa17\/","title":{"rendered":"KANPA Veste Shoftshell Orange Hi-Viz &#8211; 5KPA17"},"content":{"rendered":"","protected":false},"excerpt":{"rendered":"<div class=\"elementor-element elementor-element-c982ad1 elementor-widget elementor-widget-text-editor\" data-id=\"c982ad1\" data-element_type=\"widget\" data-widget_type=\"text-editor.default\">\n<div class=\"elementor-widget-container\"><strong>DESCRIPTION : <\/strong><\/div>\n<div class=\"elementor-widget-container\">Veste Softshell Orange HV\/Marine SOFTSHELL 3 COUCHES : 100% Polyester stretch m\u00e9canique + Membrane TPU + Micro-polaire \u2013 295g\/m2 Col montant Prot\u00e8ge menton Empi\u00e8cements contrast\u00e9s: \u00c9paules + C\u00f4t\u00e9s + Poignets Zip central 2 poches poitrines zipp\u00e9es sous passepoil Poignets \u00e9lastiqu\u00e9s<\/div>\n<\/div>\n<div class=\"elementor-element elementor-element-f5a3b61 elementor-widget elementor-widget-text-editor\" data-id=\"f5a3b61\" data-element_type=\"widget\" data-widget_type=\"text-editor.default\">\n<div><\/div>\n<div class=\"elementor-widget-container\"><strong>AVANTAGES :\u00a0<\/strong>PERFORMANT: forte imper-respirabilit\u00e9 de la membrane: 8 000mm \u2013 3 000g\/m2\/24h ANTISALISSURE: empi\u00e8cements contrast\u00e9s dont sur les entr\u00e9es de poches VISIBLE: bandes bretelles pour \u00eatre per\u00e7u pench\u00e9 ou avec une vue de dessus<\/div>\n<\/div>\n<p><a href=\"https:\/\/acrobat.adobe.com\/id\/urn:aaid:sc:EU:ca82ec52-eb12-41f3-acc0-89fe24461d1d \" target=\"_blank\" rel=\"noopener noreferrer\"><button style=\"background-color: #90a96b; font-seize: 20px;\"><strong>T\u00e9l\u00e9charger La Fiche Technique<\/strong><\/button><\/a><\/p>\n","protected":false},"featured_media":35352,"template":"","meta":[],"product_brand":[],"product_cat":[42,1614,79],"product_tag":[],"class_list":{"0":"post-35351","1":"product","2":"type-product","3":"status-publish","4":"has-post-thumbnail","6":"product_cat-6-6-haute-visibilite","7":"product_cat-nouveautes","8":"product_cat-6-7-vetements-dhiver","9":"yith_product_brand-coverguard","11":"first","12":"instock","13":"shipping-taxable","14":"product-type-simple"},"_links":{"self":[{"href":"https:\/\/prosafedz.com\/fr\/wp-json\/wp\/v2\/product\/35351","targetHints":{"allow":["GET"]}}],"collection":[{"href":"https:\/\/prosafedz.com\/fr\/wp-json\/wp\/v2\/product"}],"about":[{"href":"https:\/\/prosafedz.com\/fr\/wp-json\/wp\/v2\/types\/product"}],"wp:featuredmedia":[{"embeddable":true,"href":"https:\/\/prosafedz.com\/fr\/wp-json\/wp\/v2\/media\/35352"}],"wp:attachment":[{"href":"https:\/\/prosafedz.com\/fr\/wp-json\/wp\/v2\/media?parent=35351"}],"wp:term":[{"taxonomy":"product_brand","embeddable":true,"href":"https:\/\/prosafedz.com\/fr\/wp-json\/wp\/v2\/product_brand?post=35351"},{"taxonomy":"product_cat","embeddable":true,"href":"https:\/\/prosafedz.com\/fr\/wp-json\/wp\/v2\/product_cat?post=35351"},{"taxonomy":"product_tag","embeddable":true,"href":"https:\/\/prosafedz.com\/fr\/wp-json\/wp\/v2\/product_tag?post=35351"}],"curies":[{"name":"wp","href":"https:\/\/api.w.org\/{rel}","templated":true}]}}