{"id":35346,"date":"2025-01-28T14:07:56","date_gmt":"2025-01-28T13:07:56","guid":{"rendered":"https:\/\/prosafedz.com\/fr\/?post_type=product&#038;p=35346"},"modified":"2025-01-28T14:07:57","modified_gmt":"2025-01-28T13:07:57","slug":"iron-chaussure-de-sec-noire-9iron","status":"publish","type":"product","link":"https:\/\/prosafedz.com\/fr\/produit\/iron-chaussure-de-sec-noire-9iron\/","title":{"rendered":"IRON Chaussure de S\u00e9curit\u00e9 Noire Composite 9IRON"},"content":{"rendered":"","protected":false},"excerpt":{"rendered":"<p><strong>DESCRIPTION :<\/strong><\/p>\n<ul>\n<li>Embout de protection en composite<\/li>\n<li>Semelle anti-perforation en textile<\/li>\n<li>Semelle ext\u00e9rieure double densit\u00e9 PU\/Caoutchouc<\/li>\n<li>Tige en cuir de buffle crazy horse<\/li>\n<li>Doublure en filet respirant<\/li>\n<li>Renforts avant et arri\u00e8re en TPU<\/li>\n<\/ul>\n<p><strong>AVANTAGES : <\/strong><\/p>\n<ul>\n<li>Isolation du semelage contre la chaleur<\/li>\n<li>Semelle r\u00e9sistante aux tr\u00e8s hautes montantes temp\u00e9ratures jusqu\u2019\u00e0 ( 300 \u00b0C pendant 1 minute)<\/li>\n<li>Chaussure l\u00e9g\u00e8re gr\u00e2ce \u00e0 son embout composite et \u00e0 sa semelle anti-perforation en textile<\/li>\n<li>R\u00e9sistance aux glissements de la semelle sur sol c\u00e9ramique et acier<\/li>\n<li>Semelle r\u00e9sistante aux hydrocarbures<\/li>\n<li>Semelle ext\u00e9rieure antistatique<\/li>\n<li>Absorption d\u2019\u00e9nergie par le talon<\/li>\n<\/ul>\n<p><a href=\"https:\/\/acrobat.adobe.com\/id\/urn:aaid:sc:EU:8b4b3037-74e4-4b12-aab3-85056bc36ee2 \" target=\"_blank\" rel=\"noopener noreferrer\"><button style=\"background-color: #90a96b; font-seize: 20px;\"><strong>T\u00e9l\u00e9charger La Fiche Technique<\/strong><\/button><\/a><\/p>\n","protected":false},"featured_media":35347,"template":"","meta":[],"product_brand":[],"product_cat":[776,1066],"product_tag":[],"class_list":{"0":"post-35346","1":"product","2":"type-product","3":"status-publish","4":"has-post-thumbnail","6":"product_cat-7-1-chaussures-hautes","7":"product_cat-7-protection-des-pieds","8":"yith_product_brand-coverguard","10":"first","11":"instock","12":"shipping-taxable","13":"product-type-simple"},"_links":{"self":[{"href":"https:\/\/prosafedz.com\/fr\/wp-json\/wp\/v2\/product\/35346","targetHints":{"allow":["GET"]}}],"collection":[{"href":"https:\/\/prosafedz.com\/fr\/wp-json\/wp\/v2\/product"}],"about":[{"href":"https:\/\/prosafedz.com\/fr\/wp-json\/wp\/v2\/types\/product"}],"wp:featuredmedia":[{"embeddable":true,"href":"https:\/\/prosafedz.com\/fr\/wp-json\/wp\/v2\/media\/35347"}],"wp:attachment":[{"href":"https:\/\/prosafedz.com\/fr\/wp-json\/wp\/v2\/media?parent=35346"}],"wp:term":[{"taxonomy":"product_brand","embeddable":true,"href":"https:\/\/prosafedz.com\/fr\/wp-json\/wp\/v2\/product_brand?post=35346"},{"taxonomy":"product_cat","embeddable":true,"href":"https:\/\/prosafedz.com\/fr\/wp-json\/wp\/v2\/product_cat?post=35346"},{"taxonomy":"product_tag","embeddable":true,"href":"https:\/\/prosafedz.com\/fr\/wp-json\/wp\/v2\/product_tag?post=35346"}],"curies":[{"name":"wp","href":"https:\/\/api.w.org\/{rel}","templated":true}]}}