{"id":35341,"date":"2025-01-28T09:47:18","date_gmt":"2025-01-28T08:47:18","guid":{"rendered":"https:\/\/prosafedz.com\/fr\/?post_type=product&#038;p=35341"},"modified":"2025-01-28T09:50:34","modified_gmt":"2025-01-28T08:50:34","slug":"aquamarine-chaussure-securite-haute-composite-s3-wr-src","status":"publish","type":"product","link":"https:\/\/prosafedz.com\/fr\/produit\/aquamarine-chaussure-securite-haute-composite-s3-wr-src\/","title":{"rendered":"AQUAMARINE Chaussure s\u00e9curit\u00e9 haute composite S3 WR SRC"},"content":{"rendered":"","protected":false},"excerpt":{"rendered":"<p><strong>DESCRIPTION : <\/strong><\/p>\n<p>L\u2019AQUAMARINE est une chaussure de s\u00e9curit\u00e9 montante en cuir gras pleine fleur doubl\u00e9e d\u2019une membrane imperm\u00e9able. Des renforts se trouvent \u00e0 l\u2019avant et \u00e0 l\u2019arri\u00e8re pour offrir une meilleure protection. Elle est \u00e9quip\u00e9e d\u2019une semelle antid\u00e9rapante pr\u00e9venant des glissements sur sols acier et c\u00e9ramique. Tr\u00e8s souple gr\u00e2ce \u00e0 ses protections sans m\u00e9tal, ce mod\u00e8le poss\u00e8de une semelle anti-perforation en textile et un embout en composite perfor\u00e9 permettant d\u2019obtenir une meilleure respirabilit\u00e9 et l\u00e9g\u00e8ret\u00e9 de la chaussure. 705 g par chaussure en pointure 42.<\/p>\n<p class=\"attribute-avantages\"><strong class=\"label\">Avantages :\u00a0<\/strong>* Imperm\u00e9abilit\u00e9. * Bracelet, chevilles et languette \u00e0 soufflet rembourr\u00e9s pour un meilleur maintien. * Renfort anti-torsion de la voute plantaire.<\/p>\n<p class=\"attribute-sector\"><strong class=\"label\">Secteurs industriels :\u00a0<\/strong>Energy (production and distribution), Extracting Oil and Gas, Infrastructure; building industry, Mining<\/p>\n<p>&nbsp;<\/p>\n<p>&nbsp;<\/p>\n<p><a href=\"https:\/\/acrobat.adobe.com\/id\/urn:aaid:sc:EU:f0c7df31-91a9-426c-bdec-09525c76bbf5\" target=\"_blank\" rel=\"noopener noreferrer\"><button style=\"background-color: #90a96b; font-seize: 20px;\"><strong>T\u00e9l\u00e9charger La Fiche Technique<\/strong><\/button><\/a><\/p>\n","protected":false},"featured_media":35345,"template":"","meta":[],"product_brand":[],"product_cat":[776,1066],"product_tag":[],"class_list":{"0":"post-35341","1":"product","2":"type-product","3":"status-publish","4":"has-post-thumbnail","6":"product_cat-7-1-chaussures-hautes","7":"product_cat-7-protection-des-pieds","8":"yith_product_brand-coverguard","10":"first","11":"instock","12":"shipping-taxable","13":"product-type-simple"},"_links":{"self":[{"href":"https:\/\/prosafedz.com\/fr\/wp-json\/wp\/v2\/product\/35341","targetHints":{"allow":["GET"]}}],"collection":[{"href":"https:\/\/prosafedz.com\/fr\/wp-json\/wp\/v2\/product"}],"about":[{"href":"https:\/\/prosafedz.com\/fr\/wp-json\/wp\/v2\/types\/product"}],"wp:featuredmedia":[{"embeddable":true,"href":"https:\/\/prosafedz.com\/fr\/wp-json\/wp\/v2\/media\/35345"}],"wp:attachment":[{"href":"https:\/\/prosafedz.com\/fr\/wp-json\/wp\/v2\/media?parent=35341"}],"wp:term":[{"taxonomy":"product_brand","embeddable":true,"href":"https:\/\/prosafedz.com\/fr\/wp-json\/wp\/v2\/product_brand?post=35341"},{"taxonomy":"product_cat","embeddable":true,"href":"https:\/\/prosafedz.com\/fr\/wp-json\/wp\/v2\/product_cat?post=35341"},{"taxonomy":"product_tag","embeddable":true,"href":"https:\/\/prosafedz.com\/fr\/wp-json\/wp\/v2\/product_tag?post=35341"}],"curies":[{"name":"wp","href":"https:\/\/api.w.org\/{rel}","templated":true}]}}