{"id":35339,"date":"2025-01-28T09:15:08","date_gmt":"2025-01-28T08:15:08","guid":{"rendered":"https:\/\/prosafedz.com\/fr\/?post_type=product&#038;p=35339"},"modified":"2025-01-28T09:15:08","modified_gmt":"2025-01-28T08:15:08","slug":"harnais-complet","status":"publish","type":"product","link":"https:\/\/prosafedz.com\/fr\/produit\/harnais-complet\/","title":{"rendered":"Harnais complet avec 1 anneau m\u00e9tal 71039"},"content":{"rendered":"","protected":false},"excerpt":{"rendered":"<p><strong>DESCRIPTION : <\/strong><\/p>\n<p>* Sangle stretch \u00e9tirable pour une meilleure flexibilit\u00e9 et un grand confort<br \/>\n* Bouclerie en acier inoxydable<\/p>\n<p><strong>EXEMPLE D&rsquo;APPLICATION :\u00a0<\/strong><\/p>\n<p>* Dispositif de pr\u00e9hension du corps destin\u00e9 \u00e0 arr\u00eater une chute.<\/p>\n<p>* Assure une r\u00e9partition homog\u00e8ne des efforts r\u00e9sultant d&rsquo;une chute \u00e0 travers tout le corps.<\/p>\n<p>* Peut \u00eatre utilis\u00e9 dans un syst\u00e8me d&rsquo;arr\u00eat de chute ou de retenue.<\/p>\n<p>&nbsp;<\/p>\n<p><a href=\"https:\/\/acrobat.adobe.com\/id\/urn:aaid:sc:EU:6ce86a97-8527-44f6-85a9-0bea4e8378c8 \" target=\"_blank\" rel=\"noopener noreferrer\"><button style=\"background-color: #90a96b; font-seize: 20px;\"><strong>T\u00e9l\u00e9charger La Fiche Technique<\/strong><\/button><\/a><\/p>\n","protected":false},"featured_media":35340,"template":"","meta":[],"product_brand":[],"product_cat":[1067,821],"product_tag":[],"class_list":{"0":"post-35339","1":"product","2":"type-product","3":"status-publish","4":"has-post-thumbnail","6":"product_cat-8-anti-chute","7":"product_cat-harnais-8-anti-chute","8":"yith_product_brand-coverguard","10":"first","11":"instock","12":"shipping-taxable","13":"product-type-simple"},"_links":{"self":[{"href":"https:\/\/prosafedz.com\/fr\/wp-json\/wp\/v2\/product\/35339","targetHints":{"allow":["GET"]}}],"collection":[{"href":"https:\/\/prosafedz.com\/fr\/wp-json\/wp\/v2\/product"}],"about":[{"href":"https:\/\/prosafedz.com\/fr\/wp-json\/wp\/v2\/types\/product"}],"wp:featuredmedia":[{"embeddable":true,"href":"https:\/\/prosafedz.com\/fr\/wp-json\/wp\/v2\/media\/35340"}],"wp:attachment":[{"href":"https:\/\/prosafedz.com\/fr\/wp-json\/wp\/v2\/media?parent=35339"}],"wp:term":[{"taxonomy":"product_brand","embeddable":true,"href":"https:\/\/prosafedz.com\/fr\/wp-json\/wp\/v2\/product_brand?post=35339"},{"taxonomy":"product_cat","embeddable":true,"href":"https:\/\/prosafedz.com\/fr\/wp-json\/wp\/v2\/product_cat?post=35339"},{"taxonomy":"product_tag","embeddable":true,"href":"https:\/\/prosafedz.com\/fr\/wp-json\/wp\/v2\/product_tag?post=35339"}],"curies":[{"name":"wp","href":"https:\/\/api.w.org\/{rel}","templated":true}]}}