{"id":35337,"date":"2025-01-28T08:42:43","date_gmt":"2025-01-28T07:42:43","guid":{"rendered":"https:\/\/prosafedz.com\/fr\/?post_type=product&#038;p=35337"},"modified":"2025-01-28T08:42:43","modified_gmt":"2025-01-28T07:42:43","slug":"absorbeur-denergie-02-longes-71422","status":"publish","type":"product","link":"https:\/\/prosafedz.com\/fr\/produit\/absorbeur-denergie-02-longes-71422\/","title":{"rendered":"Absorbeur d&rsquo;\u00e9nergie avec 02 longes &#8211; 71422"},"content":{"rendered":"","protected":false},"excerpt":{"rendered":"<p><strong>DESCRIPTION :<\/strong><\/p>\n<p>* Longe double \u00e0 absorbeur d\u2019\u00e9nergie limitant les forces pendant l\u2019arr\u00eat de la chute.<\/p>\n<p>* Permet de se d\u00e9placer en toute s\u00e9curit\u00e9, sans jamais avoir \u00e0 se d\u00e9connecter.<\/p>\n<p>* El\u00e9ment de liaison pour un syst\u00e8me d\u2019arr\u00eat de chute.<\/p>\n<p>* Caract : Boucles coss\u00e9es.<\/p>\n<p>* Autres caract : Tirant d\u2019air 6 m. * Poids : 1,6 kg.<\/p>\n<p>* Dur\u00e9e de vie : 10 ans.<\/p>\n<p>* Mat\u00e9riau : Corde tress\u00e9e \u00d8 11 mm. * Longueur : 1,8 m. * Connecteurs : 1 mousqueton acier \u00e0 vis et 2 connecteurs aluminium grande ouverture 60 mm.<\/p>\n<p>* Absorption : &lt; 6 kN. * Capacit\u00e9 : Utilisateur de 100 kg. * R\u00e9sistance \u00e0 la rupture : &gt; 15 kN.<\/p>\n<p><strong>AVANTAGES : <\/strong>Connecteurs grande ouverture aluminium, plus l\u00e9gers.<\/p>\n<p>&nbsp;<\/p>\n<p><a href=\"https:\/\/acrobat.adobe.com\/id\/urn:aaid:sc:EU:658b7d1e-af66-4bde-8078-231249c4b0ef \" target=\"_blank\" rel=\"noopener noreferrer\"><button style=\"background-color: #90a96b; font-seize: 20px;\"><strong>T\u00e9l\u00e9charger La Fiche Technique<\/strong><\/button><\/a><\/p>\n","protected":false},"featured_media":35338,"template":"","meta":[],"product_brand":[],"product_cat":[1067],"product_tag":[],"class_list":{"0":"post-35337","1":"product","2":"type-product","3":"status-publish","4":"has-post-thumbnail","6":"product_cat-8-anti-chute","7":"yith_product_brand-coverguard","9":"first","10":"instock","11":"shipping-taxable","12":"product-type-simple"},"_links":{"self":[{"href":"https:\/\/prosafedz.com\/fr\/wp-json\/wp\/v2\/product\/35337","targetHints":{"allow":["GET"]}}],"collection":[{"href":"https:\/\/prosafedz.com\/fr\/wp-json\/wp\/v2\/product"}],"about":[{"href":"https:\/\/prosafedz.com\/fr\/wp-json\/wp\/v2\/types\/product"}],"wp:featuredmedia":[{"embeddable":true,"href":"https:\/\/prosafedz.com\/fr\/wp-json\/wp\/v2\/media\/35338"}],"wp:attachment":[{"href":"https:\/\/prosafedz.com\/fr\/wp-json\/wp\/v2\/media?parent=35337"}],"wp:term":[{"taxonomy":"product_brand","embeddable":true,"href":"https:\/\/prosafedz.com\/fr\/wp-json\/wp\/v2\/product_brand?post=35337"},{"taxonomy":"product_cat","embeddable":true,"href":"https:\/\/prosafedz.com\/fr\/wp-json\/wp\/v2\/product_cat?post=35337"},{"taxonomy":"product_tag","embeddable":true,"href":"https:\/\/prosafedz.com\/fr\/wp-json\/wp\/v2\/product_tag?post=35337"}],"curies":[{"name":"wp","href":"https:\/\/api.w.org\/{rel}","templated":true}]}}