{"id":35321,"date":"2024-12-05T09:22:24","date_gmt":"2024-12-05T08:22:24","guid":{"rendered":"https:\/\/prosafedz.com\/fr\/?post_type=product&#038;p=35321"},"modified":"2024-12-05T09:22:25","modified_gmt":"2024-12-05T08:22:25","slug":"gant-eurowinter-mx100-ref-1widx00","status":"publish","type":"product","link":"https:\/\/prosafedz.com\/fr\/produit\/gant-eurowinter-mx100-ref-1widx00\/","title":{"rendered":"Gant EUROWINTER MX100 R\u00e9f: 1WIDX00"},"content":{"rendered":"<p><strong>AVANTAGES :\u00a0<\/strong>Haute protection thermique (3\/4) Etanch\u00e9it\u00e9, respirabilit\u00e9 gr\u00e2ce \u00e0 la membrane respirante et hydrophobe Parfait ajustement du poignet : velcro Tactile : permet l\u2019utilisation d\u2019\u00e9crans sans quitter les gants.<\/p>\n<p>&nbsp;<\/p>\n<p>&nbsp;<\/p>\n","protected":false},"excerpt":{"rendered":"<div class=\"elementor-element elementor-element-319f5bb elementor-align-left elementor-widget elementor-widget-bdt-advanced-button\" data-id=\"319f5bb\" data-element_type=\"widget\" data-settings=\"{&quot;element_pack_widget_tooltip&quot;:&quot;yes&quot;,&quot;element_pack_widget_tooltip_text&quot;:&quot;Gants EUROWINTER MX100 type m\\u00e9canique froid, noir et bleu&quot;,&quot;element_pack_widget_tooltip_placement&quot;:&quot;bottom-start&quot;,&quot;element_pack_widget_tooltip_x_offset&quot;:{&quot;unit&quot;:&quot;px&quot;,&quot;size&quot;:&quot;&quot;,&quot;sizes&quot;:[]},&quot;element_pack_widget_tooltip_y_offset&quot;:{&quot;unit&quot;:&quot;px&quot;,&quot;size&quot;:&quot;&quot;,&quot;sizes&quot;:[]}}\" data-widget_type=\"bdt-advanced-button.default\">\n<div class=\"elementor-widget-container\">\n<div class=\"bdt-ep-button-wrapper\">\n<div class=\"bdt-ep-button-content-wrapper bdt-flex bdt-flex-middle bdt-flex-center  \" data-text=\"Description\">\n<div class=\"bdt-ep-button-text\"><strong><span class=\"avdbtn-text\">DESCRIPTION<\/span><\/strong><\/div>\n<div><\/div>\n<\/div>\n<\/div>\n<\/div>\n<\/div>\n<div class=\"elementor-element elementor-element-c982ad1 elementor-widget elementor-widget-text-editor\" data-id=\"c982ad1\" data-element_type=\"widget\" data-widget_type=\"text-editor.default\">\n<div class=\"elementor-widget-container\">Gants EUROWINTER MX100, paume en tissu microfibre noir; Dos en micromesh noir et tissu oxford bleu; Doublure int\u00e9rieure chaude en polaire; int\u00e9grant une membrane imperm\u00e9able et respirante; Bouts de doigts : pouce, index et majeur \u00e9quip\u00e9s de grip PU tactile\/\u00e9crans; Poignet en n\u00e9opr\u00e8ne avec fermeture velcro.<\/div>\n<\/div>\n<div><\/div>\n<div><\/div>\n<p><a href=\"https:\/\/prosafedz.com\/fr\/wp-content\/uploads\/2024\/12\/download-20.pdf \" target=\"_blank\" rel=\"noopener noreferrer\"><button style=\"background-color: #90a96b; font-seize: 20px;\"><strong>T\u00e9l\u00e9charger La Fiche Technique<\/strong><\/button><\/a><\/p>\n","protected":false},"featured_media":35322,"template":"","meta":[],"product_brand":[],"product_cat":[1614,1064],"product_tag":[],"class_list":{"0":"post-35321","1":"product","2":"type-product","3":"status-publish","4":"has-post-thumbnail","6":"product_cat-nouveautes","7":"product_cat-5-protection-des-mains","8":"yith_product_brand-coverguard","10":"first","11":"instock","12":"shipping-taxable","13":"product-type-simple"},"_links":{"self":[{"href":"https:\/\/prosafedz.com\/fr\/wp-json\/wp\/v2\/product\/35321","targetHints":{"allow":["GET"]}}],"collection":[{"href":"https:\/\/prosafedz.com\/fr\/wp-json\/wp\/v2\/product"}],"about":[{"href":"https:\/\/prosafedz.com\/fr\/wp-json\/wp\/v2\/types\/product"}],"wp:featuredmedia":[{"embeddable":true,"href":"https:\/\/prosafedz.com\/fr\/wp-json\/wp\/v2\/media\/35322"}],"wp:attachment":[{"href":"https:\/\/prosafedz.com\/fr\/wp-json\/wp\/v2\/media?parent=35321"}],"wp:term":[{"taxonomy":"product_brand","embeddable":true,"href":"https:\/\/prosafedz.com\/fr\/wp-json\/wp\/v2\/product_brand?post=35321"},{"taxonomy":"product_cat","embeddable":true,"href":"https:\/\/prosafedz.com\/fr\/wp-json\/wp\/v2\/product_cat?post=35321"},{"taxonomy":"product_tag","embeddable":true,"href":"https:\/\/prosafedz.com\/fr\/wp-json\/wp\/v2\/product_tag?post=35321"}],"curies":[{"name":"wp","href":"https:\/\/api.w.org\/{rel}","templated":true}]}}