{"id":35306,"date":"2024-12-03T11:05:28","date_gmt":"2024-12-03T10:05:28","guid":{"rendered":"https:\/\/prosafedz.com\/fr\/?post_type=product&#038;p=35306"},"modified":"2024-12-03T11:05:29","modified_gmt":"2024-12-03T10:05:29","slug":"gant-eurocut-mx100-ref-1chmd00","status":"publish","type":"product","link":"https:\/\/prosafedz.com\/fr\/produit\/gant-eurocut-mx100-ref-1chmd00\/","title":{"rendered":"Gant EUROCUT MX100 R\u00e9f : 1CHMD00"},"content":{"rendered":"<div class=\"elementor-element elementor-element-f5a3b61 elementor-widget elementor-widget-text-editor\" data-id=\"f5a3b61\" data-element_type=\"widget\" data-widget_type=\"text-editor.default\">\n<div class=\"elementor-widget-container\"><strong>AVANTAGES :\u00a0<\/strong><\/div>\n<div><\/div>\n<div class=\"elementor-widget-container\">Protection coupure \u00e9lev\u00e9e Nombreuses zones de renfort et de protection Parfait ajustement du poignet : velcro Tactile : permet l\u2019utilisation d\u2019\u00e9crans sans quitter les gants Coloris haute visibilit\u00e9<\/div>\n<\/div>\n<div class=\"elementor-element elementor-element-25df943 elementor-widget elementor-widget-text-editor\" data-id=\"25df943\" data-element_type=\"widget\" data-widget_type=\"text-editor.default\">\n<div><\/div>\n<div class=\"elementor-widget-container\"><strong>SECTEURS INDUSTRIELS :<\/strong><\/div>\n<ul>\n<li class=\"elementor-widget-container\"><strong>\u00a0<\/strong>Collectivit\u00e9s (maintenance; entretien d\u2019espaces verts; collecte des d\u00e9chets\u2026)<\/li>\n<li class=\"elementor-widget-container\">\u00a0Industries l\u00e9g\u00e8res (textile; cuir; plasturgie; caoutchouc; meubles; luxe\u2026)<\/li>\n<li class=\"elementor-widget-container\">\u00a0Infrastructures; BTP; TP<\/li>\n<li class=\"elementor-widget-container\">Second-\u0153uvre du b\u00e2timent<\/li>\n<\/ul>\n<\/div>\n","protected":false},"excerpt":{"rendered":"<div class=\"elementor-element elementor-element-319f5bb elementor-align-left elementor-widget elementor-widget-bdt-advanced-button\" data-id=\"319f5bb\" data-element_type=\"widget\" data-settings=\"{&quot;element_pack_widget_tooltip&quot;:&quot;yes&quot;,&quot;element_pack_widget_tooltip_text&quot;:&quot;Gants EUROCUT MX100 CUT D, type m\\u00e9canique, gris et orange&quot;,&quot;element_pack_widget_tooltip_placement&quot;:&quot;bottom-start&quot;,&quot;element_pack_widget_tooltip_x_offset&quot;:{&quot;unit&quot;:&quot;px&quot;,&quot;size&quot;:&quot;&quot;,&quot;sizes&quot;:[]},&quot;element_pack_widget_tooltip_y_offset&quot;:{&quot;unit&quot;:&quot;px&quot;,&quot;size&quot;:&quot;&quot;,&quot;sizes&quot;:[]}}\" data-widget_type=\"bdt-advanced-button.default\">\n<div class=\"elementor-widget-container\">\n<div class=\"bdt-ep-button-wrapper\">\n<div class=\"bdt-ep-button-content-wrapper bdt-flex bdt-flex-middle bdt-flex-center  \" data-text=\"Description\">\n<div class=\"bdt-ep-button-text\"><strong><span class=\"avdbtn-text\">DESCRIPTION<\/span><\/strong><\/div>\n<\/div>\n<\/div>\n<\/div>\n<\/div>\n<div class=\"elementor-element elementor-element-c982ad1 elementor-widget elementor-widget-text-editor\" data-id=\"c982ad1\" data-element_type=\"widget\" data-widget_type=\"text-editor.default\">\n<div><\/div>\n<div class=\"elementor-widget-container\">Gants EUROCUT MX100, paume tissu microfibre synth\u00e9tique gris, Doublure HPPE anticoupure, dos polyester noir et orange; Dos de l\u2019index rembourr\u00e9 contre le \u201ccoup de marteau\u201d, Zone de renfort pouce index ; Paume renforc\u00e9e avec zones d\u2019amorti; Bouts de doigts : pouce, index et majeur \u00e9quip\u00e9s de grip PU tactile\/\u00e9crans, Poignet en n\u00e9opr\u00e8ne avec fermeture velcro.<\/div>\n<\/div>\n<div><\/div>\n<p><a href=\"https:\/\/prosafedz.com\/fr\/wp-content\/uploads\/2024\/12\/download-17.pdf \" target=\"_blank\" rel=\"noopener noreferrer\"><button style=\"background-color: #90a96b; font-seize: 20px;\"><strong>T\u00e9l\u00e9charger La Fiche Technique<\/strong><\/button><\/a><\/p>\n","protected":false},"featured_media":35310,"template":"","meta":[],"product_brand":[],"product_cat":[1614,1064],"product_tag":[],"class_list":{"0":"post-35306","1":"product","2":"type-product","3":"status-publish","4":"has-post-thumbnail","6":"product_cat-nouveautes","7":"product_cat-5-protection-des-mains","8":"yith_product_brand-coverguard","10":"first","11":"instock","12":"shipping-taxable","13":"product-type-simple"},"_links":{"self":[{"href":"https:\/\/prosafedz.com\/fr\/wp-json\/wp\/v2\/product\/35306","targetHints":{"allow":["GET"]}}],"collection":[{"href":"https:\/\/prosafedz.com\/fr\/wp-json\/wp\/v2\/product"}],"about":[{"href":"https:\/\/prosafedz.com\/fr\/wp-json\/wp\/v2\/types\/product"}],"wp:featuredmedia":[{"embeddable":true,"href":"https:\/\/prosafedz.com\/fr\/wp-json\/wp\/v2\/media\/35310"}],"wp:attachment":[{"href":"https:\/\/prosafedz.com\/fr\/wp-json\/wp\/v2\/media?parent=35306"}],"wp:term":[{"taxonomy":"product_brand","embeddable":true,"href":"https:\/\/prosafedz.com\/fr\/wp-json\/wp\/v2\/product_brand?post=35306"},{"taxonomy":"product_cat","embeddable":true,"href":"https:\/\/prosafedz.com\/fr\/wp-json\/wp\/v2\/product_cat?post=35306"},{"taxonomy":"product_tag","embeddable":true,"href":"https:\/\/prosafedz.com\/fr\/wp-json\/wp\/v2\/product_tag?post=35306"}],"curies":[{"name":"wp","href":"https:\/\/api.w.org\/{rel}","templated":true}]}}