{"id":35290,"date":"2024-11-27T13:35:16","date_gmt":"2024-11-27T12:35:16","guid":{"rendered":"https:\/\/prosafedz.com\/fr\/?post_type=product&#038;p=35290"},"modified":"2025-02-16T09:06:16","modified_gmt":"2025-02-16T08:06:16","slug":"lunette-soudeur-duolux-p-ref-60801","status":"publish","type":"product","link":"https:\/\/prosafedz.com\/fr\/produit\/lunette-soudeur-duolux-p-ref-60801\/","title":{"rendered":"Lunette Soudeur DUOLUX P R\u00e9f: 60801"},"content":{"rendered":"<p><strong>AVANTAGES :\u00a0<\/strong><\/p>\n<ul>\n<li>A\u00e9ration lat\u00e9rale directe<\/li>\n<li>\u00c9lastique r\u00e9glable<\/li>\n<li>Solidit\u00e9 renforc\u00e9e<\/li>\n<\/ul>\n<p><strong>SECTEURS INDUSTRIELS :<\/strong><\/p>\n<ul>\n<li>Bricolage,<\/li>\n<li>Industrie automobile,\u00a0Industrie du b\u00e2timent,\u00a0Industries lourdes et de process,<\/li>\n<li>Infrastructures; BTP; TP,\u00a0Travaux soudeur<\/li>\n<\/ul>\n<p><strong>NORME(S)<\/strong><\/p>\n<p>Cet \u00e9quipement est conforme au mod\u00e8le de l&rsquo;\u00e9quipement de protection individuelle ayant fait l&rsquo;objet de l&rsquo;attestation <strong>CE de type 10211-<\/strong><strong>IFFA-00 67374-PTB-98<\/strong><\/p>\n<p><strong>D\u00e9livr\u00e9e par DIN CERTCO (0196)<\/strong><\/p>\n<p>&nbsp;<\/p>\n","protected":false},"excerpt":{"rendered":"<p><strong>DESCRIPTION<\/strong><\/p>\n<p>Lunette de soudage DUOLUX P. Oculaire en protane teinte 5, solidit\u00e9 renforc\u00e9e, monture plastique, ventilation lat\u00e9rale, sangle \u00e9lastique ajustable.<\/p>\n<p><a href=\"https:\/\/prosafedz.com\/fr\/wp-content\/uploads\/2024\/11\/download-14.pdf\" target=\"_blank\" rel=\"noopener noreferrer\"><button style=\"background-color: #90a96b; font-seize: 20px;\"><strong>T\u00e9l\u00e9charger La Fiche Technique<\/strong><\/button><\/a><\/p>\n","protected":false},"featured_media":35468,"template":"","meta":[],"product_brand":[],"product_cat":[1614,1061],"product_tag":[],"class_list":{"0":"post-35290","1":"product","2":"type-product","3":"status-publish","4":"has-post-thumbnail","6":"product_cat-nouveautes","7":"product_cat-2-protection-des-yeux","9":"first","10":"instock","11":"shipping-taxable","12":"product-type-simple"},"_links":{"self":[{"href":"https:\/\/prosafedz.com\/fr\/wp-json\/wp\/v2\/product\/35290","targetHints":{"allow":["GET"]}}],"collection":[{"href":"https:\/\/prosafedz.com\/fr\/wp-json\/wp\/v2\/product"}],"about":[{"href":"https:\/\/prosafedz.com\/fr\/wp-json\/wp\/v2\/types\/product"}],"wp:featuredmedia":[{"embeddable":true,"href":"https:\/\/prosafedz.com\/fr\/wp-json\/wp\/v2\/media\/35468"}],"wp:attachment":[{"href":"https:\/\/prosafedz.com\/fr\/wp-json\/wp\/v2\/media?parent=35290"}],"wp:term":[{"taxonomy":"product_brand","embeddable":true,"href":"https:\/\/prosafedz.com\/fr\/wp-json\/wp\/v2\/product_brand?post=35290"},{"taxonomy":"product_cat","embeddable":true,"href":"https:\/\/prosafedz.com\/fr\/wp-json\/wp\/v2\/product_cat?post=35290"},{"taxonomy":"product_tag","embeddable":true,"href":"https:\/\/prosafedz.com\/fr\/wp-json\/wp\/v2\/product_tag?post=35290"}],"curies":[{"name":"wp","href":"https:\/\/api.w.org\/{rel}","templated":true}]}}