{"id":35257,"date":"2024-08-19T14:58:30","date_gmt":"2024-08-19T12:58:30","guid":{"rendered":"https:\/\/prosafedz.com\/fr\/?post_type=product&#038;p=35257"},"modified":"2025-02-02T10:09:53","modified_gmt":"2025-02-02T09:09:53","slug":"gilet-hi-viz-rouge-ref-mo70265","status":"publish","type":"product","link":"https:\/\/prosafedz.com\/fr\/produit\/gilet-hi-viz-rouge-ref-mo70265\/","title":{"rendered":"Gilet hi-viz rouge, baudrier + double R\u00e9f : MO70265"},"content":{"rendered":"","protected":false},"excerpt":{"rendered":"<div class=\"elementor-element elementor-element-c982ad1 elementor-widget elementor-widget-text-editor\" data-id=\"c982ad1\" data-element_type=\"widget\" data-widget_type=\"text-editor.default\">\n<div><strong>DESCRIPTION :<\/strong><\/div>\n<div class=\"elementor-widget-container\">Mati\u00e8re Ext\u00e9rieure &gt;&gt; Maille polyester, 120 g\/m2, fluorescente Bandes &gt;&gt; Bandes baudrier double ceinture, r\u00e9tror\u00e9fl\u00e9chissantes, classe 2 Fermeture &gt;&gt; Bande agrippante ajustable.<\/div>\n<\/div>\n<div class=\"elementor-element elementor-element-f5a3b61 elementor-widget elementor-widget-text-editor\" data-id=\"f5a3b61\" data-element_type=\"widget\" data-widget_type=\"text-editor.default\">\n<div class=\"elementor-widget-container\"><strong>AVANTAGES :\u00a0<\/strong>Haute visibilit\u00e9: 4 bandes 4 coloris Brochable.<\/div>\n<div><\/div>\n<\/div>\n<div class=\"elementor-element elementor-element-2b1d586 elementor-widget elementor-widget-text-editor\" data-id=\"2b1d586\" data-element_type=\"widget\" data-widget_type=\"text-editor.default\">\n<div class=\"elementor-widget-container\"><strong>COULEUR :\u00a0<\/strong>Rouge HV<\/div>\n<\/div>\n<p><a href=\"https:\/\/acrobat.adobe.com\/id\/urn:aaid:sc:eu:07988b30-aca6-485d-aa43-3f474e3dff0d \" target=\"_blank\" rel=\"noopener noreferrer\"><button style=\"background-color: #90a96b; font-seize: 20px;\"><strong>T\u00e9l\u00e9charger La Fiche Technique<\/strong><\/button><\/a><\/p>\n","protected":false},"featured_media":35258,"template":"","meta":[],"product_brand":[],"product_cat":[42,1065],"product_tag":[],"class_list":{"0":"post-35257","1":"product","2":"type-product","3":"status-publish","4":"has-post-thumbnail","6":"product_cat-6-6-haute-visibilite","7":"product_cat-6-vetements-de-travail","8":"yith_product_brand-coverguard","10":"first","11":"instock","12":"shipping-taxable","13":"product-type-simple"},"_links":{"self":[{"href":"https:\/\/prosafedz.com\/fr\/wp-json\/wp\/v2\/product\/35257","targetHints":{"allow":["GET"]}}],"collection":[{"href":"https:\/\/prosafedz.com\/fr\/wp-json\/wp\/v2\/product"}],"about":[{"href":"https:\/\/prosafedz.com\/fr\/wp-json\/wp\/v2\/types\/product"}],"wp:featuredmedia":[{"embeddable":true,"href":"https:\/\/prosafedz.com\/fr\/wp-json\/wp\/v2\/media\/35258"}],"wp:attachment":[{"href":"https:\/\/prosafedz.com\/fr\/wp-json\/wp\/v2\/media?parent=35257"}],"wp:term":[{"taxonomy":"product_brand","embeddable":true,"href":"https:\/\/prosafedz.com\/fr\/wp-json\/wp\/v2\/product_brand?post=35257"},{"taxonomy":"product_cat","embeddable":true,"href":"https:\/\/prosafedz.com\/fr\/wp-json\/wp\/v2\/product_cat?post=35257"},{"taxonomy":"product_tag","embeddable":true,"href":"https:\/\/prosafedz.com\/fr\/wp-json\/wp\/v2\/product_tag?post=35257"}],"curies":[{"name":"wp","href":"https:\/\/api.w.org\/{rel}","templated":true}]}}