{"id":35240,"date":"2024-08-19T12:33:38","date_gmt":"2024-08-19T10:33:38","guid":{"rendered":"https:\/\/prosafedz.com\/fr\/?post_type=product&#038;p=35240"},"modified":"2024-08-19T12:33:38","modified_gmt":"2024-08-19T10:33:38","slug":"polaris-harnais-a-deux-points-ceinture-ref-7pola10nsi","status":"publish","type":"product","link":"https:\/\/prosafedz.com\/fr\/produit\/polaris-harnais-a-deux-points-ceinture-ref-7pola10nsi\/","title":{"rendered":"POLARIS Harnais \u00e0 deux points avec ceinture R\u00e9f: 7POLA10NSI"},"content":{"rendered":"","protected":false},"excerpt":{"rendered":"<div class=\"elementor-element elementor-element-c982ad1 elementor-widget elementor-widget-text-editor\" data-id=\"c982ad1\" data-element_type=\"widget\" data-widget_type=\"text-editor.default\">\n<div class=\"elementor-widget-container\"><strong>DESCRIPTION :<\/strong><\/div>\n<div class=\"elementor-widget-container\">Le harnais \u00e0 deux points avec ceinture POLARIS assure une protection contre les chute de hauteur. Dispositif de pr\u00e9hension du corps destin\u00e9 \u00e0 arr\u00eater une chute, il assure une r\u00e9partition homog\u00e8ne des efforts r\u00e9sultant d\u2019une chute \u00e0 travers tout le corps. Equip\u00e9 d\u2019une ceinture de maintien, il permet d\u2019\u00eatre utilis\u00e9 dans un syst\u00e8me de maintien comme le travail sur \u00e9chelle, pyl\u00f4ne ou structure verticale. * Caract\u00e9ristiques : Porte-longes * Sangle : Sangle polyester 44 mm * Points d\u2019attache : 2 points antichute : D d\u2019accrochage dorsal et point d\u2019accrochage sternal par boucles textiles 2 D d\u2019accrochage lat\u00e9raux de maintien * Boucles : Boucles manuelles * Ajustements : Sangle sternale et cuissardes r\u00e9glables * Ceinture de maintien : ajustable, avec dosseret de confort et 2 boucles porte-outils * R\u00e9sistance rupture : &gt; 15kN * Poids : 1,48 kg<\/div>\n<\/div>\n<div class=\"elementor-element elementor-element-f5a3b61 elementor-widget elementor-widget-text-editor\" data-id=\"f5a3b61\" data-element_type=\"widget\" data-widget_type=\"text-editor.default\">\n<div class=\"elementor-widget-container\"><strong>AVANTAGES :\u00a0<\/strong><\/div>\n<div class=\"elementor-widget-container\">L\u00e9g\u00e8ret\u00e9 Sangle sternale et cuissardes de couleur diff\u00e9rente Porte-longes<\/div>\n<\/div>\n<div class=\"elementor-element elementor-element-25df943 elementor-widget elementor-widget-text-editor\" data-id=\"25df943\" data-element_type=\"widget\" data-widget_type=\"text-editor.default\">\n<div class=\"elementor-widget-container\"><strong>SECTEURS INDUSTRIELS :\u00a0<\/strong><\/div>\n<div class=\"elementor-widget-container\">building industry, Collectivit\u00e9s (maintenance; entretien d\u2019espaces verts; collecte des d\u00e9chets\u2026), Energie (production et distribution), Exploitation mini\u00e8re, Industries extractives (p\u00e9trole; gas), Industries l\u00e9g\u00e8res (textile; cuir; plasturgie; caoutchouc; meubles; luxe\u2026), Industries lourdes et de process, Infrastructure, Infrastructures; BTP; TP, Maintenance<\/div>\n<\/div>\n<div class=\"elementor-element elementor-element-2b1d586 elementor-widget elementor-widget-text-editor\" data-id=\"2b1d586\" data-element_type=\"widget\" data-widget_type=\"text-editor.default\">\n<div class=\"elementor-widget-container\"><strong>COULEUR :\u00a0<\/strong>Noir<\/div>\n<\/div>\n<div><\/div>\n<p><a href=\"https:\/\/acrobat.adobe.com\/id\/urn:aaid:sc:EU:f4b44e68-9770-4e78-931a-d5e544459de7 \" target=\"_blank\" rel=\"noopener noreferrer\"><button style=\"background-color: #90a96b; font-seize: 20px;\"><strong>T\u00e9l\u00e9charger La Fiche Technique<\/strong><\/button><\/a><\/p>\n","protected":false},"featured_media":35241,"template":"","meta":[],"product_brand":[],"product_cat":[1067,821],"product_tag":[],"class_list":{"0":"post-35240","1":"product","2":"type-product","3":"status-publish","4":"has-post-thumbnail","6":"product_cat-8-anti-chute","7":"product_cat-harnais-8-anti-chute","9":"first","10":"instock","11":"shipping-taxable","12":"product-type-simple"},"_links":{"self":[{"href":"https:\/\/prosafedz.com\/fr\/wp-json\/wp\/v2\/product\/35240","targetHints":{"allow":["GET"]}}],"collection":[{"href":"https:\/\/prosafedz.com\/fr\/wp-json\/wp\/v2\/product"}],"about":[{"href":"https:\/\/prosafedz.com\/fr\/wp-json\/wp\/v2\/types\/product"}],"wp:featuredmedia":[{"embeddable":true,"href":"https:\/\/prosafedz.com\/fr\/wp-json\/wp\/v2\/media\/35241"}],"wp:attachment":[{"href":"https:\/\/prosafedz.com\/fr\/wp-json\/wp\/v2\/media?parent=35240"}],"wp:term":[{"taxonomy":"product_brand","embeddable":true,"href":"https:\/\/prosafedz.com\/fr\/wp-json\/wp\/v2\/product_brand?post=35240"},{"taxonomy":"product_cat","embeddable":true,"href":"https:\/\/prosafedz.com\/fr\/wp-json\/wp\/v2\/product_cat?post=35240"},{"taxonomy":"product_tag","embeddable":true,"href":"https:\/\/prosafedz.com\/fr\/wp-json\/wp\/v2\/product_tag?post=35240"}],"curies":[{"name":"wp","href":"https:\/\/api.w.org\/{rel}","templated":true}]}}