{"id":35237,"date":"2024-08-19T12:17:00","date_gmt":"2024-08-19T10:17:00","guid":{"rendered":"https:\/\/prosafedz.com\/fr\/?post_type=product&#038;p=35237"},"modified":"2024-08-19T12:17:00","modified_gmt":"2024-08-19T10:17:00","slug":"schorl-chaussure-de-securite-basse-noir-reflechissante-ref-9sch100","status":"publish","type":"product","link":"https:\/\/prosafedz.com\/fr\/produit\/schorl-chaussure-de-securite-basse-noir-reflechissante-ref-9sch100\/","title":{"rendered":"SCHORL Chaussure de S\u00e9curit\u00e9 Basse Noir &#038; R\u00e9fl\u00e9chissante R\u00e9f: 9SCH100"},"content":{"rendered":"","protected":false},"excerpt":{"rendered":"<div class=\"elementor-element elementor-element-c982ad1 elementor-widget elementor-widget-text-editor\" data-id=\"c982ad1\" data-element_type=\"widget\" data-widget_type=\"text-editor.default\">\n<div class=\"elementor-widget-container\"><strong>DESCRIPTION : <\/strong><\/div>\n<div class=\"elementor-widget-container\">SCHORL est une basket de s\u00e9curit\u00e9 compos\u00e9e d\u2019une tige en polyester Oxford assurant une respirabilit\u00e9 optimale. Les renforts avant, lat\u00e9raux et arri\u00e8re en KPU procurent durabilit\u00e9 et long\u00e9vit\u00e9 accrues. Les bandes r\u00e9tro-r\u00e9fl\u00e9chissantes augmentent la s\u00e9curit\u00e9 de l\u2019utilisateur. Sans m\u00e9tal, cette chaussure est \u00e9quip\u00e9e d\u2019un embout de protection composite et d\u2019une semelle anti-perforation textile qui lui conf\u00e8rent une flexibilit\u00e9 et une isolation thermique optimales. Confort et r\u00e9sistance assur\u00e9s par la semelle ext\u00e9rieure ramponn\u00e9e en caoutchouc nitrile et la semelle interm\u00e9diaire en polyur\u00e9thane. SCHORL est adapt\u00e9e \u00e0 des utilisations normales en int\u00e9rieur comme en ext\u00e9rieur.<\/div>\n<\/div>\n<div class=\"elementor-element elementor-element-f5a3b61 elementor-widget elementor-widget-text-editor\" data-id=\"f5a3b61\" data-element_type=\"widget\" data-widget_type=\"text-editor.default\">\n<div class=\"elementor-widget-container\"><strong>AVANTAGES :\u00a0<\/strong><\/div>\n<div class=\"elementor-widget-container\">*Design sport. * Sans m\u00e9tal. * Garniture r\u00e9fl\u00e9chissante. * Talon d\u00e9croch\u00e9 et relev\u00e9.<\/div>\n<\/div>\n<div class=\"elementor-element elementor-element-25df943 elementor-widget elementor-widget-text-editor\" data-id=\"25df943\" data-element_type=\"widget\" data-widget_type=\"text-editor.default\">\n<div class=\"elementor-widget-container\"><strong>SECTEURS INDUSTRIELS :\u00a0<\/strong><\/div>\n<div class=\"elementor-widget-container\">Infrastructures; BTP; TP, Second-\u0153uvre du b\u00e2timent, Services et distribution (magasins; h\u00f4tels\/restaurants; nettoyage; garages\u2026), Transport (hors fabrication) et logistique<\/div>\n<\/div>\n<div class=\"elementor-element elementor-element-2b1d586 elementor-widget elementor-widget-text-editor\" data-id=\"2b1d586\" data-element_type=\"widget\" data-widget_type=\"text-editor.default\">\n<div class=\"elementor-widget-container\"><strong>COULEUR :\u00a0<\/strong>Noir<\/div>\n<\/div>\n<div><\/div>\n<p><a href=\"https:\/\/acrobat.adobe.com\/id\/urn:aaid:sc:eu:3556a05b-03c5-422a-b0f3-b9f2acb4948c \" target=\"_blank\" rel=\"noopener noreferrer\"><button style=\"background-color: #90a96b; font-seize: 20px;\"><strong>T\u00e9l\u00e9charger La Fiche Technique<\/strong><\/button><\/a><\/p>\n","protected":false},"featured_media":35238,"template":"","meta":[],"product_brand":[],"product_cat":[40,1066],"product_tag":[],"class_list":{"0":"post-35237","1":"product","2":"type-product","3":"status-publish","4":"has-post-thumbnail","6":"product_cat-7-2-chaussures-basse","7":"product_cat-7-protection-des-pieds","9":"first","10":"instock","11":"shipping-taxable","12":"product-type-simple"},"_links":{"self":[{"href":"https:\/\/prosafedz.com\/fr\/wp-json\/wp\/v2\/product\/35237","targetHints":{"allow":["GET"]}}],"collection":[{"href":"https:\/\/prosafedz.com\/fr\/wp-json\/wp\/v2\/product"}],"about":[{"href":"https:\/\/prosafedz.com\/fr\/wp-json\/wp\/v2\/types\/product"}],"wp:featuredmedia":[{"embeddable":true,"href":"https:\/\/prosafedz.com\/fr\/wp-json\/wp\/v2\/media\/35238"}],"wp:attachment":[{"href":"https:\/\/prosafedz.com\/fr\/wp-json\/wp\/v2\/media?parent=35237"}],"wp:term":[{"taxonomy":"product_brand","embeddable":true,"href":"https:\/\/prosafedz.com\/fr\/wp-json\/wp\/v2\/product_brand?post=35237"},{"taxonomy":"product_cat","embeddable":true,"href":"https:\/\/prosafedz.com\/fr\/wp-json\/wp\/v2\/product_cat?post=35237"},{"taxonomy":"product_tag","embeddable":true,"href":"https:\/\/prosafedz.com\/fr\/wp-json\/wp\/v2\/product_tag?post=35237"}],"curies":[{"name":"wp","href":"https:\/\/api.w.org\/{rel}","templated":true}]}}