{"id":35223,"date":"2024-07-31T11:44:59","date_gmt":"2024-07-31T09:44:59","guid":{"rendered":"https:\/\/prosafedz.com\/fr\/?post_type=product&#038;p=35223"},"modified":"2024-07-31T11:44:59","modified_gmt":"2024-07-31T09:44:59","slug":"chaussure-de-ville-ref-iravil","status":"publish","type":"product","link":"https:\/\/prosafedz.com\/fr\/produit\/chaussure-de-ville-ref-iravil\/","title":{"rendered":"Chaussure de Ville R\u00e9f : IRAVIL"},"content":{"rendered":"","protected":false},"excerpt":{"rendered":"<p data-padding=\"10px\"><strong>DESCRIPTION :<\/strong><\/p>\n<p>&#8211; Chaussure de cuir vachette Lyse noir<\/p>\n<p>&#8211; Semelle coll\u00e9 et soud\u00e9 sur tige<\/p>\n<p>&#8211; Lacet conforme \u00e0 la norme 70<\/p>\n<p>&#8211; Premi\u00e8re propret\u00e9 marque texan avec renfort ergonomique amovible<\/p>\n<p>&#8211; Epaisseur 71<\/p>\n<p>&#8211; Combriyant en acier<\/p>\n<p>&#8211;\u00a0 Doublure conforme \u00e0 la norme<\/p>\n<p>&#8211; Semelle noble en mat\u00e9riau composite antid\u00e9rapante et r\u00e9sistante<\/p>\n<p>&#8211; Contrefort \u00e9pais N\u00b008 conforme \u00e0 la norme<\/p>\n<p>&#8211; Conditionnement de Vente 10 boites par carton<\/p>\n<p><strong>SECTEURS INDUSTRIEL :<\/strong><\/p>\n<p>&#8211; Professionnel (bureaux, entreprises, financier et juridique)<\/p>\n<p>&#8211; Secteur de l\u2019h\u00f4tellerie (la restauration haut de gamme) et du tourisme<\/p>\n<p>&#8211; Secteur des arts et du divertissement<\/p>\n<p>&nbsp;<\/p>\n<p>&nbsp;<\/p>\n<p><a href=\"https:\/\/acrobat.adobe.com\/id\/urn:aaid:sc:eu:fd796288-b173-40c1-bf9b-2c670ef58763\" target=\"_blank\" rel=\"noopener noreferrer\"><button style=\"background-color: #90a96b; font-seize: 20px;\"><strong>T\u00e9l\u00e9charger La Fiche Technique<\/strong><\/button><\/a><\/p>\n","protected":false},"featured_media":35225,"template":"","meta":[],"product_brand":[],"product_cat":[40,1066],"product_tag":[],"class_list":{"0":"post-35223","1":"product","2":"type-product","3":"status-publish","4":"has-post-thumbnail","6":"product_cat-7-2-chaussures-basse","7":"product_cat-7-protection-des-pieds","9":"first","10":"instock","11":"shipping-taxable","12":"product-type-simple"},"_links":{"self":[{"href":"https:\/\/prosafedz.com\/fr\/wp-json\/wp\/v2\/product\/35223","targetHints":{"allow":["GET"]}}],"collection":[{"href":"https:\/\/prosafedz.com\/fr\/wp-json\/wp\/v2\/product"}],"about":[{"href":"https:\/\/prosafedz.com\/fr\/wp-json\/wp\/v2\/types\/product"}],"wp:featuredmedia":[{"embeddable":true,"href":"https:\/\/prosafedz.com\/fr\/wp-json\/wp\/v2\/media\/35225"}],"wp:attachment":[{"href":"https:\/\/prosafedz.com\/fr\/wp-json\/wp\/v2\/media?parent=35223"}],"wp:term":[{"taxonomy":"product_brand","embeddable":true,"href":"https:\/\/prosafedz.com\/fr\/wp-json\/wp\/v2\/product_brand?post=35223"},{"taxonomy":"product_cat","embeddable":true,"href":"https:\/\/prosafedz.com\/fr\/wp-json\/wp\/v2\/product_cat?post=35223"},{"taxonomy":"product_tag","embeddable":true,"href":"https:\/\/prosafedz.com\/fr\/wp-json\/wp\/v2\/product_tag?post=35223"}],"curies":[{"name":"wp","href":"https:\/\/api.w.org\/{rel}","templated":true}]}}