{"id":35212,"date":"2024-07-31T11:22:59","date_gmt":"2024-07-31T09:22:59","guid":{"rendered":"https:\/\/prosafedz.com\/fr\/?post_type=product&#038;p=35212"},"modified":"2024-07-31T11:22:59","modified_gmt":"2024-07-31T09:22:59","slug":"adam-polo-100-coton-ref-adamco","status":"publish","type":"product","link":"https:\/\/prosafedz.com\/fr\/produit\/adam-polo-100-coton-ref-adamco\/","title":{"rendered":"ADAM Polo 100% Coton &#8211; R\u00e9f: ADMCO"},"content":{"rendered":"","protected":false},"excerpt":{"rendered":"<div class=\"elementor-element elementor-element-c982ad1 elementor-widget elementor-widget-text-editor\" data-id=\"c982ad1\" data-element_type=\"widget\" data-widget_type=\"text-editor.default\">\n<div class=\"elementor-widget-container\"><strong>DESCRIPTION : <\/strong><\/div>\n<div class=\"elementor-widget-container\">Polo manches courtes Coup\u00e9 Cousu Tricot Double peign\u00e9 3 Boutons 100% coton Emballage Individuel Tailles : S \u00e0 3XL<\/div>\n<\/div>\n<div class=\"elementor-element elementor-element-f5a3b61 elementor-widget elementor-widget-text-editor\" data-id=\"f5a3b61\" data-element_type=\"widget\" data-widget_type=\"text-editor.default\">\n<div class=\"elementor-widget-container\">\n<div class=\"elementor-element elementor-element-c982ad1 elementor-widget elementor-widget-text-editor\" data-id=\"c982ad1\" data-element_type=\"widget\" data-widget_type=\"text-editor.default\">\n<div class=\"elementor-widget-container\"><\/div>\n<\/div>\n<div class=\"elementor-element elementor-element-f5a3b61 elementor-widget elementor-widget-text-editor\" data-id=\"f5a3b61\" data-element_type=\"widget\" data-widget_type=\"text-editor.default\">\n<div class=\"elementor-widget-container\"><strong>AVANTAGES :\u00a0<\/strong><\/div>\n<div class=\"elementor-widget-container\">Polyvalence Simplicit\u00e9 L\u00e9g\u00e8ret\u00e9<\/div>\n<\/div>\n<div class=\"elementor-element elementor-element-25df943 elementor-widget elementor-widget-text-editor\" data-id=\"25df943\" data-element_type=\"widget\" data-widget_type=\"text-editor.default\">\n<div><\/div>\n<div class=\"elementor-widget-container\"><strong>SECTEURS INDUSTRIELS :\u00a0<\/strong><\/div>\n<div class=\"elementor-widget-container\">Bricolage,\u00a0Collectivit\u00e9s (maintenance; entretien d\u2019espaces verts; collecte des d\u00e9chets\u2026),\u00a0Hygi\u00e8ne,\u00a0Industries l\u00e9g\u00e8res (textile,\u00a0Maintenance,\u00a0Second-\u0153uvre du b\u00e2timent,\u00a0Services et distribution,\u00a0Transport (hors fabrication) et logistique,\u00a0Travaux courants<\/div>\n<\/div>\n<div class=\"elementor-element elementor-element-a85e92f elementor-widget elementor-widget-text-editor\" data-id=\"a85e92f\" data-element_type=\"widget\" data-widget_type=\"text-editor.default\">\n<div class=\"elementor-widget-container\"><\/div>\n<\/div>\n<div class=\"elementor-element elementor-element-6fcf91c elementor-widget elementor-widget-text-editor\" data-id=\"6fcf91c\" data-element_type=\"widget\" data-widget_type=\"text-editor.default\">\n<div class=\"elementor-widget-container\"><strong>GAMME :\u00a0<\/strong><\/div>\n<div class=\"elementor-widget-container\">Made In Algeria<\/div>\n<div><\/div>\n<\/div>\n<\/div>\n<\/div>\n<div class=\"elementor-element elementor-element-f5a3b61 elementor-widget elementor-widget-text-editor\" data-id=\"f5a3b61\" data-element_type=\"widget\" data-widget_type=\"text-editor.default\">\n<div class=\"elementor-widget-container\">\n<div class=\"elementor-element elementor-element-2b1d586 elementor-widget elementor-widget-text-editor\" data-id=\"2b1d586\" data-element_type=\"widget\" data-widget_type=\"text-editor.default\">\n<div class=\"elementor-widget-container\"><strong>COULEUR :\u00a0<\/strong>Beige Tabac,\u00a0Blanc,\u00a0Bleu Navy,\u00a0Bleu Roi,\u00a0Bleu Turquois,\u00a0Grenat,\u00a0Gris,\u00a0Jaune,\u00a0Marron,\u00a0Noir,\u00a0Orange,\u00a0Rouge,\u00a0Vert Drapeau,\u00a0Vert Olive<\/div>\n<\/div>\n<p>Polyvalence Simplicit\u00e9 L\u00e9g\u00e8ret\u00e9<\/p>\n<\/div>\n<\/div>\n<div class=\"elementor-element elementor-element-25df943 elementor-widget elementor-widget-text-editor\" data-id=\"25df943\" data-element_type=\"widget\" data-widget_type=\"text-editor.default\">\n<div><\/div>\n<\/div>\n<p><a href=\"https:\/\/acrobat.adobe.com\/id\/urn:aaid:sc:EU:ad7f6ec0-0fbf-4cf7-b07c-98f20a6b5892\" target=\"_blank\" rel=\"noopener noreferrer\"><button style=\"background-color: #90a96b; font-seize: 20px;\"><strong>T\u00e9l\u00e9charger La Fiche Technique<\/strong><\/button><\/a><\/p>\n","protected":false},"featured_media":35218,"template":"","meta":[],"product_brand":[],"product_cat":[946,1065],"product_tag":[],"class_list":{"0":"post-35212","1":"product","2":"type-product","3":"status-publish","4":"has-post-thumbnail","6":"product_cat-6-5-polo-t-shirt","7":"product_cat-6-vetements-de-travail","9":"first","10":"instock","11":"shipping-taxable","12":"product-type-simple"},"_links":{"self":[{"href":"https:\/\/prosafedz.com\/fr\/wp-json\/wp\/v2\/product\/35212","targetHints":{"allow":["GET"]}}],"collection":[{"href":"https:\/\/prosafedz.com\/fr\/wp-json\/wp\/v2\/product"}],"about":[{"href":"https:\/\/prosafedz.com\/fr\/wp-json\/wp\/v2\/types\/product"}],"wp:featuredmedia":[{"embeddable":true,"href":"https:\/\/prosafedz.com\/fr\/wp-json\/wp\/v2\/media\/35218"}],"wp:attachment":[{"href":"https:\/\/prosafedz.com\/fr\/wp-json\/wp\/v2\/media?parent=35212"}],"wp:term":[{"taxonomy":"product_brand","embeddable":true,"href":"https:\/\/prosafedz.com\/fr\/wp-json\/wp\/v2\/product_brand?post=35212"},{"taxonomy":"product_cat","embeddable":true,"href":"https:\/\/prosafedz.com\/fr\/wp-json\/wp\/v2\/product_cat?post=35212"},{"taxonomy":"product_tag","embeddable":true,"href":"https:\/\/prosafedz.com\/fr\/wp-json\/wp\/v2\/product_tag?post=35212"}],"curies":[{"name":"wp","href":"https:\/\/api.w.org\/{rel}","templated":true}]}}