{"id":35145,"date":"2024-05-21T14:56:43","date_gmt":"2024-05-21T12:56:43","guid":{"rendered":"https:\/\/prosafedz.com\/fr\/?post_type=product&#038;p=35145"},"modified":"2024-07-31T11:10:18","modified_gmt":"2024-07-31T09:10:18","slug":"work-jean-de-travail-ref-jw-blf","status":"publish","type":"product","link":"https:\/\/prosafedz.com\/fr\/produit\/work-jean-de-travail-ref-jw-blf\/","title":{"rendered":"WORK Jean de travail R\u00e9f: JW-BLF"},"content":{"rendered":"<div class=\"elementor-element elementor-element-f5a3b61 elementor-widget elementor-widget-text-editor\" data-id=\"f5a3b61\" data-element_type=\"widget\" data-widget_type=\"text-editor.default\">\n<div class=\"elementor-widget-container\"><strong>AVANTAGES :\u00a0<\/strong><\/div>\n<div class=\"elementor-widget-container\">Style<\/div>\n<div class=\"elementor-widget-container\">Solidit\u00e9<\/div>\n<div class=\"elementor-widget-container\">Praticit\u00e9<\/div>\n<div class=\"elementor-widget-container\">Look<\/div>\n<div><\/div>\n<\/div>\n<div class=\"elementor-element elementor-element-25df943 elementor-widget elementor-widget-text-editor\" data-id=\"25df943\" data-element_type=\"widget\" data-widget_type=\"text-editor.default\">\n<div class=\"elementor-widget-container\"><strong>SECTEURS INDUSTRIELS :\u00a0<\/strong><\/div>\n<div class=\"elementor-widget-container\">Collectivit\u00e9s (maintenance; entretien d\u2019espaces verts; collecte des d\u00e9chets\u2026)<\/div>\n<div class=\"elementor-widget-container\">Constructions m\u00e9caniques (industrie automobile; a\u00e9ronautique; v\u00e9hicules de transport)<\/div>\n<div class=\"elementor-widget-container\">Industries l\u00e9g\u00e8res (textile; cuir; plasturgie; caoutchouc; meubles; luxe\u2026)<\/div>\n<div class=\"elementor-widget-container\">Infrastructures;<\/div>\n<div class=\"elementor-widget-container\">BTP; TP, Second-\u0153uvre du b\u00e2timent<\/div>\n<div class=\"elementor-widget-container\">Services et distribution (magasins; h\u00f4tels\/restaurants; nettoyage; garages\u2026)<\/div>\n<div class=\"elementor-widget-container\">Transport (hors fabrication) et logistique<\/div>\n<div class=\"elementor-widget-container\">Travaux courants<\/div>\n<\/div>\n","protected":false},"excerpt":{"rendered":"<p><strong>DESCRIPTION\u00a0<\/strong><\/p>\n<p>WORK est un jean de travail, Made In Algeria. Il permet d\u2019adopter un look d\u00e9contract\u00e9 tout en restant un v\u00eatement professionnel et fonctionnel. Egalement robuste, le jean de travail WORK de la marque Keepers repr\u00e9sente une alternative design et pratique au pantalon de travail classique<\/p>\n<p>&nbsp;<\/p>\n<p><a href=\"https:\/\/prosafedz.com\/fr\/wp-content\/uploads\/2024\/05\/download-33.pdf\" target=\"_blank\" rel=\"noopener noreferrer\"><button style=\"background-color: #90a96b; font-seize: 20px;\"><strong>T\u00e9l\u00e9charger La Fiche Technique<\/strong><\/button><\/a><\/p>\n","protected":false},"featured_media":35147,"template":"","meta":[],"product_brand":[],"product_cat":[19,1065],"product_tag":[],"class_list":{"0":"post-35145","1":"product","2":"type-product","3":"status-publish","4":"has-post-thumbnail","6":"product_cat-6-2-pantalons-de-travail","7":"product_cat-6-vetements-de-travail","9":"first","10":"instock","11":"shipping-taxable","12":"product-type-simple"},"_links":{"self":[{"href":"https:\/\/prosafedz.com\/fr\/wp-json\/wp\/v2\/product\/35145","targetHints":{"allow":["GET"]}}],"collection":[{"href":"https:\/\/prosafedz.com\/fr\/wp-json\/wp\/v2\/product"}],"about":[{"href":"https:\/\/prosafedz.com\/fr\/wp-json\/wp\/v2\/types\/product"}],"wp:featuredmedia":[{"embeddable":true,"href":"https:\/\/prosafedz.com\/fr\/wp-json\/wp\/v2\/media\/35147"}],"wp:attachment":[{"href":"https:\/\/prosafedz.com\/fr\/wp-json\/wp\/v2\/media?parent=35145"}],"wp:term":[{"taxonomy":"product_brand","embeddable":true,"href":"https:\/\/prosafedz.com\/fr\/wp-json\/wp\/v2\/product_brand?post=35145"},{"taxonomy":"product_cat","embeddable":true,"href":"https:\/\/prosafedz.com\/fr\/wp-json\/wp\/v2\/product_cat?post=35145"},{"taxonomy":"product_tag","embeddable":true,"href":"https:\/\/prosafedz.com\/fr\/wp-json\/wp\/v2\/product_tag?post=35145"}],"curies":[{"name":"wp","href":"https:\/\/api.w.org\/{rel}","templated":true}]}}