{"id":34987,"date":"2024-05-16T16:40:05","date_gmt":"2024-05-16T14:40:05","guid":{"rendered":"https:\/\/prosafedz.com\/fr\/?post_type=product&#038;p=34987"},"modified":"2024-09-15T12:06:15","modified_gmt":"2024-09-15T10:06:15","slug":"eurolite-max25-ref-1nist00","status":"publish","type":"product","link":"https:\/\/prosafedz.com\/fr\/produit\/eurolite-max25-ref-1nist00\/","title":{"rendered":"EUROLITE MAX25 R\u00e9f: 1NIST00"},"content":{"rendered":"<p><strong>AVANTAGES : <\/strong><\/p>\n<p>COVERPERF BREATHABILITY : Confort, respirabilit\u00e9 maximum COVERPERF DURABILITY : Ultra haute r\u00e9sistance \u00e0 l&rsquo;abrasion Excellent grip Ajustement adaptatif apr\u00e8s 3-5 minutes<\/p>\n<p><strong>SECTEURS INDUSTRIELS :<\/strong><\/p>\n<p>&#8211; Constructions m\u00e9caniques (industrie automobile; a\u00e9ronautique; v\u00e9hicules de transport)<\/p>\n<p>&#8211; Industries l\u00e9g\u00e8res (textile; cuir; plasturgie; caoutchouc; meubles; luxe\u2026)<\/p>\n<p>&#8211; Industries lourdes et de process<\/p>\n<p>&#8211; Maintenance<\/p>\n<p>&#8211; Second-\u0153uvre du b\u00e2timent<\/p>\n","protected":false},"excerpt":{"rendered":"<div id=\"description\">\n<div class=\"product attibute description\">\n<div><strong>DESCRIPTION :<\/strong><\/div>\n<div><\/div>\n<div class=\"value\">Gants EUROLITE MAX25 tricot \u00e0 base de polyamide gris, jauge 15, enduction palmaire en sandy nitrile noire, Poignet tricot \u00e9lastique. Certifi\u00e9 OEKO-TEX\u00ae STANDARD 100, CQ 1301\/1, IFTH ou SH020 131830, TESTEX<\/div>\n<div><\/div>\n<\/div>\n<\/div>\n<div id=\"additional\">\n<div class=\"additional-attributes-wrapper\"><\/div>\n<\/div>\n<p><a href=\"https:\/\/prosafedz.com\/fr\/wp-content\/uploads\/2024\/05\/1NIST00_fr.pdf\n\" target=\"_blank\" rel=\"noopener noreferrer\"><button style=\"background-color: #90a96b; font-seize: 20px;\"><strong>T\u00e9l\u00e9charger La Fiche Technique<\/strong><\/button><\/a><\/p>\n","protected":false},"featured_media":35232,"template":"","meta":[],"product_brand":[],"product_cat":[125,262,1064],"product_tag":[],"class_list":{"0":"post-34987","1":"product","2":"type-product","3":"status-publish","4":"has-post-thumbnail","6":"product_cat-5-3-gants-de-manutention-docker-tricote","7":"product_cat-5-2-gants-de-precision","8":"product_cat-5-protection-des-mains","10":"first","11":"instock","12":"shipping-taxable","13":"product-type-simple"},"_links":{"self":[{"href":"https:\/\/prosafedz.com\/fr\/wp-json\/wp\/v2\/product\/34987","targetHints":{"allow":["GET"]}}],"collection":[{"href":"https:\/\/prosafedz.com\/fr\/wp-json\/wp\/v2\/product"}],"about":[{"href":"https:\/\/prosafedz.com\/fr\/wp-json\/wp\/v2\/types\/product"}],"wp:featuredmedia":[{"embeddable":true,"href":"https:\/\/prosafedz.com\/fr\/wp-json\/wp\/v2\/media\/35232"}],"wp:attachment":[{"href":"https:\/\/prosafedz.com\/fr\/wp-json\/wp\/v2\/media?parent=34987"}],"wp:term":[{"taxonomy":"product_brand","embeddable":true,"href":"https:\/\/prosafedz.com\/fr\/wp-json\/wp\/v2\/product_brand?post=34987"},{"taxonomy":"product_cat","embeddable":true,"href":"https:\/\/prosafedz.com\/fr\/wp-json\/wp\/v2\/product_cat?post=34987"},{"taxonomy":"product_tag","embeddable":true,"href":"https:\/\/prosafedz.com\/fr\/wp-json\/wp\/v2\/product_tag?post=34987"}],"curies":[{"name":"wp","href":"https:\/\/api.w.org\/{rel}","templated":true}]}}