{"id":34984,"date":"2024-05-16T16:25:54","date_gmt":"2024-05-16T14:25:54","guid":{"rendered":"https:\/\/prosafedz.com\/fr\/?post_type=product&#038;p=34984"},"modified":"2024-05-16T16:25:54","modified_gmt":"2024-05-16T14:25:54","slug":"casque-anti-bruit-vaultex-ref-st_vaultex","status":"publish","type":"product","link":"https:\/\/prosafedz.com\/fr\/produit\/casque-anti-bruit-vaultex-ref-st_vaultex\/","title":{"rendered":"Casque Anti-bruit Vaultex R\u00e9f: ST_VAULTEX"},"content":{"rendered":"<p><strong>SECTEURS\u00a0 : <\/strong><\/p>\n<p>&#8211; Industrie de la construction<br \/>\n&#8211; Ateliers de fabrication<br \/>\n&#8211; Environnement industriels bruyants<br \/>\n&#8211; Travaux en ext\u00e9rieurs.<\/p>\n<p><strong>EXEMPLE D&rsquo;APPLICATION :\u00a0<\/strong><\/p>\n<p>Particuli\u00e8rement adapt\u00e9 pour les milieux dangereux, n\u00e9cessitant \u00e9galement une protection de la t\u00eate, b\u00e2timents et travaux publics.<\/p>\n<p><strong>NORMES :\u00a0<\/strong><\/p>\n<p>Conforme \u00e0 la norme EN352-1\u00a0:2020 pour les protecteurs individuels contre le bruit<\/p>\n","protected":false},"excerpt":{"rendered":"<p><strong>DESCRIPTION :\u00a0<\/strong><\/p>\n<p>Dot\u00e9s d&rsquo;oreillettes rembourr\u00e9es qui se referment autour des oreilles pour bloquer les bruits excessifs, contribuant ainsi \u00e0 pr\u00e9venir les l\u00e9sions auditives dans les environnements bruyants. Dot\u00e9es d&rsquo;un bandeau r\u00e9glable, elles sont con\u00e7ues pour s&rsquo;adapter confortablement \u00e0 diff\u00e9rentes tailles de t\u00eate et peuvent \u00eatre utilis\u00e9es pendant de longues p\u00e9riodes.<\/p>\n<p><a href=\"https:\/\/prosafedz.com\/fr\/wp-content\/uploads\/2024\/05\/FICHE-TECHNIQUE-CASQUE-VAULTEX-.pdf\n\" target=\"_blank\" rel=\"noopener noreferrer\"><button style=\"background-color: #90a96b; font-seize: 20px;\"><strong>T\u00e9l\u00e9charger La Fiche Technique<\/strong><\/button><\/a><\/p>\n","protected":false},"featured_media":34986,"template":"","meta":[],"product_brand":[],"product_cat":[696,1063],"product_tag":[],"class_list":{"0":"post-34984","1":"product","2":"type-product","3":"status-publish","4":"has-post-thumbnail","6":"product_cat-4-4-casque-anti-bruit","7":"product_cat-4-protection-auditive","9":"first","10":"instock","11":"shipping-taxable","12":"product-type-simple"},"_links":{"self":[{"href":"https:\/\/prosafedz.com\/fr\/wp-json\/wp\/v2\/product\/34984","targetHints":{"allow":["GET"]}}],"collection":[{"href":"https:\/\/prosafedz.com\/fr\/wp-json\/wp\/v2\/product"}],"about":[{"href":"https:\/\/prosafedz.com\/fr\/wp-json\/wp\/v2\/types\/product"}],"wp:featuredmedia":[{"embeddable":true,"href":"https:\/\/prosafedz.com\/fr\/wp-json\/wp\/v2\/media\/34986"}],"wp:attachment":[{"href":"https:\/\/prosafedz.com\/fr\/wp-json\/wp\/v2\/media?parent=34984"}],"wp:term":[{"taxonomy":"product_brand","embeddable":true,"href":"https:\/\/prosafedz.com\/fr\/wp-json\/wp\/v2\/product_brand?post=34984"},{"taxonomy":"product_cat","embeddable":true,"href":"https:\/\/prosafedz.com\/fr\/wp-json\/wp\/v2\/product_cat?post=34984"},{"taxonomy":"product_tag","embeddable":true,"href":"https:\/\/prosafedz.com\/fr\/wp-json\/wp\/v2\/product_tag?post=34984"}],"curies":[{"name":"wp","href":"https:\/\/api.w.org\/{rel}","templated":true}]}}