{"id":34979,"date":"2024-05-16T16:06:28","date_gmt":"2024-05-16T14:06:28","guid":{"rendered":"https:\/\/prosafedz.com\/fr\/?post_type=product&#038;p=34979"},"modified":"2024-05-16T16:06:29","modified_gmt":"2024-05-16T14:06:29","slug":"masque-kn95-ref-cilk95","status":"publish","type":"product","link":"https:\/\/prosafedz.com\/fr\/produit\/masque-kn95-ref-cilk95\/","title":{"rendered":"Masque KN95 R\u00e9f: CILK95"},"content":{"rendered":"<p><strong>AVANTAGE :\u00a0<\/strong><\/p>\n<p>La composition du masque offre une r\u00e9sistance au feu plus \u00e9lev\u00e9 qu\u2019un simple masque. La couche de tissu souffl\u00e9 par fusion ne peut \u00eatre facilement enflamm\u00e9 dans des circonstances normal d\u2019utilisation.<\/p>\n","protected":false},"excerpt":{"rendered":"<p><strong>Description du produit :<\/strong><\/p>\n<p>&#8211; Masque FFP2 \/ KN95.<br \/>\n&#8211; Polypropyl\u00e8ne non tiss\u00e9.<br \/>\n&#8211; Couleur blanche.<br \/>\n&#8211; Longueur : 160mm +\/- 5mm.<br \/>\n&#8211; Largeur : 105mm +\/- 5mm.<br \/>\n&#8211; Longueur des lani\u00e8res : 205mm\/lani\u00e8re +\/-5mm.<br \/>\n&#8211; Longueur de la barette nasale : 90mm +\/- 5mm.<br \/>\n&#8211; 5 couches.<\/p>\n<p><a href=\"https:\/\/prosafedz.com\/fr\/wp-content\/uploads\/2024\/05\/FT_NORM22_Masques_KN95.pdf\n\" target=\"_blank\" rel=\"noopener noreferrer\"><button style=\"background-color: #90a96b; font-seize: 20px;\"><strong>T\u00e9l\u00e9charger La Fiche Technique<\/strong><\/button><\/a><\/p>\n","protected":false},"featured_media":34980,"template":"","meta":[],"product_brand":[],"product_cat":[633,1062],"product_tag":[],"class_list":{"0":"post-34979","1":"product","2":"type-product","3":"status-publish","4":"has-post-thumbnail","6":"product_cat-3-1-masques-anti-poussieres","7":"product_cat-3-protection-des-voies-respiratoires","9":"first","10":"instock","11":"shipping-taxable","12":"product-type-simple"},"_links":{"self":[{"href":"https:\/\/prosafedz.com\/fr\/wp-json\/wp\/v2\/product\/34979","targetHints":{"allow":["GET"]}}],"collection":[{"href":"https:\/\/prosafedz.com\/fr\/wp-json\/wp\/v2\/product"}],"about":[{"href":"https:\/\/prosafedz.com\/fr\/wp-json\/wp\/v2\/types\/product"}],"wp:featuredmedia":[{"embeddable":true,"href":"https:\/\/prosafedz.com\/fr\/wp-json\/wp\/v2\/media\/34980"}],"wp:attachment":[{"href":"https:\/\/prosafedz.com\/fr\/wp-json\/wp\/v2\/media?parent=34979"}],"wp:term":[{"taxonomy":"product_brand","embeddable":true,"href":"https:\/\/prosafedz.com\/fr\/wp-json\/wp\/v2\/product_brand?post=34979"},{"taxonomy":"product_cat","embeddable":true,"href":"https:\/\/prosafedz.com\/fr\/wp-json\/wp\/v2\/product_cat?post=34979"},{"taxonomy":"product_tag","embeddable":true,"href":"https:\/\/prosafedz.com\/fr\/wp-json\/wp\/v2\/product_tag?post=34979"}],"curies":[{"name":"wp","href":"https:\/\/api.w.org\/{rel}","templated":true}]}}