{"id":34961,"date":"2024-05-16T14:29:32","date_gmt":"2024-05-16T12:29:32","guid":{"rendered":"https:\/\/prosafedz.com\/fr\/?post_type=product&#038;p=34961"},"modified":"2024-08-19T10:37:19","modified_gmt":"2024-08-19T08:37:19","slug":"cartouche-filtre-universel-ref-7050","status":"publish","type":"product","link":"https:\/\/prosafedz.com\/fr\/produit\/cartouche-filtre-universel-ref-7050\/","title":{"rendered":"Cartouche Filtre Universel R\u00e9f : 7050 (EP 21300 )"},"content":{"rendered":"<p><strong>AVANTAGES :<\/strong><\/p>\n<p>&#8211; Fixation DIN RD40 Compatible avec : EURMASK DIN (6EUR100NSI), PANORAMASK 20201, POLYCARBOMASK 20301 et PANAREA 20401<\/p>\n<p>&nbsp;<\/p>\n","protected":false},"excerpt":{"rendered":"<p><strong>DESCRIPTION :\u00a0<\/strong><\/p>\n<p>Filtre combin\u00e9 avec pas de vis universel DIN EN148-1 \/ RD-40, protection A2B2E2K2P3 contre les gaz et vapeurs organiques dont le point d\u2019\u00e9bulition est sup\u00e9rieur \u00e0 65\u00b0C, les poussi\u00e8res, brouillards et fum\u00e9es toxiques fines. Peut s\u2019utiliser avec tous les masques \u00e9quip\u00e9s d\u2019un syst\u00e8me de connexion universelle DIN EN148-1 \/ RD-40, et plus sp\u00e9cifiquement avec PANAREA (20401) et EURMASK DIN (6EUR100NSI). Cartouche en ABS, mat\u00e9riaux de filtration en charbon actif et PP non tiss\u00e9 (trait\u00e9 antifongique et antibact\u00e9rien<br \/>\n<a href=\"https:\/\/prosafedz.com\/fr\/wp-content\/uploads\/2024\/05\/download-24-1.pdf\n\" target=\"_blank\" rel=\"noopener noreferrer\"><button style=\"background-color: #90a96b; font-seize: 20px;\"><strong>T\u00e9l\u00e9charger La Fiche Technique<\/strong><\/button><\/a><\/p>\n","protected":false},"featured_media":34964,"template":"","meta":[],"product_brand":[],"product_cat":[667,1062],"product_tag":[],"class_list":{"0":"post-34961","1":"product","2":"type-product","3":"status-publish","4":"has-post-thumbnail","6":"product_cat-3-5-carouches","7":"product_cat-3-protection-des-voies-respiratoires","9":"first","10":"instock","11":"shipping-taxable","12":"product-type-simple"},"_links":{"self":[{"href":"https:\/\/prosafedz.com\/fr\/wp-json\/wp\/v2\/product\/34961","targetHints":{"allow":["GET"]}}],"collection":[{"href":"https:\/\/prosafedz.com\/fr\/wp-json\/wp\/v2\/product"}],"about":[{"href":"https:\/\/prosafedz.com\/fr\/wp-json\/wp\/v2\/types\/product"}],"wp:featuredmedia":[{"embeddable":true,"href":"https:\/\/prosafedz.com\/fr\/wp-json\/wp\/v2\/media\/34964"}],"wp:attachment":[{"href":"https:\/\/prosafedz.com\/fr\/wp-json\/wp\/v2\/media?parent=34961"}],"wp:term":[{"taxonomy":"product_brand","embeddable":true,"href":"https:\/\/prosafedz.com\/fr\/wp-json\/wp\/v2\/product_brand?post=34961"},{"taxonomy":"product_cat","embeddable":true,"href":"https:\/\/prosafedz.com\/fr\/wp-json\/wp\/v2\/product_cat?post=34961"},{"taxonomy":"product_tag","embeddable":true,"href":"https:\/\/prosafedz.com\/fr\/wp-json\/wp\/v2\/product_tag?post=34961"}],"curies":[{"name":"wp","href":"https:\/\/api.w.org\/{rel}","templated":true}]}}