{"id":34788,"date":"2024-05-12T17:25:57","date_gmt":"2024-05-12T15:25:57","guid":{"rendered":"https:\/\/prosafedz.com\/fr\/?post_type=product&#038;p=34788"},"modified":"2025-02-12T14:20:52","modified_gmt":"2025-02-12T13:20:52","slug":"lunette-de-protection-air-lux-teinte","status":"publish","type":"product","link":"https:\/\/prosafedz.com\/fr\/produit\/lunette-de-protection-air-lux-teinte\/","title":{"rendered":"Lunette de Protection AIR LUX Teint\u00e9 R\u00e9f: 62553"},"content":{"rendered":"<p>Lunette de Protection AIR LUX Teint\u00e9<\/p>\n<p><strong>AVANTAGES :<\/strong><\/p>\n<p>&#8211; Teint\u00e9 anti bu\u00e9e<\/p>\n<p>&#8211; Protection : Compl\u00e8te<\/p>\n<p><strong class=\"label\">SECTEURS INDUSTRIELS :\u00a0<\/strong><\/p>\n<p>\u2013 Bricolage<\/p>\n<p>\u2013 Constructions m\u00e9caniques (industrie automobile; a\u00e9ronautique; v\u00e9hicules de transport)<\/p>\n<p>\u2013 Industries l\u00e9g\u00e8res (textile; cuir; plasturgie; caoutchouc; meubles; luxe\u2026)<\/p>\n<p>\u2013 Infrastructure<\/p>\n<p>\u2013 building industry<\/p>\n<p>\u2013 Maintenance<\/p>\n<p>\u2013 Second-\u0153uvre du b\u00e2timent<\/p>\n<p>\u2013 Transport (hors fabrication) et logistique<\/p>\n<p>&nbsp;<\/p>\n","protected":false},"excerpt":{"rendered":"<p>Lunette de Protection AIR LUX Teint\u00e9 R\u00e9f: 62553<\/p>\n<p><strong>Description :\u00a0<\/strong><\/p>\n<p>Couleur : Noir<\/p>\n<p>Monture : Polycarbonate<\/p>\n<p>Oculaire :Polycarbonate, \u00e9paisseur : 2,3 mm<\/p>\n<p>Poids : 21 g<\/p>\n<p><a href=\"https:\/\/prosafedz.com\/fr\/wp-content\/uploads\/2024\/05\/62550625516255362555-AIRLUX.pdf\n\" target=\"_blank\" rel=\"noopener noreferrer\"><button style=\"background-color: #90a96b; font-seize: 20px;\"><strong>T\u00e9l\u00e9charger La Fiche Technique<\/strong><\/button><\/a><\/p>\n","protected":false},"featured_media":35461,"template":"","meta":[],"product_brand":[],"product_cat":[496,1061],"product_tag":[],"class_list":{"0":"post-34788","1":"product","2":"type-product","3":"status-publish","4":"has-post-thumbnail","6":"product_cat-2-2-lunettes-teintees","7":"product_cat-2-protection-des-yeux","8":"yith_product_brand-lux-optical","10":"first","11":"instock","12":"shipping-taxable","13":"product-type-simple"},"_links":{"self":[{"href":"https:\/\/prosafedz.com\/fr\/wp-json\/wp\/v2\/product\/34788","targetHints":{"allow":["GET"]}}],"collection":[{"href":"https:\/\/prosafedz.com\/fr\/wp-json\/wp\/v2\/product"}],"about":[{"href":"https:\/\/prosafedz.com\/fr\/wp-json\/wp\/v2\/types\/product"}],"wp:featuredmedia":[{"embeddable":true,"href":"https:\/\/prosafedz.com\/fr\/wp-json\/wp\/v2\/media\/35461"}],"wp:attachment":[{"href":"https:\/\/prosafedz.com\/fr\/wp-json\/wp\/v2\/media?parent=34788"}],"wp:term":[{"taxonomy":"product_brand","embeddable":true,"href":"https:\/\/prosafedz.com\/fr\/wp-json\/wp\/v2\/product_brand?post=34788"},{"taxonomy":"product_cat","embeddable":true,"href":"https:\/\/prosafedz.com\/fr\/wp-json\/wp\/v2\/product_cat?post=34788"},{"taxonomy":"product_tag","embeddable":true,"href":"https:\/\/prosafedz.com\/fr\/wp-json\/wp\/v2\/product_tag?post=34788"}],"curies":[{"name":"wp","href":"https:\/\/api.w.org\/{rel}","templated":true}]}}