{"id":34783,"date":"2024-05-09T17:23:43","date_gmt":"2024-05-09T15:23:43","guid":{"rendered":"https:\/\/prosafedz.com\/fr\/?post_type=product&#038;p=34783"},"modified":"2025-02-16T09:17:52","modified_gmt":"2025-02-16T08:17:52","slug":"lunette-streamlux-teinte","status":"publish","type":"product","link":"https:\/\/prosafedz.com\/fr\/produit\/lunette-streamlux-teinte\/","title":{"rendered":"Lunette STREAMLUX Teint\u00e9 R\u00e9f: 62593"},"content":{"rendered":"<div class=\"product-info-detailed_tooltip\">\n<h2 class=\"product-info-detailed_title\">DESCRIPTION<\/h2>\n<\/div>\n<div id=\"description\">\n<div class=\"product attibute description\">\n<div class=\"value\">STREAMLUX lunettes de protection. Oculaire Teint\u00e9 en polycarbonate avec traitement anti-rayure norm\u00e9 K et anti-UV, branches ajustables en longueur (3 positions), monture bi mati\u00e8res int\u00e9grant des canaux de ventilation, branches tri mati\u00e8res, protection lat\u00e9rale enveloppante<\/div>\n<\/div>\n<\/div>\n<p class=\"attribute-avantages\"><strong class=\"label\">AVANTAGES : <\/strong><\/p>\n<p class=\"attribute-avantages\">&#8211; Branches r\u00e9glables<\/p>\n<p class=\"attribute-avantages\">&#8211; Embouts antiglisse<\/p>\n<p class=\"attribute-avantages\">&#8211; Protection lat\u00e9rale<\/p>\n<p class=\"attribute-avantages\">&#8211; Barre sup\u00e9rieure de confort ventil\u00e9e<\/p>\n<p class=\"attribute-sector\"><strong class=\"label\">SECTEURS INDUSTRIELS :\u00a0<\/strong><\/p>\n<p class=\"attribute-sector\">Bricolage<\/p>\n<p class=\"attribute-sector\">&#8211; Constructions m\u00e9caniques (industrie automobile; a\u00e9ronautique; v\u00e9hicules de transport)<\/p>\n<p class=\"attribute-sector\">&#8211; Industries l\u00e9g\u00e8res (textile; cuir; plasturgie; caoutchouc; meubles; luxe\u2026)<\/p>\n<p class=\"attribute-sector\">&#8211; Maintenance<\/p>\n<p class=\"attribute-sector\">&#8211; Second-\u0153uvre du b\u00e2timent<\/p>\n<p class=\"attribute-sector\">&#8211; Services et distribution<\/p>\n<p class=\"attribute-sector\">&#8211; Transport (hors fabrication)<\/p>\n<p class=\"attribute-sector\">&#8211; logistique<\/p>\n","protected":false},"excerpt":{"rendered":"<div class=\"product-info-detailed_tooltip\">\n<h2 class=\"product-info-detailed_title\">DESCRIPTION<\/h2>\n<\/div>\n<div id=\"description\">\n<div class=\"product attibute description\">\n<ul>\n<li class=\"value\">Couleur : Teint\u00e9<\/li>\n<li class=\"value\">Monture : Polycarbonate + TPR<\/li>\n<li class=\"value\">Branche : Polycarbonate + TPE<\/li>\n<li>Oculaire : Polycarbonate; Epaisseur : 2,1 mm<\/li>\n<li class=\"value\">Protection : Oculaire courb\u00e9 pour protection lat\u00e9rale<\/li>\n<li>Poids : 28 g<\/li>\n<\/ul>\n<p><strong>Gamme :<\/strong> Protection des yeux<\/p>\n<p><strong class=\"label\">SOUS-FAMILLE :\u00a0<\/strong>Lunettes de protection<\/p>\n<p><strong class=\"label\">COULEUR :\u00a0<\/strong>Noir<\/p>\n<p>&nbsp;<\/p>\n<div class=\"value\"><\/div>\n<\/div>\n<\/div>\n<p><a href=\"https:\/\/prosafedz.com\/fr\/wp-content\/uploads\/2024\/05\/62590_62593-fr-wep.pdf \" target=\"_blank\" rel=\"noopener noreferrer\"><button style=\"background-color: #90a96b; font-seize: 20px;\"><strong>T\u00e9l\u00e9charger La Fiche Technique<\/strong><\/button><\/a><\/p>\n","protected":false},"featured_media":35474,"template":"","meta":[],"product_brand":[],"product_cat":[496,1061],"product_tag":[],"class_list":{"0":"post-34783","1":"product","2":"type-product","3":"status-publish","4":"has-post-thumbnail","6":"product_cat-2-2-lunettes-teintees","7":"product_cat-2-protection-des-yeux","9":"first","10":"instock","11":"shipping-taxable","12":"product-type-simple"},"_links":{"self":[{"href":"https:\/\/prosafedz.com\/fr\/wp-json\/wp\/v2\/product\/34783","targetHints":{"allow":["GET"]}}],"collection":[{"href":"https:\/\/prosafedz.com\/fr\/wp-json\/wp\/v2\/product"}],"about":[{"href":"https:\/\/prosafedz.com\/fr\/wp-json\/wp\/v2\/types\/product"}],"wp:featuredmedia":[{"embeddable":true,"href":"https:\/\/prosafedz.com\/fr\/wp-json\/wp\/v2\/media\/35474"}],"wp:attachment":[{"href":"https:\/\/prosafedz.com\/fr\/wp-json\/wp\/v2\/media?parent=34783"}],"wp:term":[{"taxonomy":"product_brand","embeddable":true,"href":"https:\/\/prosafedz.com\/fr\/wp-json\/wp\/v2\/product_brand?post=34783"},{"taxonomy":"product_cat","embeddable":true,"href":"https:\/\/prosafedz.com\/fr\/wp-json\/wp\/v2\/product_cat?post=34783"},{"taxonomy":"product_tag","embeddable":true,"href":"https:\/\/prosafedz.com\/fr\/wp-json\/wp\/v2\/product_tag?post=34783"}],"curies":[{"name":"wp","href":"https:\/\/api.w.org\/{rel}","templated":true}]}}