{"id":34768,"date":"2024-05-07T16:27:25","date_gmt":"2024-05-07T14:27:25","guid":{"rendered":"https:\/\/prosafedz.com\/fr\/?post_type=product&#038;p=34768"},"modified":"2025-02-16T09:51:49","modified_gmt":"2025-02-16T08:51:49","slug":"orca-casque-de-securite","status":"publish","type":"product","link":"https:\/\/prosafedz.com\/fr\/produit\/orca-casque-de-securite\/","title":{"rendered":"ORCA Casque de S\u00e9curit\u00e9 R\u00e9f: EPIORC"},"content":{"rendered":"<p>ORCA Casque S\u00e9curit\u00e9 R\u00e9f: EPIORC<\/p>\n<p><strong>Description <\/strong><\/p>\n<p>ORCA est un casque de s\u00e9curit\u00e9, Made In Algeria, en acrylonitrile butadi\u00e8ne styr\u00e8ne ABS<\/p>\n<div class=\"elementor-element elementor-element-f5a3b61 elementor-widget elementor-widget-text-editor\" data-id=\"f5a3b61\" data-element_type=\"widget\" data-widget_type=\"text-editor.default\">\n<div class=\"elementor-widget-container\"><strong>AVANTAGES : <\/strong><\/div>\n<div class=\"elementor-widget-container\">Existe en mod\u00e8le A\u00e9r\u00e9 (ORC-R) et en mod\u00e8le Non-A\u00e9r\u00e9 (ORC)<\/div>\n<div class=\"elementor-widget-container\">Made In Algeria<\/div>\n<div class=\"elementor-widget-container\">L\u00e9g\u00e8ret\u00e9<\/div>\n<div class=\"elementor-widget-container\">7 Couleurs : Jaune \/ Bleu \/ Gris \/ Vert \/ Blanc \/ Orange \/ Rouge<\/div>\n<div><\/div>\n<\/div>\n<div class=\"elementor-element elementor-element-6fcf91c elementor-widget elementor-widget-text-editor\" data-id=\"6fcf91c\" data-element_type=\"widget\" data-widget_type=\"text-editor.default\">\n<div class=\"elementor-widget-container\"><strong>GAMME :\u00a0<\/strong>Protection de la t\u00eate,\u00a0Protection du cr\u00e2ne<\/div>\n<div><\/div>\n<div><strong>DOMAINES D&rsquo;UTILISATIONS :\u00a0<\/strong><\/div>\n<div>B\u00e2timent<br \/>\nTravaux publics<br \/>\nIndustrie<\/div>\n<\/div>\n<div><\/div>\n<div><strong>CONDITIONNEMENT :<\/strong> 20 pi\u00e8ces<\/div>\n","protected":false},"excerpt":{"rendered":"<p>ORCA est un casque de s\u00e9curit\u00e9, Made In Algeria, en acrylonitrile butadi\u00e8ne styr\u00e8ne ABS<\/p>\n<div class=\"elementor-element elementor-element-f5a3b61 elementor-widget elementor-widget-text-editor\" data-id=\"f5a3b61\" data-element_type=\"widget\" data-widget_type=\"text-editor.default\">\n<div class=\"elementor-widget-container\">\n<p><strong>Caract\u00e9ristiques\u00a0<\/strong><\/p>\n<p>&#8211; ORCA existe en mod\u00e8le A\u00e9r\u00e9 et en mod\u00e8le Non-A\u00e9r\u00e9<br \/>\n&#8211; Serre nuque r\u00e9glable par molette<br \/>\n&#8211; Harnais mixte poly\u00e9thyl\u00e8ne + tissu<br \/>\n&#8211; Coiffe en tissu<br \/>\n&#8211; Mati\u00e8re du casque : ABS<br \/>\n&#8211; Jugulaire r\u00e9glable (En Option)<br \/>\n&#8211; Garniture frontale<br \/>\n&#8211; Taille 52 &#8211; 64 cm<\/p>\n<\/div>\n<div><\/div>\n<\/div>\n<p><a href=\"https:\/\/prosafedz.com\/fr\/wp-content\/uploads\/2024\/05\/download-22.pdf\n\" target=\"_blank\" rel=\"noopener noreferrer\"><button style=\"background-color: #90a96b; font-seize: 20px;\"><strong>T\u00e9l\u00e9charger La Fiche Technique<\/strong><\/button><\/a><\/p>\n","protected":false},"featured_media":34769,"template":"","meta":[],"product_brand":[],"product_cat":[716,1060],"product_tag":[],"class_list":{"0":"post-34768","1":"product","2":"type-product","3":"status-publish","4":"has-post-thumbnail","6":"product_cat-1-2-casques-de-securite","7":"product_cat-1-protection-de-la-tete","9":"first","10":"instock","11":"featured","12":"shipping-taxable","13":"product-type-simple"},"_links":{"self":[{"href":"https:\/\/prosafedz.com\/fr\/wp-json\/wp\/v2\/product\/34768","targetHints":{"allow":["GET"]}}],"collection":[{"href":"https:\/\/prosafedz.com\/fr\/wp-json\/wp\/v2\/product"}],"about":[{"href":"https:\/\/prosafedz.com\/fr\/wp-json\/wp\/v2\/types\/product"}],"wp:featuredmedia":[{"embeddable":true,"href":"https:\/\/prosafedz.com\/fr\/wp-json\/wp\/v2\/media\/34769"}],"wp:attachment":[{"href":"https:\/\/prosafedz.com\/fr\/wp-json\/wp\/v2\/media?parent=34768"}],"wp:term":[{"taxonomy":"product_brand","embeddable":true,"href":"https:\/\/prosafedz.com\/fr\/wp-json\/wp\/v2\/product_brand?post=34768"},{"taxonomy":"product_cat","embeddable":true,"href":"https:\/\/prosafedz.com\/fr\/wp-json\/wp\/v2\/product_cat?post=34768"},{"taxonomy":"product_tag","embeddable":true,"href":"https:\/\/prosafedz.com\/fr\/wp-json\/wp\/v2\/product_tag?post=34768"}],"curies":[{"name":"wp","href":"https:\/\/api.w.org\/{rel}","templated":true}]}}