{"id":34761,"date":"2024-05-02T17:22:17","date_gmt":"2024-05-02T15:22:17","guid":{"rendered":"https:\/\/prosafedz.com\/fr\/?post_type=product&#038;p=34761"},"modified":"2024-05-19T14:11:26","modified_gmt":"2024-05-19T12:11:26","slug":"gant-de-manutention-eurolite-bleu-l300","status":"publish","type":"product","link":"https:\/\/prosafedz.com\/fr\/produit\/gant-de-manutention-eurolite-bleu-l300\/","title":{"rendered":"Gant de Manutention Eurolite Bleu L300 R\u00e9f:1LACC00"},"content":{"rendered":"<p><strong>Gant de Manutention Eurolite Bleu L300 R\u00e9f:1LACC00<\/strong><\/p>\n<p><strong class=\"label\">LES AVANTAGES :\u00a0<\/strong><\/p>\n<p>&#8211; Jauge 15 : Souplesse et dext\u00e9rit\u00e9<\/p>\n<p>&#8211; Forme ergonomique<\/p>\n<p>&#8211; Excellent grip en milieu sec et humide<\/p>\n<p>&#8211; Double enduction latex : \u00e9tanch\u00e9it\u00e9 maximale<\/p>\n<p>&#8211; Protection contre les risques m\u00e9caniques<\/p>\n<p><strong>SECTEURS INDUSTRIELS<\/strong> :<\/p>\n<p>&#8211; Industries l\u00e9g\u00e8res (textile; cuir; plasturgie; caoutchouc; meubles; luxe\u2026)<\/p>\n<p>&#8211; Infrastructure<\/p>\n<p>&#8211; building industry<\/p>\n<p>&#8211; Second-\u0153uvre du b\u00e2timent<\/p>\n<p>&#8211; Transport (hors fabrication)<\/p>\n<p>&#8211; logistique<\/p>\n<p><strong>EXEMPLES D&rsquo;APPLICATIONS:\u00a0<\/strong><\/p>\n<p>&#8211; Manipulations fines en milieu humide :industrie du b\u00e2timent (travaux de plomberie, chauffagiste, sanitaires, manipulation de tuyauteries, canalisations),<\/p>\n<p>&#8211; Manutention en ext\u00e9rieur (gros \u0153uvre, travaux publics, agriculture, travaux nautiques&#8230;)<\/p>\n<p>&#8211; Maintenance et entretien d&rsquo;espaces verts.<\/p>\n<p><strong>NORMES :<\/strong><\/p>\n<p>Ce gant est conforme au mod\u00e8le de l&rsquo;\u00e9quipement de protection individuelle ayant fait l&rsquo;objet de l&rsquo;attestation CE de type<br \/>\n0075\/1747\/162\/08\/21\/1432<\/p>\n","protected":false},"excerpt":{"rendered":"<p><strong>Gant de Manutention Eurolite L300 R\u00e9f:1LACC00 <\/strong><\/p>\n<p>&#8211; Tricot bleu sans couture \u00e0 base de polyamide<\/p>\n<p>&#8211; Double enduction latex lisse bleu sur main compl\u00e8te et mousse de latex bleu fonc\u00e9 sur la paume<\/p>\n<p>&#8211; Pouce enduit<\/p>\n<p>&#8211; Forme ergonomique<\/p>\n<p>&#8211; Poignet tricot<\/p>\n<p>&#8211; Couleur : Bleu<\/p>\n<p><a href=\"https:\/\/prosafedz.com\/fr\/wp-content\/uploads\/2024\/05\/1LACC00_fr.pdf\n\" target=\"_blank\" rel=\"noopener noreferrer\"><button style=\"background-color: #90a96b; font-seize: 20px;\"><strong>T\u00e9l\u00e9charger La Fiche Technique<\/strong><\/button><\/a><\/p>\n","protected":false},"featured_media":34762,"template":"","meta":[],"product_brand":[],"product_cat":[125,262],"product_tag":[],"class_list":{"0":"post-34761","1":"product","2":"type-product","3":"status-publish","4":"has-post-thumbnail","6":"product_cat-5-3-gants-de-manutention-docker-tricote","7":"product_cat-5-2-gants-de-precision","9":"first","10":"instock","11":"shipping-taxable","12":"product-type-simple"},"_links":{"self":[{"href":"https:\/\/prosafedz.com\/fr\/wp-json\/wp\/v2\/product\/34761","targetHints":{"allow":["GET"]}}],"collection":[{"href":"https:\/\/prosafedz.com\/fr\/wp-json\/wp\/v2\/product"}],"about":[{"href":"https:\/\/prosafedz.com\/fr\/wp-json\/wp\/v2\/types\/product"}],"wp:featuredmedia":[{"embeddable":true,"href":"https:\/\/prosafedz.com\/fr\/wp-json\/wp\/v2\/media\/34762"}],"wp:attachment":[{"href":"https:\/\/prosafedz.com\/fr\/wp-json\/wp\/v2\/media?parent=34761"}],"wp:term":[{"taxonomy":"product_brand","embeddable":true,"href":"https:\/\/prosafedz.com\/fr\/wp-json\/wp\/v2\/product_brand?post=34761"},{"taxonomy":"product_cat","embeddable":true,"href":"https:\/\/prosafedz.com\/fr\/wp-json\/wp\/v2\/product_cat?post=34761"},{"taxonomy":"product_tag","embeddable":true,"href":"https:\/\/prosafedz.com\/fr\/wp-json\/wp\/v2\/product_tag?post=34761"}],"curies":[{"name":"wp","href":"https:\/\/api.w.org\/{rel}","templated":true}]}}