{"id":34744,"date":"2023-09-06T11:14:50","date_gmt":"2023-09-06T09:14:50","guid":{"rendered":"https:\/\/prosafedz.com\/fr\/?post_type=product&#038;p=34744"},"modified":"2024-04-23T16:49:09","modified_gmt":"2024-04-23T14:49:09","slug":"tablier-soudeur-ref-mo56600","status":"publish","type":"product","link":"https:\/\/prosafedz.com\/fr\/produit\/tablier-soudeur-ref-mo56600\/","title":{"rendered":"Tablier SOUDEUR R\u00e9f MO56600"},"content":{"rendered":"<p><strong>LES + :<\/strong><\/p>\n<p><strong>&#8211; Protection contre les projections.<\/strong><br \/>\n<strong>&#8211; R\u00e9sistant.<\/strong><br \/>\n<strong>&#8211; Durable.<\/strong><\/p>\n<p><strong>NORME(S)<br \/>\n<\/strong>Cet \u00e9quipement est conforme au mod\u00e8le de l&rsquo;\u00e9quipement de protection individuelle ayant fait l&rsquo;objet de l&rsquo;attestation CE de type <strong>2777\/15361-01\/E00-00.<br \/>\n<\/strong>D\u00e9livr\u00e9 par<strong> SATRA Technology Europe Ltd<br \/>\nEN ISO 11611:2015<\/strong><\/p>\n","protected":false},"excerpt":{"rendered":"<p><strong>&#8211; Couleur : Gris Clair.<\/strong><\/p>\n<p><strong>&#8211; Mati\u00e8re : Cuir: Cro\u00fbte de vachette.<\/strong><\/p>\n<p><strong>&#8211; Mati\u00e8re 2 : Lacettes: Coton.<\/strong><\/p>\n<p><strong>&#8211; Doublure principale : Fil: Kevlar.<\/strong><\/p>\n<p><strong>&#8211; Caract\u00e9ristiques : 56600: 90x60cm \/\/ 56602: 110x70cm \/\/ 56605: 120x90cm.<\/strong><\/p>\n<p><strong>&#8211; Finitions d\u00e9tails : Tablier \u00e0 bavette \/\/ Lacette tour de cou et attache dos.<\/strong><\/p>\n<p><a href=\"https:\/\/prosafedz.com\/fr\/wp-content\/uploads\/2023\/09\/MO56600.pdf\" target=\"_blank\" rel=\"noopener noreferrer\"><button style=\"background-color: #90a96b; font-seize: 20px;\"><strong>T\u00e9l\u00e9charger La Fiche Technique<\/strong><\/button><\/a><\/p>\n","protected":false},"featured_media":34746,"template":"","meta":[],"product_brand":[],"product_cat":[772,1784],"product_tag":[],"class_list":{"0":"post-34744","1":"product","2":"type-product","3":"status-publish","4":"has-post-thumbnail","6":"product_cat-6-10-accessoire","7":"product_cat-soudeur","8":"yith_product_brand-coverguard","9":"yith_product_brand-coverguard-workwear","11":"first","12":"instock","13":"shipping-taxable","14":"product-type-simple"},"_links":{"self":[{"href":"https:\/\/prosafedz.com\/fr\/wp-json\/wp\/v2\/product\/34744","targetHints":{"allow":["GET"]}}],"collection":[{"href":"https:\/\/prosafedz.com\/fr\/wp-json\/wp\/v2\/product"}],"about":[{"href":"https:\/\/prosafedz.com\/fr\/wp-json\/wp\/v2\/types\/product"}],"wp:featuredmedia":[{"embeddable":true,"href":"https:\/\/prosafedz.com\/fr\/wp-json\/wp\/v2\/media\/34746"}],"wp:attachment":[{"href":"https:\/\/prosafedz.com\/fr\/wp-json\/wp\/v2\/media?parent=34744"}],"wp:term":[{"taxonomy":"product_brand","embeddable":true,"href":"https:\/\/prosafedz.com\/fr\/wp-json\/wp\/v2\/product_brand?post=34744"},{"taxonomy":"product_cat","embeddable":true,"href":"https:\/\/prosafedz.com\/fr\/wp-json\/wp\/v2\/product_cat?post=34744"},{"taxonomy":"product_tag","embeddable":true,"href":"https:\/\/prosafedz.com\/fr\/wp-json\/wp\/v2\/product_tag?post=34744"}],"curies":[{"name":"wp","href":"https:\/\/api.w.org\/{rel}","templated":true}]}}