{"id":34736,"date":"2023-09-05T10:28:39","date_gmt":"2023-09-05T08:28:39","guid":{"rendered":"https:\/\/prosafedz.com\/fr\/?post_type=product&#038;p=34736"},"modified":"2025-02-16T09:51:41","modified_gmt":"2025-02-16T08:51:41","slug":"sodalite-haute-s1p-src-ref-9sodh50","status":"publish","type":"product","link":"https:\/\/prosafedz.com\/fr\/produit\/sodalite-haute-s1p-src-ref-9sodh50\/","title":{"rendered":"SODALITE Haute S1P SRC R\u00e9f 9SODH50"},"content":{"rendered":"<p><strong>LES + :<\/strong><\/p>\n<p><strong>&#8211; Tige et doublure respirantes.<\/strong><br \/>\n<strong>&#8211; Renfort anti-torsion de la vo\u00fbte plantaire.<\/strong><br \/>\n<strong>&#8211; Semelle interm\u00e9diaire avec surbout de protection avant.<\/strong><\/p>\n<p><strong>EXEMPLES D\u2019APPLICATIONS<br \/>\n&#8211;<\/strong> Bagagiste<br \/>\n<strong>&#8211;<\/strong> Chauffeur livreur<br \/>\n<strong>SECTEURS<\/strong><br \/>\n<strong>&#8211;<\/strong> Infrastructures, BTP, TP<br \/>\n<strong>&#8211;<\/strong> Second-\u0153uvre du b\u00e2timent<br \/>\n<strong>&#8211;<\/strong> Transport (hors fabrication) et logistique<br \/>\n<strong>&#8211;<\/strong> Services et distribution (magasins, h\u00f4tels\/restaurants, nettoyage, garages\u2026)<br \/>\n<strong>NORME(S)<\/strong><br \/>\nCette chaussure est conforme au mod\u00e8le de l&rsquo;\u00e9quipement de protection individuelle ayant fait l&rsquo;objet de l&rsquo;attestation CE de type <strong>0075\/1747\/161\/10\/21\/1787.<br \/>\n<\/strong>D\u00e9livr\u00e9 par<strong> CTC<br \/>\nEN ISO 20345:2011<\/strong><\/p>\n","protected":false},"excerpt":{"rendered":"<p><strong>SODALITE est une chaussure de s\u00e9curit\u00e9 montante en cuir velours matelass\u00e9e au niveau du prot\u00e8ge mall\u00e9ole et de la languette. Elle est \u00e9quip\u00e9e d\u2019une semelle ext\u00e9rieure \u00e0 forte r\u00e9sistance aux glissements sur sol c\u00e9ramiques et acier. Ce mod\u00e8le est souple et l\u00e9ger gr\u00e2ce \u00e0 son embout en composite et sa semelle intercalaire contre la perforation en textile. Sa semelle ext\u00e9rieure est antistatique et r\u00e9sistante aux hydrocarbures.<\/strong><\/p>\n<p><a href=\"https:\/\/prosafedz.com\/fr\/wp-content\/uploads\/2023\/09\/9SODH50.pdf\" target=\"_blank\" rel=\"noopener noreferrer\"><button style=\"background-color: #90a96b; font-seize: 20px;\"><strong>T\u00e9l\u00e9charger La Fiche Technique<\/strong><\/button><\/a><\/p>\n","protected":false},"featured_media":34738,"template":"","meta":[],"product_brand":[],"product_cat":[779,776],"product_tag":[],"class_list":{"0":"post-34736","1":"product","2":"type-product","3":"status-publish","4":"has-post-thumbnail","6":"product_cat-7-4-baskets-de-securite","7":"product_cat-7-1-chaussures-hautes","8":"yith_product_brand-coverguard","9":"yith_product_brand-coverguard-footwear","11":"first","12":"instock","13":"shipping-taxable","14":"product-type-simple"},"_links":{"self":[{"href":"https:\/\/prosafedz.com\/fr\/wp-json\/wp\/v2\/product\/34736","targetHints":{"allow":["GET"]}}],"collection":[{"href":"https:\/\/prosafedz.com\/fr\/wp-json\/wp\/v2\/product"}],"about":[{"href":"https:\/\/prosafedz.com\/fr\/wp-json\/wp\/v2\/types\/product"}],"wp:featuredmedia":[{"embeddable":true,"href":"https:\/\/prosafedz.com\/fr\/wp-json\/wp\/v2\/media\/34738"}],"wp:attachment":[{"href":"https:\/\/prosafedz.com\/fr\/wp-json\/wp\/v2\/media?parent=34736"}],"wp:term":[{"taxonomy":"product_brand","embeddable":true,"href":"https:\/\/prosafedz.com\/fr\/wp-json\/wp\/v2\/product_brand?post=34736"},{"taxonomy":"product_cat","embeddable":true,"href":"https:\/\/prosafedz.com\/fr\/wp-json\/wp\/v2\/product_cat?post=34736"},{"taxonomy":"product_tag","embeddable":true,"href":"https:\/\/prosafedz.com\/fr\/wp-json\/wp\/v2\/product_tag?post=34736"}],"curies":[{"name":"wp","href":"https:\/\/api.w.org\/{rel}","templated":true}]}}