{"id":34725,"date":"2023-09-04T11:27:49","date_gmt":"2023-09-04T09:27:49","guid":{"rendered":"https:\/\/prosafedz.com\/fr\/?post_type=product&#038;p=34725"},"modified":"2024-09-15T09:50:54","modified_gmt":"2024-09-15T07:50:54","slug":"guetre-soudeur-ref-mo57460","status":"publish","type":"product","link":"https:\/\/prosafedz.com\/fr\/produit\/guetre-soudeur-ref-mo57460\/","title":{"rendered":"Gu\u00eatre SOUDEUR R\u00e9f MO57460"},"content":{"rendered":"<p><strong>LES + :<\/strong><\/p>\n<p><strong>&#8211; Protection contre les projections.<\/strong><br \/>\n<strong>&#8211; R\u00e9sistant.<\/strong><br \/>\n<strong>&#8211; Durable.<\/strong><br \/>\n<strong>&#8211; Mi-mollet.<\/strong><\/p>\n<p><strong>NORME(S)<br \/>\n<\/strong>Cet \u00e9quipement est conforme au mod\u00e8le de l&rsquo;\u00e9quipement de protection individuelle ayant fait l&rsquo;objet de l&rsquo;attestation CE de type<strong> 6653 Issue 1.<br \/>\n<\/strong>D\u00e9livr\u00e9 par<strong> SATRA Technology Centre Ltd<br \/>\nEN ISO 11611:2015<\/strong><\/p>\n","protected":false},"excerpt":{"rendered":"<p><strong>&#8211; Couleur : Gris Clair.<\/strong><\/p>\n<p><strong>&#8211; Mati\u00e8re : Cuir: Cro\u00fbte de vachette.<\/strong><\/p>\n<p><strong>&#8211; Mati\u00e8re 2 : Fil: Kevlar.<\/strong><\/p>\n<p><strong>&#8211; Fermeture : Fermeture par scratch.<\/strong><\/p>\n<p><strong>&#8211; Finitions d\u00e9tails : Hauteur = 30cm<\/strong><\/p>\n<p><a href=\"https:\/\/prosafedz.com\/fr\/wp-content\/uploads\/2023\/09\/MO57460.pdf\" target=\"_blank\" rel=\"noopener noreferrer\"><button style=\"background-color: #90a96b; font-seize: 20px;\"><strong>T\u00e9l\u00e9charger La Fiche Technique<\/strong><\/button><\/a><\/p>\n","protected":false},"featured_media":34727,"template":"","meta":[],"product_brand":[],"product_cat":[772,1784],"product_tag":[],"class_list":{"0":"post-34725","1":"product","2":"type-product","3":"status-publish","4":"has-post-thumbnail","6":"product_cat-6-10-accessoire","7":"product_cat-soudeur","8":"yith_product_brand-coverguard","9":"yith_product_brand-coverguard-footwear","10":"yith_product_brand-coverguard-workwear","12":"first","13":"instock","14":"shipping-taxable","15":"product-type-simple"},"_links":{"self":[{"href":"https:\/\/prosafedz.com\/fr\/wp-json\/wp\/v2\/product\/34725","targetHints":{"allow":["GET"]}}],"collection":[{"href":"https:\/\/prosafedz.com\/fr\/wp-json\/wp\/v2\/product"}],"about":[{"href":"https:\/\/prosafedz.com\/fr\/wp-json\/wp\/v2\/types\/product"}],"wp:featuredmedia":[{"embeddable":true,"href":"https:\/\/prosafedz.com\/fr\/wp-json\/wp\/v2\/media\/34727"}],"wp:attachment":[{"href":"https:\/\/prosafedz.com\/fr\/wp-json\/wp\/v2\/media?parent=34725"}],"wp:term":[{"taxonomy":"product_brand","embeddable":true,"href":"https:\/\/prosafedz.com\/fr\/wp-json\/wp\/v2\/product_brand?post=34725"},{"taxonomy":"product_cat","embeddable":true,"href":"https:\/\/prosafedz.com\/fr\/wp-json\/wp\/v2\/product_cat?post=34725"},{"taxonomy":"product_tag","embeddable":true,"href":"https:\/\/prosafedz.com\/fr\/wp-json\/wp\/v2\/product_tag?post=34725"}],"curies":[{"name":"wp","href":"https:\/\/api.w.org\/{rel}","templated":true}]}}