{"id":34722,"date":"2023-09-03T15:54:35","date_gmt":"2023-09-03T13:54:35","guid":{"rendered":"https:\/\/prosafedz.com\/fr\/?post_type=product&#038;p=34722"},"modified":"2024-08-18T12:15:03","modified_gmt":"2024-08-18T10:15:03","slug":"veste-soudeur-ref-mo57455","status":"publish","type":"product","link":"https:\/\/prosafedz.com\/fr\/produit\/veste-soudeur-ref-mo57455\/","title":{"rendered":"Veste SOUDEUR R\u00e9f MO57455"},"content":{"rendered":"<p><strong>LES + :<\/strong><\/p>\n<p><strong>&#8211; Soudage et fonderie.<\/strong><br \/>\n<strong>&#8211; R\u00c9SISTANT et DURABLE: 100% cuir et Kevlar.<\/strong><br \/>\n<strong>&#8211; COUVRANCE: crois\u00e9e.<\/strong><br \/>\n<strong>&#8211; MAINTIEN: poignets \u00e9lastiqu\u00e9s.<\/strong><\/p>\n<p><strong>NORME(S)<br \/>\n<\/strong>Cet \u00e9quipement est conforme au mod\u00e8le de l&rsquo;\u00e9quipement de protection individuelle ayant fait l&rsquo;objet de l&rsquo;attestation CE de type<strong> 2777\/15362-01\/E00-00.<br \/>\n<\/strong>D\u00e9livr\u00e9 par<strong> SATRA Technology Europe Ltd<br \/>\nEN ISO 11611:2015<br \/>\n<\/strong><\/p>\n","protected":false},"excerpt":{"rendered":"<p><strong>&#8211; Couleur : Gris Clair.<\/strong><\/p>\n<p><strong>&#8211; Mati\u00e8re : CUIR: Cro\u00fbte de vachette.<\/strong><\/p>\n<p><strong>&#8211; Mati\u00e8re 2 : FIL: Kevlar.<\/strong><\/p>\n<p><strong>&#8211; Col : Col montant fermeture d\u00e9port\u00e9e \u00e0 scratch.<\/strong><\/p>\n<p><strong>&#8211; Fermeture : Scratchs cach\u00e9s sous patte.<\/strong><\/p>\n<p><strong>&#8211; Poignets : Poignets \u00e9lastiqu\u00e9s.<\/strong><\/p>\n<p><strong>&#8211; Poches : 1 poche poitrine sous rabat<\/strong><\/p>\n<p><strong>&#8211; Finitions d\u00e9tails : Longueur = 75cm<\/strong><\/p>\n<p><a href=\"https:\/\/prosafedz.com\/fr\/wp-content\/uploads\/2023\/09\/MO57455.pdf\" target=\"_blank\" rel=\"noopener noreferrer\"><button style=\"background-color: #90a96b; font-seize: 20px;\"><strong>T\u00e9l\u00e9charger La Fiche Technique<\/strong><\/button><\/a><\/p>\n","protected":false},"featured_media":34724,"template":"","meta":[],"product_brand":[],"product_cat":[1784,17],"product_tag":[],"class_list":{"0":"post-34722","1":"product","2":"type-product","3":"status-publish","4":"has-post-thumbnail","6":"product_cat-soudeur","7":"product_cat-6-1-vestes-de-travail","8":"yith_product_brand-coverguard","9":"yith_product_brand-coverguard-workwear","11":"first","12":"instock","13":"shipping-taxable","14":"product-type-simple"},"_links":{"self":[{"href":"https:\/\/prosafedz.com\/fr\/wp-json\/wp\/v2\/product\/34722","targetHints":{"allow":["GET"]}}],"collection":[{"href":"https:\/\/prosafedz.com\/fr\/wp-json\/wp\/v2\/product"}],"about":[{"href":"https:\/\/prosafedz.com\/fr\/wp-json\/wp\/v2\/types\/product"}],"wp:featuredmedia":[{"embeddable":true,"href":"https:\/\/prosafedz.com\/fr\/wp-json\/wp\/v2\/media\/34724"}],"wp:attachment":[{"href":"https:\/\/prosafedz.com\/fr\/wp-json\/wp\/v2\/media?parent=34722"}],"wp:term":[{"taxonomy":"product_brand","embeddable":true,"href":"https:\/\/prosafedz.com\/fr\/wp-json\/wp\/v2\/product_brand?post=34722"},{"taxonomy":"product_cat","embeddable":true,"href":"https:\/\/prosafedz.com\/fr\/wp-json\/wp\/v2\/product_cat?post=34722"},{"taxonomy":"product_tag","embeddable":true,"href":"https:\/\/prosafedz.com\/fr\/wp-json\/wp\/v2\/product_tag?post=34722"}],"curies":[{"name":"wp","href":"https:\/\/api.w.org\/{rel}","templated":true}]}}