{"id":34655,"date":"2023-07-12T14:44:09","date_gmt":"2023-07-12T12:44:09","guid":{"rendered":"https:\/\/prosafedz.com\/fr\/?post_type=product&#038;p=34655"},"modified":"2025-02-16T09:51:17","modified_gmt":"2025-02-16T08:51:17","slug":"combinaison-spp-bleue-50g-m%c2%b2-ref-mo42205","status":"publish","type":"product","link":"https:\/\/prosafedz.com\/fr\/produit\/combinaison-spp-bleue-50g-m%c2%b2-ref-mo42205\/","title":{"rendered":"Combinaison SPP Bleue 50g\/m\u00b2 R\u00e9f MO42205"},"content":{"rendered":"<p><strong>LES + :<\/strong><\/p>\n<p><strong>&#8211; L\u00e9g\u00e8re, grande respirabilit\u00e9.<\/strong><\/p>\n<p><strong>EXEMPLES D\u2019APPLICATIONS<br \/>\n&#8211;<\/strong> Secteurs industriels<br \/>\n<strong>&#8211;<\/strong> Industrie agro-alimentaire<br \/>\n<strong>&#8211;<\/strong> Travaux de peinture<br \/>\n<strong>&#8211;<\/strong> Travaux de nettoyage<br \/>\n<strong>&#8211;<\/strong> Hygi\u00e8ne<br \/>\n<strong>&#8211;<\/strong> Visiteur<br \/>\n<strong>SECTEURS<\/strong><br \/>\n<strong>&#8211;<\/strong> Agriculture, sylviculture et p\u00eache<br \/>\n<strong>&#8211;<\/strong> Industries l\u00e9g\u00e8res (textile, cuir, plasturgie, caoutchouc, meubles, luxe\u2026)<br \/>\n<strong>&#8211;<\/strong> Industrie agro-alimentaire<br \/>\n<strong>&#8211;<\/strong> Collectivit\u00e9s (maintenance, entretien d\u2019espaces verts, collecte des d\u00e9chets\u2026)<br \/>\n<strong>&#8211;<\/strong> Bricolage<br \/>\n<strong>&#8211;<\/strong> Services et distribution (magasins, h\u00f4tels\/restaurants, nettoyage, garages\u2026)<br \/>\n<strong>CONDITIONNEMENT DE VENTE<\/strong><br \/>\n<strong>&#8211;<\/strong> Emballage individuel<\/p>\n","protected":false},"excerpt":{"rendered":"<p><strong>&#8211; Couleur : Bleu.<\/strong><\/p>\n<p><strong>&#8211; Mati\u00e8re : SPP.<\/strong><\/p>\n<p><strong>&#8211; Grammage : 50 g\/m2.<\/strong><\/p>\n<p><strong>&#8211; Fermeture : Fermeture centrale \u00e0 glissi\u00e8re.<\/strong><\/p>\n<p><strong>&#8211; Cagoule : Cagoule \u00e9lastiqu\u00e9e.<\/strong><\/p>\n<p><strong>&#8211; Taille \u00e9lastiqu\u00e9e.<\/strong><\/p>\n<p><strong>&#8211; Serrage poignet \u00e9lastiqu\u00e9.<\/strong><\/p>\n<p><a href=\"https:\/\/prosafedz.com\/fr\/wp-content\/uploads\/2023\/07\/MO42205.pdf\" target=\"_blank\" rel=\"noopener noreferrer\"><button style=\"background-color: #90a96b; font-seize: 20px;\"><strong>T\u00e9l\u00e9charger La Fiche Technique<\/strong><\/button><\/a><\/p>\n","protected":false},"featured_media":34657,"template":"","meta":[],"product_brand":[],"product_cat":[876],"product_tag":[],"class_list":{"0":"post-34655","1":"product","2":"type-product","3":"status-publish","4":"has-post-thumbnail","6":"product_cat-6-8-vetement-a-usage-unique","7":"yith_product_brand-coverguard","9":"first","10":"instock","11":"shipping-taxable","12":"product-type-simple"},"_links":{"self":[{"href":"https:\/\/prosafedz.com\/fr\/wp-json\/wp\/v2\/product\/34655","targetHints":{"allow":["GET"]}}],"collection":[{"href":"https:\/\/prosafedz.com\/fr\/wp-json\/wp\/v2\/product"}],"about":[{"href":"https:\/\/prosafedz.com\/fr\/wp-json\/wp\/v2\/types\/product"}],"wp:featuredmedia":[{"embeddable":true,"href":"https:\/\/prosafedz.com\/fr\/wp-json\/wp\/v2\/media\/34657"}],"wp:attachment":[{"href":"https:\/\/prosafedz.com\/fr\/wp-json\/wp\/v2\/media?parent=34655"}],"wp:term":[{"taxonomy":"product_brand","embeddable":true,"href":"https:\/\/prosafedz.com\/fr\/wp-json\/wp\/v2\/product_brand?post=34655"},{"taxonomy":"product_cat","embeddable":true,"href":"https:\/\/prosafedz.com\/fr\/wp-json\/wp\/v2\/product_cat?post=34655"},{"taxonomy":"product_tag","embeddable":true,"href":"https:\/\/prosafedz.com\/fr\/wp-json\/wp\/v2\/product_tag?post=34655"}],"curies":[{"name":"wp","href":"https:\/\/api.w.org\/{rel}","templated":true}]}}