{"id":34639,"date":"2023-07-12T11:56:05","date_gmt":"2023-07-12T09:56:05","guid":{"rendered":"https:\/\/prosafedz.com\/fr\/?post_type=product&#038;p=34639"},"modified":"2025-02-16T09:47:03","modified_gmt":"2025-02-16T08:47:03","slug":"combinaison-coverchem-3x60-ref-mo44805","status":"publish","type":"product","link":"https:\/\/prosafedz.com\/fr\/produit\/combinaison-coverchem-3x60-ref-mo44805\/","title":{"rendered":"Combinaison COVERCHEM 3X60 R\u00e9f MO44805"},"content":{"rendered":"<p><strong>LES + :<\/strong><\/p>\n<p><strong>&#8211; Serrage poignet elastiqu\u00e9 avec passe pousse elastique.<\/strong><br \/>\n<strong>&#8211; Serrage cheville elastiqu\u00e9 avec \u00e9trier \u00e9lastique.<\/strong><br \/>\n<strong>&#8211; Serrage taille \u00e9lastiqu\u00e9.<\/strong><br \/>\n<strong>&#8211; Fermeture \u00e0 glissi\u00e8re centrale avec double rabats adh\u00e9sifs.<\/strong><br \/>\n<strong>&#8211; Mentonni\u00e8re adh\u00e9sive.<\/strong><br \/>\n<strong>&#8211; Protection contre les agents infectieux.<\/strong><br \/>\n<strong>&#8211; Coutures recouvertes d&rsquo;une bande thermocoll\u00e9e.<\/strong><br \/>\n<strong>&#8211; Imperm\u00e9able aux fortes projections de liquides.<\/strong><\/p>\n<p><strong>EXEMPLES D\u2019APPLICATIONS<br \/>\n&#8211;<\/strong> Industrie chimique inorganique<br \/>\n<strong>&#8211;<\/strong> Industrie pharmaceutique<br \/>\n<strong>&#8211;<\/strong> Biological risks<br \/>\n<strong>&#8211;<\/strong> Epidemics &amp; virus<br \/>\n<strong>&#8211;<\/strong> Industrie p\u00e9troli\u00e8re<br \/>\n<strong>&#8211;<\/strong> Eclaboussures pressuris\u00e9es<br \/>\n<strong>&#8211;<\/strong> D\u00e9contamination<br \/>\n<strong>&#8211;<\/strong> traitement des eaux us\u00e9es<br \/>\n<strong>SECTEURS<\/strong><br \/>\n<strong>&#8211;<\/strong> Agriculture, sylviculture et p\u00eache<br \/>\n<strong>&#8211;<\/strong> Industries lourdes et de process<br \/>\n<strong>&#8211;<\/strong> Infrastructures, BTP, TP<br \/>\n<strong>&#8211;<\/strong> Services et distribution (magasins, h\u00f4tels\/restaurants, nettoyage, garages\u2026)<br \/>\n<strong>CONDITIONNEMENT DE VENTE<\/strong><br \/>\n<strong>&#8211;<\/strong> Emballage individuel<br \/>\n<strong>NORME(S)<\/strong><br \/>\nCet \u00e9quipement est conforme au mod\u00e8le de l&rsquo;\u00e9quipement de protection individuelle ayant fait l&rsquo;objet de l&rsquo;attestation CE de type <strong>CE 0853190214-01-00.<br \/>\n<\/strong>D\u00e9livr\u00e9 par<strong> Centrocot<br \/>\nEN13034:2005 + A1:2009 Type 6<br \/>\nEN ISO 13982-1:2004 + A1:2010 Type 5<br \/>\nEN14605:2005 + A1:2009 Type 4<br \/>\nEN14605:2005 + A1:2009 Type 3<br \/>\nEN1149-5:2008<br \/>\nEN14126:2003<br \/>\nEN1073-2:2002<br \/>\nEN ISO 13688:2013<br \/>\nEN1149-5:2018<\/strong><\/p>\n","protected":false},"excerpt":{"rendered":"<p><strong>&#8211; Couleur : Jaune.<\/strong><br \/>\n<strong>&#8211; Mati\u00e8re : Polyethylene lamin\u00e9 + 3 couches de polypropylene.<\/strong><br \/>\n<strong>&#8211; Grammage : 90 g\/m2.<\/strong><br \/>\n<strong>&#8211; Fermeture : Fermeture centrale \u00e0 glissi\u00e8re avec double rabat adh\u00e9sif.<\/strong><br \/>\n<strong>&#8211; Cagoule : Cagoule \u00e9lastiqu\u00e9e 3 pans.<\/strong><br \/>\n<strong>&#8211; Taille \u00e9lastiqu\u00e9e.<\/strong><br \/>\n<strong>&#8211; Serrage poignet \u00e9lastiqu\u00e9.<\/strong><br \/>\n<strong>&#8211; Passe pouce \u00e9lastiqu\u00e9.<\/strong><br \/>\n<strong>&#8211; Serrage cheville \u00e9lastiqu\u00e9.<\/strong><br \/>\n<strong>&#8211; Etrier \u00e9lastiqu\u00e9.<\/strong><\/p>\n<p><a href=\"https:\/\/prosafedz.com\/fr\/wp-content\/uploads\/2023\/07\/MO44805.pdf\" target=\"_blank\" rel=\"noopener noreferrer\"><button style=\"background-color: #90a96b; font-seize: 20px;\"><strong>T\u00e9l\u00e9charger La Fiche Technique<\/strong><\/button><\/a><\/p>\n","protected":false},"featured_media":34641,"template":"","meta":[],"product_brand":[],"product_cat":[876],"product_tag":[],"class_list":{"0":"post-34639","1":"product","2":"type-product","3":"status-publish","4":"has-post-thumbnail","6":"product_cat-6-8-vetement-a-usage-unique","7":"yith_product_brand-coverguard","9":"first","10":"instock","11":"shipping-taxable","12":"product-type-simple"},"_links":{"self":[{"href":"https:\/\/prosafedz.com\/fr\/wp-json\/wp\/v2\/product\/34639","targetHints":{"allow":["GET"]}}],"collection":[{"href":"https:\/\/prosafedz.com\/fr\/wp-json\/wp\/v2\/product"}],"about":[{"href":"https:\/\/prosafedz.com\/fr\/wp-json\/wp\/v2\/types\/product"}],"wp:featuredmedia":[{"embeddable":true,"href":"https:\/\/prosafedz.com\/fr\/wp-json\/wp\/v2\/media\/34641"}],"wp:attachment":[{"href":"https:\/\/prosafedz.com\/fr\/wp-json\/wp\/v2\/media?parent=34639"}],"wp:term":[{"taxonomy":"product_brand","embeddable":true,"href":"https:\/\/prosafedz.com\/fr\/wp-json\/wp\/v2\/product_brand?post=34639"},{"taxonomy":"product_cat","embeddable":true,"href":"https:\/\/prosafedz.com\/fr\/wp-json\/wp\/v2\/product_cat?post=34639"},{"taxonomy":"product_tag","embeddable":true,"href":"https:\/\/prosafedz.com\/fr\/wp-json\/wp\/v2\/product_tag?post=34639"}],"curies":[{"name":"wp","href":"https:\/\/api.w.org\/{rel}","templated":true}]}}