{"id":34622,"date":"2023-06-22T15:51:39","date_gmt":"2023-06-22T13:51:39","guid":{"rendered":"https:\/\/prosafedz.com\/fr\/?post_type=product&#038;p=34622"},"modified":"2023-06-22T15:51:39","modified_gmt":"2023-06-22T13:51:39","slug":"smart-gilet-de-travail-polycoton-ref-8smws","status":"publish","type":"product","link":"https:\/\/prosafedz.com\/fr\/produit\/smart-gilet-de-travail-polycoton-ref-8smws\/","title":{"rendered":"SMART Gilet de travail PolyCoton R\u00e9f 8SMWS"},"content":{"rendered":"<p><strong>CONDITIONNEMENT DE VENTE<br \/>\n&#8211;<\/strong> 10 Pi\u00e8ces par 1 Carton<\/p>\n","protected":false},"excerpt":{"rendered":"<p><strong>&#8211; Mat\u00e9riaux : 60% Coton \/ 40% Polyester.<\/strong><\/p>\n<p><strong>&#8211; COLE : Mandarin avec scratch.<\/strong><\/p>\n<p><strong>&#8211; Fermeture : Fermeture \u00e0 glissi\u00e8re YKK.<\/strong><\/p>\n<p><strong>&#8211; Poches : 1 poches \u00e0 l\u2019avant avec fermeture \u00e0 glissi\u00e8re, 2 poche poitrine, 2 Portes-stylo, 1 poche int\u00e9rieure, 2 poches basses avec scratch.<\/strong><\/p>\n<p><strong>&#8211; Taille : Elastique et ajustable avec bouton press.<\/strong><\/p>\n<p><strong>&#8211; Coutures : Triple avec points de renfort.<\/strong><\/p>\n<p><strong>&#8211; Bande r\u00e9tro-r\u00e9fl\u00e9chissante.<\/strong><\/p>\n<p><strong>&#8211; Renforcement : Cordura renforcement.<\/strong><\/p>\n<p><a href=\"https:\/\/prosafedz.com\/fr\/wp-content\/uploads\/2023\/06\/8SMWS.pdf\" target=\"_blank\" rel=\"noopener noreferrer\"><button style=\"background-color: #90a96b; font-seize: 20px;\"><strong>T\u00e9l\u00e9charger La Fiche Technique<\/strong><\/button><\/a><\/p>\n","protected":false},"featured_media":34624,"template":"","meta":[],"product_brand":[],"product_cat":[64],"product_tag":[],"class_list":{"0":"post-34622","1":"product","2":"type-product","3":"status-publish","4":"has-post-thumbnail","6":"product_cat-6-3-gilets-de-travail","7":"yith_product_brand-coverguard","8":"yith_product_brand-coverguard-workwear","10":"first","11":"instock","12":"shipping-taxable","13":"product-type-simple"},"_links":{"self":[{"href":"https:\/\/prosafedz.com\/fr\/wp-json\/wp\/v2\/product\/34622","targetHints":{"allow":["GET"]}}],"collection":[{"href":"https:\/\/prosafedz.com\/fr\/wp-json\/wp\/v2\/product"}],"about":[{"href":"https:\/\/prosafedz.com\/fr\/wp-json\/wp\/v2\/types\/product"}],"wp:featuredmedia":[{"embeddable":true,"href":"https:\/\/prosafedz.com\/fr\/wp-json\/wp\/v2\/media\/34624"}],"wp:attachment":[{"href":"https:\/\/prosafedz.com\/fr\/wp-json\/wp\/v2\/media?parent=34622"}],"wp:term":[{"taxonomy":"product_brand","embeddable":true,"href":"https:\/\/prosafedz.com\/fr\/wp-json\/wp\/v2\/product_brand?post=34622"},{"taxonomy":"product_cat","embeddable":true,"href":"https:\/\/prosafedz.com\/fr\/wp-json\/wp\/v2\/product_cat?post=34622"},{"taxonomy":"product_tag","embeddable":true,"href":"https:\/\/prosafedz.com\/fr\/wp-json\/wp\/v2\/product_tag?post=34622"}],"curies":[{"name":"wp","href":"https:\/\/api.w.org\/{rel}","templated":true}]}}