{"id":34603,"date":"2023-06-21T14:24:08","date_gmt":"2023-06-21T12:24:08","guid":{"rendered":"https:\/\/prosafedz.com\/fr\/?post_type=product&#038;p=34603"},"modified":"2025-02-16T09:45:57","modified_gmt":"2025-02-16T08:45:57","slug":"gant-nitrile-bleu-non-poudre-ref-1nitl20","status":"publish","type":"product","link":"https:\/\/prosafedz.com\/fr\/produit\/gant-nitrile-bleu-non-poudre-ref-1nitl20\/","title":{"rendered":"Gant Nitrile bleu non poudr\u00e9 R\u00e9f 1NITL20"},"content":{"rendered":"<p><strong>LES + :<\/strong><\/p>\n<p><strong>&#8211; Bonne dext\u00e9rit\u00e9.<\/strong><br \/>\n<strong>&#8211; Confort et souplesse.<\/strong><br \/>\n<strong>&#8211; R\u00e9sistance m\u00e9canique.<\/strong><br \/>\n<strong>&#8211; Contact alimentaire.<\/strong><br \/>\n<strong>&#8211; \u00c9tanch\u00e9it\u00e9.<\/strong><\/p>\n<p><strong>EXEMPLES D\u2019APPLICATIONS<br \/>\n&#8211;<\/strong> Pr\u00e9paration (cuisine, laboratoires,\u2026)<br \/>\n<strong>&#8211;<\/strong> Nettoyage<br \/>\n<strong>&#8211;<\/strong> Manutention d&rsquo;objets<br \/>\n<strong>&#8211;<\/strong> Manutention de liquides (laboratoires,\u2026)<br \/>\n<strong>&#8211;<\/strong> Soins m\u00e9dicaux non st\u00e9riles<br \/>\n<strong>&#8211;<\/strong> Manipulation de peinture, solvants, liquides (non toxiques)<br \/>\n<strong>SECTEURS<\/strong><br \/>\n<strong>&#8211;<\/strong> Agriculture, sylviculture et p\u00eache<br \/>\n<strong>&#8211;<\/strong> Industrie agro-alimentaire<br \/>\n<strong>&#8211;<\/strong> Collectivit\u00e9s (maintenance, entretien d\u2019espaces verts, collecte des d\u00e9chets\u2026)<br \/>\n<strong>&#8211;<\/strong> Maintenance<br \/>\n<strong>&#8211;<\/strong> Second-\u0153uvre du b\u00e2timent<br \/>\n<strong>&#8211;<\/strong> Services et distribution (magasins, h\u00f4tels\/restaurants, nettoyage, garages\u2026)<br \/>\n<strong>CONDITIONNEMENT DE VENTE<\/strong><br \/>\n<strong>&#8211;<\/strong> Boite de 100 gants<br \/>\n<strong>NORME(S)<\/strong><br \/>\nCe gant est conforme au mod\u00e8le de l&rsquo;\u00e9quipement de protection individuelle ayant fait l&rsquo;objet de l&rsquo;attestation CE de type <strong>21\/3733\/00\/0161.<br \/>\n<\/strong>D\u00e9livr\u00e9 par<strong> AITEX<br \/>\nEN420:2003 + A1:2009<br \/>\nEN374-1:2016<br \/>\nEN ISO 374-5:2016<br \/>\nFood contact<\/strong><\/p>\n","protected":false},"excerpt":{"rendered":"<p><strong>&#8211; Boite de 100 gants nitrile bleu.<\/strong><\/p>\n<p><strong>&#8211; Non poudr\u00e9.<\/strong><\/p>\n<p><strong>&#8211; Non st\u00e9rile.<\/strong><\/p>\n<p><strong>&#8211; Poignet bord roul\u00e9.<\/strong><\/p>\n<p><strong>&#8211; Epaisseur 0,07mm.<\/strong><\/p>\n<p><strong>&#8211; Longueur 240mm<\/strong><\/p>\n<p><a href=\"https:\/\/prosafedz.com\/fr\/wp-content\/uploads\/2023\/06\/1NITL20.pdf\" target=\"_blank\" rel=\"noopener noreferrer\"><button style=\"background-color: #90a96b; font-seize: 20px;\"><strong>T\u00e9l\u00e9charger La Fiche Technique<\/strong><\/button><\/a><\/p>\n","protected":false},"featured_media":34605,"template":"","meta":[],"product_brand":[],"product_cat":[223],"product_tag":[],"class_list":{"0":"post-34603","1":"product","2":"type-product","3":"status-publish","4":"has-post-thumbnail","6":"product_cat-5-7-gants-a-usage-unique","7":"yith_product_brand-coverguard","8":"yith_product_brand-eurotechnique","10":"first","11":"instock","12":"shipping-taxable","13":"product-type-simple"},"_links":{"self":[{"href":"https:\/\/prosafedz.com\/fr\/wp-json\/wp\/v2\/product\/34603","targetHints":{"allow":["GET"]}}],"collection":[{"href":"https:\/\/prosafedz.com\/fr\/wp-json\/wp\/v2\/product"}],"about":[{"href":"https:\/\/prosafedz.com\/fr\/wp-json\/wp\/v2\/types\/product"}],"wp:featuredmedia":[{"embeddable":true,"href":"https:\/\/prosafedz.com\/fr\/wp-json\/wp\/v2\/media\/34605"}],"wp:attachment":[{"href":"https:\/\/prosafedz.com\/fr\/wp-json\/wp\/v2\/media?parent=34603"}],"wp:term":[{"taxonomy":"product_brand","embeddable":true,"href":"https:\/\/prosafedz.com\/fr\/wp-json\/wp\/v2\/product_brand?post=34603"},{"taxonomy":"product_cat","embeddable":true,"href":"https:\/\/prosafedz.com\/fr\/wp-json\/wp\/v2\/product_cat?post=34603"},{"taxonomy":"product_tag","embeddable":true,"href":"https:\/\/prosafedz.com\/fr\/wp-json\/wp\/v2\/product_tag?post=34603"}],"curies":[{"name":"wp","href":"https:\/\/api.w.org\/{rel}","templated":true}]}}