{"id":34588,"date":"2023-06-11T16:44:26","date_gmt":"2023-06-11T14:44:26","guid":{"rendered":"https:\/\/prosafedz.com\/fr\/?post_type=product&#038;p=34588"},"modified":"2024-08-14T09:52:45","modified_gmt":"2024-08-14T07:52:45","slug":"power-sabot-de-travail-pvc-sra-ref-epi-pow-w","status":"publish","type":"product","link":"https:\/\/prosafedz.com\/fr\/produit\/power-sabot-de-travail-pvc-sra-ref-epi-pow-w\/","title":{"rendered":"POWER Sabot de travail PVC SRA R\u00e9f EPI POW-W"},"content":{"rendered":"<p><strong>LES + :<\/strong><\/p>\n<p><strong>&#8211; FACILE \u00c0 CHAUSSER ET D\u00c9CHAUSSER.<\/strong><br \/>\n<strong>&#8211; SEMELLE D&rsquo;USURE R\u00c9SISTANTE AUX HUILES ET HYDROCARBURES.<\/strong><\/p>\n<p><strong>DOMAINES D&rsquo;UTILISATION<br \/>\n&#8211; <\/strong>Industrie agro-alimentaire<br \/>\n<strong>&#8211;<\/strong> Collectivit\u00e9s (maintenance, entretien d\u2019espaces verts, collecte des d\u00e9chets\u2026)<br \/>\n<strong>&#8211;<\/strong> Industries l\u00e9g\u00e8res (textile, cuir, plasturgie, caoutchouc, meubles, luxe\u2026)<br \/>\n<strong>&#8211;<\/strong> Industries lourdes et de process<br \/>\n<strong>&#8211;<\/strong> Hygi\u00e8ne<br \/>\n<strong>&#8211;<\/strong> Sant\u00e9 et pharmaceutique<br \/>\n<strong>CARACT\u00c9RISTIQUES TECHNIQUES<br \/>\n&#8211;<\/strong> Couleur : Blanc<br \/>\n<strong>&#8211;<\/strong> Couleur 2 : Bleu<br \/>\n<strong>&#8211;<\/strong> Tige : PVC vierge<br \/>\n<strong>&#8211;<\/strong> Semelle d&rsquo;usure : PVC vierge<br \/>\n<strong>NORME(S)<br \/>\nSRA : Semelle d&rsquo;usure antid\u00e9rapante sur sol carrel\u00e9 recouvert de d\u00e9tergent<\/strong><\/p>\n","protected":false},"excerpt":{"rendered":"<p><strong>POWER est un sabot de travail en PVC. Ce mod\u00e8le est isolant contre le froid par son semelage. Sa semelle ext\u00e9rieure \u00e9galement en PVC est antid\u00e9rapante sur sol c\u00e9ramique et r\u00e9sistante aux hydrocarbures.<\/strong><\/p>\n<p><strong>Ce mod\u00e8le n\u2019est pas \u00e9quip\u00e9 de coque de protection, ni de semelle intercalaire contre la perforation.<\/strong><\/p>\n<p><a href=\"https:\/\/prosafedz.com\/fr\/wp-content\/uploads\/2023\/06\/EPI-POW-W.pdf\" target=\"_blank\" rel=\"noopener noreferrer\"><button style=\"background-color: #90a96b; font-seize: 20px;\"><strong>T\u00e9l\u00e9charger La Fiche Technique<\/strong><\/button><\/a><\/p>\n","protected":false},"featured_media":34590,"template":"","meta":[],"product_brand":[],"product_cat":[813,40,811],"product_tag":[],"class_list":{"0":"post-34588","1":"product","2":"type-product","3":"status-publish","4":"has-post-thumbnail","6":"product_cat-7-5-bottes-de-securite","7":"product_cat-7-2-chaussures-basse","8":"product_cat-7-6-chaussures-blanchesagro-alim","9":"yith_product_brand-europlast","10":"yith_product_brand-europrotection","12":"first","13":"instock","14":"shipping-taxable","15":"product-type-simple"},"_links":{"self":[{"href":"https:\/\/prosafedz.com\/fr\/wp-json\/wp\/v2\/product\/34588","targetHints":{"allow":["GET"]}}],"collection":[{"href":"https:\/\/prosafedz.com\/fr\/wp-json\/wp\/v2\/product"}],"about":[{"href":"https:\/\/prosafedz.com\/fr\/wp-json\/wp\/v2\/types\/product"}],"wp:featuredmedia":[{"embeddable":true,"href":"https:\/\/prosafedz.com\/fr\/wp-json\/wp\/v2\/media\/34590"}],"wp:attachment":[{"href":"https:\/\/prosafedz.com\/fr\/wp-json\/wp\/v2\/media?parent=34588"}],"wp:term":[{"taxonomy":"product_brand","embeddable":true,"href":"https:\/\/prosafedz.com\/fr\/wp-json\/wp\/v2\/product_brand?post=34588"},{"taxonomy":"product_cat","embeddable":true,"href":"https:\/\/prosafedz.com\/fr\/wp-json\/wp\/v2\/product_cat?post=34588"},{"taxonomy":"product_tag","embeddable":true,"href":"https:\/\/prosafedz.com\/fr\/wp-json\/wp\/v2\/product_tag?post=34588"}],"curies":[{"name":"wp","href":"https:\/\/api.w.org\/{rel}","templated":true}]}}