{"id":34548,"date":"2023-05-30T11:43:53","date_gmt":"2023-05-30T09:43:53","guid":{"rendered":"https:\/\/prosafedz.com\/fr\/?post_type=product&#038;p=34548"},"modified":"2024-09-15T16:17:31","modified_gmt":"2024-09-15T14:17:31","slug":"marble-haute-s3-src-ref-9marh","status":"publish","type":"product","link":"https:\/\/prosafedz.com\/fr\/produit\/marble-haute-s3-src-ref-9marh\/","title":{"rendered":"MARBLE Haute S3 SRC R\u00e9f 9MARH"},"content":{"rendered":"<p><strong>LES + :<\/strong><\/p>\n<p><strong>&#8211; Bracelet et languette \u00e0 soufflet rembourr\u00e9s pour un meilleur maintien.<\/strong><br \/>\n<strong>&#8211; Renfort anti-torsion de la voute plantaire.<\/strong><\/p>\n<p><strong>EXEMPLES D\u2019APPLICATIONS<br \/>\n&#8211;<\/strong> Ma\u00e7on<br \/>\n<strong>&#8211;<\/strong> Couvreur<br \/>\n<strong>&#8211;<\/strong> Agent de piste<br \/>\n<strong>&#8211;<\/strong> Bagagiste tractoriste<br \/>\n<strong>&#8211;<\/strong> Conducteur de travaux<br \/>\n<strong>&#8211;<\/strong> Docker<br \/>\n<strong>SECTEURS<\/strong><br \/>\n<strong>&#8211;<\/strong> Exploitation mini\u00e8re<br \/>\n<strong>&#8211;<\/strong> Industries extractives (p\u00e9trole, gas)<br \/>\n<strong>&#8211;<\/strong> Energie<br \/>\n<strong>&#8211;<\/strong> Infrastructures, BTP, TP<br \/>\n<strong>NORME(S)<\/strong><br \/>\nCette chaussure est conforme au mod\u00e8le de l&rsquo;\u00e9quipement de protection individuelle ayant fait l&rsquo;objet de l&rsquo;attestation CE de type <strong>LEC FI00338957.<br \/>\n<\/strong>D\u00e9livr\u00e9e par<strong> INTERTEK<br \/>\nEN ISO 20345:2011<\/strong><\/p>\n","protected":false},"excerpt":{"rendered":"<p><strong>La MARBLE est une chaussure de s\u00e9curit\u00e9 montante en Nubuck antid\u00e9rapante sur sols acier et c\u00e9ramique. Pour une protection plus compl\u00e8te son prot\u00e8ge mall\u00e9ole et sa languette sont matelass\u00e9s. <\/strong><strong>Parall\u00e8lement \u00e0 sa semelle antistatique et r\u00e9sistante aux hydrocarbures, elle est \u00e9quip\u00e9e d\u2019une coque de protection en composite et d\u2019une semelle anti perforation en textile qui favorisent sa l\u00e9g\u00e8ret\u00e9 et sa souplesse.<\/strong><\/p>\n<p><a href=\"https:\/\/prosafedz.com\/fr\/wp-content\/uploads\/2023\/05\/9MARH.pdf\" target=\"_blank\" rel=\"noopener noreferrer\"><button style=\"background-color: #90a96b; font-seize: 20px;\"><strong>T\u00e9l\u00e9charger La Fiche Technique<\/strong><\/button><\/a><\/p>\n","protected":false},"featured_media":34550,"template":"","meta":[],"product_brand":[],"product_cat":[776],"product_tag":[],"class_list":{"0":"post-34548","1":"product","2":"type-product","3":"status-publish","4":"has-post-thumbnail","6":"product_cat-7-1-chaussures-hautes","7":"yith_product_brand-coverguard","9":"first","10":"instock","11":"shipping-taxable","12":"product-type-simple"},"_links":{"self":[{"href":"https:\/\/prosafedz.com\/fr\/wp-json\/wp\/v2\/product\/34548","targetHints":{"allow":["GET"]}}],"collection":[{"href":"https:\/\/prosafedz.com\/fr\/wp-json\/wp\/v2\/product"}],"about":[{"href":"https:\/\/prosafedz.com\/fr\/wp-json\/wp\/v2\/types\/product"}],"wp:featuredmedia":[{"embeddable":true,"href":"https:\/\/prosafedz.com\/fr\/wp-json\/wp\/v2\/media\/34550"}],"wp:attachment":[{"href":"https:\/\/prosafedz.com\/fr\/wp-json\/wp\/v2\/media?parent=34548"}],"wp:term":[{"taxonomy":"product_brand","embeddable":true,"href":"https:\/\/prosafedz.com\/fr\/wp-json\/wp\/v2\/product_brand?post=34548"},{"taxonomy":"product_cat","embeddable":true,"href":"https:\/\/prosafedz.com\/fr\/wp-json\/wp\/v2\/product_cat?post=34548"},{"taxonomy":"product_tag","embeddable":true,"href":"https:\/\/prosafedz.com\/fr\/wp-json\/wp\/v2\/product_tag?post=34548"}],"curies":[{"name":"wp","href":"https:\/\/api.w.org\/{rel}","templated":true}]}}