{"id":34340,"date":"2023-02-20T13:53:04","date_gmt":"2023-02-20T12:53:04","guid":{"rendered":"https:\/\/prosafedz.com\/fr\/?post_type=product&#038;p=34340"},"modified":"2024-04-23T17:12:11","modified_gmt":"2024-04-23T15:12:11","slug":"securite-parka-100-polyester-ref-5sec010","status":"publish","type":"product","link":"https:\/\/prosafedz.com\/fr\/produit\/securite-parka-100-polyester-ref-5sec010\/","title":{"rendered":"SECURITE Parka 100% Polyester Noire R\u00e9f 5SEC010"},"content":{"rendered":"<p><strong>LES + :<\/strong><\/p>\n<p><strong>&#8211; Pratique : multipoches.<\/strong><br \/>\n<strong>&#8211; Visibilit\u00e9 mod\u00e9r\u00e9e : EN 17353.<\/strong><br \/>\n<strong>&#8211; Conserve la chaleur : matelassage \u00e9lev\u00e9.<\/strong><\/p>\n<p><strong>CONDITIONNEMENT DE VENTE<br \/>\n&#8211;<\/strong> Emballage individuel<br \/>\n<strong>NORME(S)<\/strong><br \/>\nD\u00e9livr\u00e9 par <strong>SATRA Technology Europe Ltd.<br \/>\nEN14058:2017<br \/>\nEN17353:2020<br \/>\nEN343:2019<\/strong><\/p>\n","protected":false},"excerpt":{"rendered":"<p><strong>&#8211; Couleur : Noir.<\/strong><\/p>\n<p><strong>&#8211; Mati\u00e8re : OXFORD: 100% Polyester enduit Polyur\u00e9thane &#8211; 300D.<\/strong><\/p>\n<p><strong>&#8211; Bandes : BANDES R\u00c9TROR\u00c9FL\u00c9CHISSANTES: Bandes cousues microbilles: 5cm.<\/strong><\/p>\n<p><strong>&#8211; Imperm\u00e9abilit\u00e9 : 2 000 mm.<\/strong><\/p>\n<p><strong>&#8211; Capuche : Capuche fixe en Oxford int\u00e9gr\u00e9e dans le col + visi\u00e8re \/ Capuche avec cordon de serrage \u00e9lastique.<\/strong><\/p>\n<p><strong>&#8211; Col : Col montant doubl\u00e9 en polaire.<\/strong><\/p>\n<p><strong>&#8211; Fermeture : Zip central sous rabat \u00e0 scratchs.<\/strong><\/p>\n<p><strong>&#8211; Poches : 1 poche poitrine zipp\u00e9e sous passepoil \/ 2 poches basses plaqu\u00e9es \u00e0 rabat ferm\u00e9 par scratch \/ 2 poches basses repose mains \/ 1 poche Napol\u00e9on \/ 2 poches plaqu\u00e9es int\u00e9rieures ferm\u00e9es par scratch.<\/strong><\/p>\n<p><a href=\"http:\/\/prosafedz.com\/fr\/wp-content\/uploads\/2023\/02\/5SEC010.pdf\" target=\"_blank\" rel=\"noopener noreferrer\"><button style=\"background-color: #90a96b; font-seize: 20px;\"><strong>T\u00e9l\u00e9charger La Fiche Technique<\/strong><\/button><\/a><\/p>\n","protected":false},"featured_media":34342,"template":"","meta":[],"product_brand":[],"product_cat":[42,79],"product_tag":[],"class_list":{"0":"post-34340","1":"product","2":"type-product","3":"status-publish","4":"has-post-thumbnail","6":"product_cat-6-6-haute-visibilite","7":"product_cat-6-7-vetements-dhiver","8":"yith_product_brand-coverguard","10":"first","11":"instock","12":"shipping-taxable","13":"product-type-simple"},"_links":{"self":[{"href":"https:\/\/prosafedz.com\/fr\/wp-json\/wp\/v2\/product\/34340","targetHints":{"allow":["GET"]}}],"collection":[{"href":"https:\/\/prosafedz.com\/fr\/wp-json\/wp\/v2\/product"}],"about":[{"href":"https:\/\/prosafedz.com\/fr\/wp-json\/wp\/v2\/types\/product"}],"wp:featuredmedia":[{"embeddable":true,"href":"https:\/\/prosafedz.com\/fr\/wp-json\/wp\/v2\/media\/34342"}],"wp:attachment":[{"href":"https:\/\/prosafedz.com\/fr\/wp-json\/wp\/v2\/media?parent=34340"}],"wp:term":[{"taxonomy":"product_brand","embeddable":true,"href":"https:\/\/prosafedz.com\/fr\/wp-json\/wp\/v2\/product_brand?post=34340"},{"taxonomy":"product_cat","embeddable":true,"href":"https:\/\/prosafedz.com\/fr\/wp-json\/wp\/v2\/product_cat?post=34340"},{"taxonomy":"product_tag","embeddable":true,"href":"https:\/\/prosafedz.com\/fr\/wp-json\/wp\/v2\/product_tag?post=34340"}],"curies":[{"name":"wp","href":"https:\/\/api.w.org\/{rel}","templated":true}]}}