{"id":34198,"date":"2022-12-13T13:16:02","date_gmt":"2022-12-13T12:16:02","guid":{"rendered":"https:\/\/prosafedz.com\/fr\/?post_type=product&#038;p=34198"},"modified":"2024-04-23T17:02:56","modified_gmt":"2024-04-23T15:02:56","slug":"schorl-haute-s3-src-ref-9schh10","status":"publish","type":"product","link":"https:\/\/prosafedz.com\/fr\/produit\/schorl-haute-s3-src-ref-9schh10\/","title":{"rendered":"SCHORL Haute S3 SRC R\u00e9f 9SCHH10"},"content":{"rendered":"<p><strong>LES + :<\/strong><\/p>\n<p><strong>&#8211; Design sport.<\/strong><br \/>\n<strong>&#8211; Sans m\u00e9tal.<\/strong><br \/>\n<strong>&#8211; Garniture r\u00e9fl\u00e9chissante.<\/strong><br \/>\n<strong>&#8211; Talon d\u00e9croch\u00e9 et relev\u00e9.<\/strong><\/p>\n<p><strong>SECTEURS<br \/>\n&#8211; <\/strong>Industries l\u00e9g\u00e8res<br \/>\n<strong>&#8211;<\/strong> Second-oeuvre du b\u00e2timent<br \/>\n<strong>&#8211;<\/strong> Bricolage<br \/>\n<strong>&#8211;<\/strong> Transport (hors fabrication) et logistique<br \/>\n<strong>&#8211;<\/strong> Services et distribution (magasins, h\u00f4tels\/restaurants, nettoyage, garages\u2026)<br \/>\n<strong>NORME(S)<br \/>\nEN ISO 20345:2011<\/strong><\/p>\n","protected":false},"excerpt":{"rendered":"<p><strong>SCHORL est une basket de s\u00e9curit\u00e9 compos\u00e9e d&rsquo;une tige en polyester Oxford assurant une respirabilit\u00e9 optimale. Les renforts avant, lat\u00e9raux et arri\u00e8re en KPU procurent durabilit\u00e9 et long\u00e9vit\u00e9 accrues. Les bandes r\u00e9tro-r\u00e9fl\u00e9chissantes augmentent la s\u00e9curit\u00e9 de l&rsquo;utilisateur. Sans m\u00e9tal, cette chaussure est \u00e9quip\u00e9e d&rsquo;un embout de protection composite et d&rsquo;une semelle anti-perforation textile qui lui conf\u00e8rent une flexibilit\u00e9 et une isolation thermique optimales. Confort et r\u00e9sistance assur\u00e9s par la semelle ext\u00e9rieure cramponn\u00e9e en caoutchouc nitrile et la semelle interm\u00e9diaire en polyur\u00e9thane. SCHORL est adapt\u00e9e \u00e0 des utilisations normales en int\u00e9rieur comme en ext\u00e9rieur.<\/strong><\/p>\n<p><a href=\"http:\/\/prosafedz.com\/fr\/wp-content\/uploads\/2022\/12\/9SCHH10.pdf\" target=\"_blank\" rel=\"noopener noreferrer\"><button style=\"background-color: #90a96b; font-seize: 20px;\"><strong>T\u00e9l\u00e9charger La Fiche Technique<\/strong><\/button><\/a><\/p>\n","protected":false},"featured_media":34200,"template":"","meta":[],"product_brand":[],"product_cat":[779,776],"product_tag":[],"class_list":{"0":"post-34198","1":"product","2":"type-product","3":"status-publish","4":"has-post-thumbnail","6":"product_cat-7-4-baskets-de-securite","7":"product_cat-7-1-chaussures-hautes","8":"yith_product_brand-coverguard","10":"first","11":"instock","12":"shipping-taxable","13":"product-type-simple"},"_links":{"self":[{"href":"https:\/\/prosafedz.com\/fr\/wp-json\/wp\/v2\/product\/34198","targetHints":{"allow":["GET"]}}],"collection":[{"href":"https:\/\/prosafedz.com\/fr\/wp-json\/wp\/v2\/product"}],"about":[{"href":"https:\/\/prosafedz.com\/fr\/wp-json\/wp\/v2\/types\/product"}],"wp:featuredmedia":[{"embeddable":true,"href":"https:\/\/prosafedz.com\/fr\/wp-json\/wp\/v2\/media\/34200"}],"wp:attachment":[{"href":"https:\/\/prosafedz.com\/fr\/wp-json\/wp\/v2\/media?parent=34198"}],"wp:term":[{"taxonomy":"product_brand","embeddable":true,"href":"https:\/\/prosafedz.com\/fr\/wp-json\/wp\/v2\/product_brand?post=34198"},{"taxonomy":"product_cat","embeddable":true,"href":"https:\/\/prosafedz.com\/fr\/wp-json\/wp\/v2\/product_cat?post=34198"},{"taxonomy":"product_tag","embeddable":true,"href":"https:\/\/prosafedz.com\/fr\/wp-json\/wp\/v2\/product_tag?post=34198"}],"curies":[{"name":"wp","href":"https:\/\/api.w.org\/{rel}","templated":true}]}}