{"id":34193,"date":"2022-12-07T14:49:15","date_gmt":"2022-12-07T13:49:15","guid":{"rendered":"https:\/\/prosafedz.com\/fr\/?post_type=product&#038;p=34193"},"modified":"2024-09-15T16:17:43","modified_gmt":"2024-09-15T14:17:43","slug":"okenite-haute-s2-src-ref-9okeh","status":"publish","type":"product","link":"https:\/\/prosafedz.com\/fr\/produit\/okenite-haute-s2-src-ref-9okeh\/","title":{"rendered":"OKENITE Haute S2 SRC R\u00e9f 9OKEH"},"content":{"rendered":"<p><strong>LES + :<\/strong><\/p>\n<p><strong>&#8211; Facile \u00e0 mettre et \u00e0 enlever.<\/strong><br \/>\n<strong>&#8211; Rabat de protection.<\/strong><br \/>\n<strong>&#8211; Talon arrondi pour une conduite plus confortable.<\/strong><\/p>\n<p><strong>SECTEURS<br \/>\n&#8211; <\/strong>Industrie agro-alimentaire<br \/>\n<strong>&#8211;<\/strong> Collectivit\u00e9s (maintenance, entretien d\u2019espaces verts, collecte des d\u00e9chets\u2026)<br \/>\n<strong>&#8211;<\/strong> Second-\u0153uvre du b\u00e2timent<br \/>\n<strong>&#8211;<\/strong> Transport (hors fabrication) et logistique<br \/>\n<strong>NORME(S)<\/strong><br \/>\nCette chaussure est conforme au mod\u00e8le de l&rsquo;\u00e9quipement de protection individuelle ayant fait l&rsquo;objet de l&rsquo;attestation CE de type <strong>LEC FI00342732.<br \/>\n<\/strong>D\u00e9livr\u00e9 par INTERTEK.<br \/>\n<strong>EN ISO 20345:2011<\/strong><\/p>\n<p>&nbsp;<\/p>\n","protected":false},"excerpt":{"rendered":"<p><strong>&#8211; La chaussure de s\u00e9curit\u00e9 montante OKENITE est un mod\u00e8le sans lacets en microfibre de PU respirante, doubl\u00e9 d\u2019un filet respirant pour un confort d\u2019utilisation optimal tout au long de la journ\u00e9e.<\/strong><\/p>\n<p><strong>&#8211; Cette chaussure de s\u00e9curit\u00e9 sans m\u00e9tal garantit la s\u00e9curit\u00e9 du pied gr\u00e2ce \u00e0 un embout en composite \u00e0 l\u2019avant tout en conservant sa l\u00e9g\u00e8ret\u00e9.<\/strong><\/p>\n<p><strong>&#8211; Equip\u00e9 d\u2019une semelle antid\u00e9rapante et absorbant l\u2019\u00e9nergie par le talon, ce mod\u00e8le procure une grande stabilit\u00e9 \u00e0 son porteur.<\/strong><\/p>\n<p><a href=\"http:\/\/prosafedz.com\/fr\/wp-content\/uploads\/2022\/12\/9OKEH.pdf\" target=\"_blank\" rel=\"noopener noreferrer\"><button style=\"background-color: #90a96b; font-seize: 20px;\"><strong>T\u00e9l\u00e9charger La Fiche Technique<\/strong><\/button><\/a><\/p>\n","protected":false},"featured_media":34195,"template":"","meta":[],"product_brand":[],"product_cat":[811],"product_tag":[],"class_list":{"0":"post-34193","1":"product","2":"type-product","3":"status-publish","4":"has-post-thumbnail","6":"product_cat-7-6-chaussures-blanchesagro-alim","7":"yith_product_brand-coverguard","9":"first","10":"instock","11":"shipping-taxable","12":"product-type-simple"},"_links":{"self":[{"href":"https:\/\/prosafedz.com\/fr\/wp-json\/wp\/v2\/product\/34193","targetHints":{"allow":["GET"]}}],"collection":[{"href":"https:\/\/prosafedz.com\/fr\/wp-json\/wp\/v2\/product"}],"about":[{"href":"https:\/\/prosafedz.com\/fr\/wp-json\/wp\/v2\/types\/product"}],"wp:featuredmedia":[{"embeddable":true,"href":"https:\/\/prosafedz.com\/fr\/wp-json\/wp\/v2\/media\/34195"}],"wp:attachment":[{"href":"https:\/\/prosafedz.com\/fr\/wp-json\/wp\/v2\/media?parent=34193"}],"wp:term":[{"taxonomy":"product_brand","embeddable":true,"href":"https:\/\/prosafedz.com\/fr\/wp-json\/wp\/v2\/product_brand?post=34193"},{"taxonomy":"product_cat","embeddable":true,"href":"https:\/\/prosafedz.com\/fr\/wp-json\/wp\/v2\/product_cat?post=34193"},{"taxonomy":"product_tag","embeddable":true,"href":"https:\/\/prosafedz.com\/fr\/wp-json\/wp\/v2\/product_tag?post=34193"}],"curies":[{"name":"wp","href":"https:\/\/api.w.org\/{rel}","templated":true}]}}