{"id":34185,"date":"2022-11-28T16:14:08","date_gmt":"2022-11-28T15:14:08","guid":{"rendered":"https:\/\/prosafedz.com\/fr\/?post_type=product&#038;p=34185"},"modified":"2024-09-15T16:18:46","modified_gmt":"2024-09-15T14:18:46","slug":"basalt-haute-s3-src-hro-ref-9basa10","status":"publish","type":"product","link":"https:\/\/prosafedz.com\/fr\/produit\/basalt-haute-s3-src-hro-ref-9basa10\/","title":{"rendered":"BASALT Haute S3 SRC HRO R\u00e9f 9BASA10"},"content":{"rendered":"<p><strong>LES + :<\/strong><\/p>\n<p><strong>&#8211; Rabat de protection contre les projections incandescentes.<\/strong><br \/>\n<strong>&#8211; Surbout avant.<\/strong><br \/>\n<strong>&#8211; Renfort anti-torsion de la vo\u00fbte plantaire.<\/strong><br \/>\n<strong>&#8211; Talon d\u00e9croch\u00e9 pour une meilleure stabilit\u00e9 sur les \u00e9chelles.<\/strong><\/p>\n<p><strong>EXEMPLES D\u2019APPLICATIONS<br \/>\n&#8211;<\/strong> soudure<br \/>\n<strong>&#8211;<\/strong> fonderie<br \/>\n<strong>&#8211;<\/strong> m\u00e9tallurgie<br \/>\n<strong>NORME(S)<\/strong><br \/>\nCette chaussure est conforme au mod\u00e8le de l&rsquo;\u00e9quipement de protection individuelle ayant fait l&rsquo;objet de l&rsquo;attestation CE de type <strong>0075\/1747\/161\/03\/22\/0528.<br \/>\n<\/strong>D\u00e9livr\u00e9 par<strong> CTC (0075).<br \/>\nEN ISO 20345:2011<br \/>\nEN ISO 20349-2:2017 + A1:2020<\/strong><\/p>\n","protected":false},"excerpt":{"rendered":"<p><strong>&#8211; Le mod\u00e8le BASALT est une chaussure qui s\u2019adapte parfaitement aux exigences des m\u00e9tiers de soudure, fonderie ou m\u00e9tallurgie.<\/strong><\/p>\n<p><strong>&#8211; Il est \u00e0 la fois confortable et pratique gr\u00e2ce \u00e0 sa doublure en filet respirant et son syst\u00e8me de fermeture \u00e0 scratch qui permet un d\u00e9chaussage rapide.<\/strong><\/p>\n<p><strong>&#8211; Ses coutures en Kevlar ignifuges et sa semelle r\u00e9sistante aux tr\u00e8s hautes temp\u00e9ratures (jusqu\u2019\u00e0 300 \u00b0C pendant une minute) en font un outil id\u00e9al pour les travaux dans un milieu \u00e0 temp\u00e9rature extr\u00eamement \u00e9lev\u00e9e.<\/strong><\/p>\n<p><a href=\"http:\/\/prosafedz.com\/fr\/wp-content\/uploads\/2022\/11\/9BASA10.pdf\" target=\"_blank\" rel=\"noopener noreferrer\"><button style=\"background-color: #90a96b; font-seize: 20px;\"><strong>T\u00e9l\u00e9charger La Fiche Technique<\/strong><\/button><\/a><\/p>\n","protected":false},"featured_media":34187,"template":"","meta":[],"product_brand":[],"product_cat":[776],"product_tag":[],"class_list":{"0":"post-34185","1":"product","2":"type-product","3":"status-publish","4":"has-post-thumbnail","6":"product_cat-7-1-chaussures-hautes","8":"first","9":"instock","10":"shipping-taxable","11":"product-type-simple"},"_links":{"self":[{"href":"https:\/\/prosafedz.com\/fr\/wp-json\/wp\/v2\/product\/34185","targetHints":{"allow":["GET"]}}],"collection":[{"href":"https:\/\/prosafedz.com\/fr\/wp-json\/wp\/v2\/product"}],"about":[{"href":"https:\/\/prosafedz.com\/fr\/wp-json\/wp\/v2\/types\/product"}],"wp:featuredmedia":[{"embeddable":true,"href":"https:\/\/prosafedz.com\/fr\/wp-json\/wp\/v2\/media\/34187"}],"wp:attachment":[{"href":"https:\/\/prosafedz.com\/fr\/wp-json\/wp\/v2\/media?parent=34185"}],"wp:term":[{"taxonomy":"product_brand","embeddable":true,"href":"https:\/\/prosafedz.com\/fr\/wp-json\/wp\/v2\/product_brand?post=34185"},{"taxonomy":"product_cat","embeddable":true,"href":"https:\/\/prosafedz.com\/fr\/wp-json\/wp\/v2\/product_cat?post=34185"},{"taxonomy":"product_tag","embeddable":true,"href":"https:\/\/prosafedz.com\/fr\/wp-json\/wp\/v2\/product_tag?post=34185"}],"curies":[{"name":"wp","href":"https:\/\/api.w.org\/{rel}","templated":true}]}}