{"id":34178,"date":"2022-11-13T16:23:51","date_gmt":"2022-11-13T15:23:51","guid":{"rendered":"https:\/\/prosafedz.com\/fr\/?post_type=product&#038;p=34178"},"modified":"2022-11-13T16:23:51","modified_gmt":"2022-11-13T15:23:51","slug":"gant-manutention-generale-lourde-eurostrong-ref-2230","status":"publish","type":"product","link":"https:\/\/prosafedz.com\/fr\/produit\/gant-manutention-generale-lourde-eurostrong-ref-2230\/","title":{"rendered":"Gant manutention g\u00e9n\u00e9rale et lourde EUROSTRONG R\u00e9f 2230"},"content":{"rendered":"<p><strong>LES + :<\/strong><\/p>\n<p><strong>&#8211; Confort.<\/strong><br \/>\n<strong>&#8211; Souplesse.<\/strong><br \/>\n<strong>&#8211; Dext\u00e9rit\u00e9.<\/strong><\/p>\n<p><strong>EXEMPLES D&rsquo;APPLICATIONS<br \/>\n&#8211; <\/strong>Entretien des espaces verts<br \/>\n<strong>&#8211;<\/strong> d\u00e9m\u00e9nageurs<br \/>\n<strong>&#8211;<\/strong> mara\u00eechers<br \/>\n<strong>&#8211;<\/strong> manutentionnaires<br \/>\n<strong>&#8211;<\/strong> agriculteurs<br \/>\n<strong>&#8211;<\/strong> artisans<br \/>\n<strong>SECTEURS<br \/>\n&#8211;<\/strong> Exploitation mini\u00e8re<br \/>\n<strong>&#8211;<\/strong> Infrastructures, BTP, TP<br \/>\n<strong>&#8211;<\/strong> Second-\u0153uvre du b\u00e2timent<br \/>\n<strong>&#8211;<\/strong> Transport (hors fabrication) et logistique<br \/>\n<strong>NORME(S)<br \/>\n<\/strong>Ce gant est conforme au mod\u00e8le de l&rsquo;\u00e9quipement de protection individuelle ayant fait l&rsquo;objet de l&rsquo;attestation CE de type<strong> 2777\/12285-01\/E00-00.<br \/>\n<\/strong>D\u00e9livr\u00e9 par <strong>SATRA Technology Europe Ltd<br \/>\nEN420:2003 + A1:2009<\/strong><br \/>\n<strong>EN388:2016<\/strong><\/p>\n","protected":false},"excerpt":{"rendered":"<p><strong>&#8211; Gant de ma\u00eetrise en cuir tout fleur de vachette jaune.<\/strong><\/p>\n<p><strong>&#8211; Pouce palm\u00e9.<\/strong><\/p>\n<p><strong>&#8211; Elastique de serrage au dos du poignet.<\/strong><\/p>\n<p><a href=\"http:\/\/prosafedz.com\/fr\/wp-content\/uploads\/2022\/11\/MO2230.pdf\" target=\"_blank\" rel=\"noopener noreferrer\"><button style=\"background-color: #90a96b; font-seize: 20px;\"><strong>T\u00e9l\u00e9charger La Fiche Technique<\/strong><\/button><\/a><\/p>\n","protected":false},"featured_media":34180,"template":"","meta":[],"product_brand":[],"product_cat":[125,22],"product_tag":[],"class_list":{"0":"post-34178","1":"product","2":"type-product","3":"status-publish","4":"has-post-thumbnail","6":"product_cat-5-3-gants-de-manutention-docker-tricote","7":"product_cat-5-4-gants-maitrise","9":"first","10":"instock","11":"shipping-taxable","12":"product-type-simple"},"_links":{"self":[{"href":"https:\/\/prosafedz.com\/fr\/wp-json\/wp\/v2\/product\/34178","targetHints":{"allow":["GET"]}}],"collection":[{"href":"https:\/\/prosafedz.com\/fr\/wp-json\/wp\/v2\/product"}],"about":[{"href":"https:\/\/prosafedz.com\/fr\/wp-json\/wp\/v2\/types\/product"}],"wp:featuredmedia":[{"embeddable":true,"href":"https:\/\/prosafedz.com\/fr\/wp-json\/wp\/v2\/media\/34180"}],"wp:attachment":[{"href":"https:\/\/prosafedz.com\/fr\/wp-json\/wp\/v2\/media?parent=34178"}],"wp:term":[{"taxonomy":"product_brand","embeddable":true,"href":"https:\/\/prosafedz.com\/fr\/wp-json\/wp\/v2\/product_brand?post=34178"},{"taxonomy":"product_cat","embeddable":true,"href":"https:\/\/prosafedz.com\/fr\/wp-json\/wp\/v2\/product_cat?post=34178"},{"taxonomy":"product_tag","embeddable":true,"href":"https:\/\/prosafedz.com\/fr\/wp-json\/wp\/v2\/product_tag?post=34178"}],"curies":[{"name":"wp","href":"https:\/\/api.w.org\/{rel}","templated":true}]}}